{"id":101,"date":"2020-03-15T16:47:29","date_gmt":"2020-03-15T16:47:29","guid":{"rendered":"https:\/\/canoekayakbretagne.fr\/index.php\/le-crbck\/nos-partenaires\/"},"modified":"2022-01-17T00:07:18","modified_gmt":"2022-01-16T23:07:18","slug":"nos-partenaires","status":"publish","type":"page","link":"https:\/\/canoekayakbretagne.fr\/index.php\/nos-partenaires\/","title":{"rendered":"Nos partenaires"},"content":{"rendered":"\t\t<div data-elementor-type=\"wp-page\" data-elementor-id=\"101\" class=\"elementor elementor-101\">\n\t\t\t\t\t\t<section class=\"elementor-section elementor-top-section elementor-element elementor-element-5d3b52e0 elementor-section-boxed elementor-section-height-default elementor-section-height-default\" data-id=\"5d3b52e0\" data-element_type=\"section\" data-e-type=\"section\">\n\t\t\t\t\t\t<div class=\"elementor-container elementor-column-gap-default\">\n\t\t\t\t\t<div class=\"elementor-column elementor-col-100 elementor-top-column elementor-element elementor-element-47237a89\" data-id=\"47237a89\" data-element_type=\"column\" data-e-type=\"column\">\n\t\t\t<div class=\"elementor-widget-wrap elementor-element-populated\">\n\t\t\t\t\t\t<div class=\"elementor-element elementor-element-40407f9b elementor-widget elementor-widget-text-editor\" data-id=\"40407f9b\" data-element_type=\"widget\" data-e-type=\"widget\" data-widget_type=\"text-editor.default\">\n\t\t\t\t<div class=\"elementor-widget-container\">\n\t\t\t\t\t\t\t\t\t<h5><em>Pour faire partie de nos partenaires ou membres bienfaiteurs, toutes les infos en bas de cette page<\/em><\/h5><h3><strong>Nos partenaires institutionnels<\/strong><\/h3><p><em><u>Cliquez sur l\u2019ic\u00f4ne pour vous diriger sur leur site.<\/u><\/em><\/p><table><tbody><tr><td><a href=\"https:\/\/www.bretagne.bzh\/\"><img fetchpriority=\"high\" decoding=\"async\" class=\"alignnone size-medium wp-image-1764\" src=\"https:\/\/canoekayakbretagne.fr\/wp-content\/uploads\/2021\/11\/region-bretagne-logo-1-300x300.png\" alt=\"\" width=\"300\" height=\"300\" srcset=\"https:\/\/canoekayakbretagne.fr\/wp-content\/uploads\/2021\/11\/region-bretagne-logo-1.png 300w, https:\/\/canoekayakbretagne.fr\/wp-content\/uploads\/2021\/11\/region-bretagne-logo-1-150x150.png 150w, https:\/\/canoekayakbretagne.fr\/wp-content\/uploads\/2021\/11\/region-bretagne-logo-1-100x100.png 100w\" sizes=\"(max-width: 300px) 100vw, 300px\" \/><\/a><\/td><td><h5 style=\"font-style: normal;\"><a href=\"https:\/\/bretagne.drjscs.gouv.fr\/\"><em><img decoding=\"async\" class=\"alignnone size-medium wp-image-1765\" src=\"https:\/\/canoekayakbretagne.fr\/wp-content\/uploads\/2021\/11\/drajes-bretagne-logo-1-300x73.png\" alt=\"\" width=\"300\" height=\"73\" srcset=\"https:\/\/canoekayakbretagne.fr\/wp-content\/uploads\/2021\/11\/drajes-bretagne-logo-1-300x73.png 300w, https:\/\/canoekayakbretagne.fr\/wp-content\/uploads\/2021\/11\/drajes-bretagne-logo-1-600x146.png 600w, https:\/\/canoekayakbretagne.fr\/wp-content\/uploads\/2021\/11\/drajes-bretagne-logo-1.png 700w\" sizes=\"(max-width: 300px) 100vw, 300px\" \/><\/em><\/a><\/h5><\/td><td><a href=\"https:\/\/www.ffck.org\/\"><img decoding=\"async\" class=\"alignnone size-full wp-image-1766\" src=\"https:\/\/canoekayakbretagne.fr\/wp-content\/uploads\/2021\/11\/ffck-logo-1.png\" alt=\"\" width=\"166\" height=\"122\" \/><\/a><\/td><\/tr><\/tbody><\/table><h3><strong>Nos partenaires priv\u00e9s<\/strong><\/h3><p><em><u>Cliquez sur l\u2019ic\u00f4ne pour vous diriger sur leur site.<\/u><\/em><\/p><table><tbody><tr><td>\u00a0<\/td><td><a href=\"https:\/\/www.banquepopulaire.fr\/bpgo\/\"><img loading=\"lazy\" decoding=\"async\" class=\"alignnone wp-image-1771 size-medium\" src=\"https:\/\/canoekayakbretagne.fr\/wp-content\/uploads\/2021\/11\/banque-populaire-logo-1-300x61.png\" alt=\"Banque Populaire Grand Ouest\" width=\"300\" height=\"61\" srcset=\"https:\/\/canoekayakbretagne.fr\/wp-content\/uploads\/2021\/11\/banque-populaire-logo-1-300x61.png 300w, https:\/\/canoekayakbretagne.fr\/wp-content\/uploads\/2021\/11\/banque-populaire-logo-1.png 396w\" sizes=\"(max-width: 300px) 100vw, 300px\" \/><\/a><br \/>Partenaire au service des clubs<br \/>(co-financement de packs mat\u00e9riel)<\/td><td>\u00a0<\/td><\/tr><tr><td><a title=\"\\&quot;Reglisse\" href=\"http:\/\/www.reglisse-kayak.com\/fr\" target=\"\\&quot;_blank\\&quot;\" rel=\"\\&quot;noopener\\&quot;\"><img loading=\"lazy\" decoding=\"async\" class=\"alignnone size-medium wp-image-1769\" src=\"https:\/\/canoekayakbretagne.fr\/wp-content\/uploads\/2021\/11\/reglisse-kayak-logo-1-300x131.jpg\" alt=\"\" width=\"300\" height=\"131\" srcset=\"https:\/\/canoekayakbretagne.fr\/wp-content\/uploads\/2021\/11\/reglisse-kayak-logo-1-300x131.jpg 300w, https:\/\/canoekayakbretagne.fr\/wp-content\/uploads\/2021\/11\/reglisse-kayak-logo-1.jpg 340w\" sizes=\"(max-width: 300px) 100vw, 300px\" \/><\/a><\/td><td>\u00a0<\/td><td><a href=\"https:\/\/www.mack-kayak.com\/\"><img loading=\"lazy\" decoding=\"async\" class=\"alignnone size-medium wp-image-1770\" src=\"https:\/\/canoekayakbretagne.fr\/wp-content\/uploads\/2021\/11\/mack-kayak-logo-1-300x94.png\" alt=\"\" width=\"300\" height=\"94\" srcset=\"https:\/\/canoekayakbretagne.fr\/wp-content\/uploads\/2021\/11\/mack-kayak-logo-1-300x94.png 300w, https:\/\/canoekayakbretagne.fr\/wp-content\/uploads\/2021\/11\/mack-kayak-logo-1.png 401w\" sizes=\"(max-width: 300px) 100vw, 300px\" \/><\/a><\/td><\/tr><\/tbody><\/table><hr \/><h3><strong>Devenez partenaire ou membre bienfaiteur<\/strong><\/h3><p><a href=\"\\&quot;https:\/\/canoekayakbretagne.fr\/le-crbck\/nous-contacter\\&quot;\">Contactez-nous &#8230;<\/a><\/p><h4><strong>M\u00e9c\u00e8ne ou sponsor, faites partie de la grande famille du kayak et contribuer au d\u00e9veloppement de ses disciplines.<\/strong><\/h4><p>Vous souhaitez en savoir davantage, nous vous invitons \u00e0 lire :<\/p><ul><li><a href=\"\\&quot;https:\/\/web.archive.org\/web\/20190707235132\/http:\/\/canoe-kayak-bretagne.fr\/wordpress\/wp-content\/uploads\/2018\/07\/Partenariat-CRBCK-Dossier-2017_VF-compressed.pdf\\&quot;\">Partenariat CRBCK -Dossier<\/a><\/li><li><a href=\"\\&quot;https:\/\/web.archive.org\/web\/20190707235132\/http:\/\/canoe-kayak-bretagne.fr\/wordpress\/wp-content\/uploads\/2018\/07\/diff%C3%A9rences-sponsoring-m%C3%A9c%C3%A9nat-2017.pdf\\&quot;\">Quesaco Sponsoring-M\u00e9c\u00e9nat : les diff\u00e9rences<\/a><\/li><\/ul><hr width=\"\\&quot;50%\\&quot;\" \/><h4><strong>Vous \u00eates un particulier et souhaitez devenir membre bienfaiteur<\/strong><\/h4><p>Le document ci-dessous vous explique en d\u00e9tail ce que cela implique (avantages fiscaux, les actions, comment devenir m\u00e9c\u00e8ne) :<\/p><ul><li><a href=\"\\&quot;https:\/\/web.archive.org\/web\/20190707235132\/http:\/\/canoe-kayak-bretagne.fr\/wordpress\/wp-content\/uploads\/2018\/07\/Formulaire-m%C3%A9c%C3%A9nat-particulier.pdf\\&quot;\">Formulaire m\u00e9c\u00e9nat \u2013 particulier<\/a><\/li><\/ul><hr width=\"\\&quot;50%\\&quot;\" \/><h4><strong>Vous \u00eates un sportif et avez\u00a0b\u00e9n\u00e9fici\u00e9 d\u2019une aide pour vous soutenir dans votre parcours sportif.<\/strong><br \/><strong>A votre tour, devenez acteur et contribuez au d\u00e9veloppement de vos clubs!<\/strong><\/h4><p>Toutes les explications dans le document ci-dessous:<\/p><ul><li><a href=\"\\&quot;https:\/\/web.archive.org\/web\/20190707235132\/http:\/\/canoe-kayak-bretagne.fr\/wordpress\/wp-content\/uploads\/2018\/07\/convention-m%C3%A9c%C3%A9nat-particulier-pour-sportif.pdf\\&quot;\">Convention m\u00e9c\u00e9nat \u2013 particulier \u2013 pour sportif<\/a><\/li><\/ul>\t\t\t\t\t\t\t\t<\/div>\n\t\t\t\t<\/div>\n\t\t\t\t\t<\/div>\n\t\t<\/div>\n\t\t\t\t\t<\/div>\n\t\t<\/section>\n\t\t\t\t<\/div>\n\t\t","protected":false},"excerpt":{"rendered":"<p>Pour faire partie de nos partenaires ou membres bienfaiteurs, toutes les infos en bas de cette page Nos partenaires institutionnels<\/p>\n","protected":false},"author":3,"featured_media":0,"parent":0,"menu_order":0,"comment_status":"closed","ping_status":"closed","template":"","meta":{"colormag_page_container_layout":"default_layout","colormag_page_sidebar_layout":"default_layout","footnotes":""},"class_list":["post-101","page","type-page","status-publish","hentry"],"yoast_head":"<!-- This site is optimized with the Yoast SEO plugin v27.2 - https:\/\/yoast.com\/product\/yoast-seo-wordpress\/ -->\n<title>Nos partenaires - Comit\u00e9 R\u00e9gional de Bretagne de Cano\u00eb-Kayak - CRBCK<\/title>\n<meta name=\"robots\" content=\"index, follow, max-snippet:-1, max-image-preview:large, max-video-preview:-1\" \/>\n<link rel=\"canonical\" href=\"https:\/\/canoekayakbretagne.fr\/index.php\/le-crbck__trashed\/nos-partenaires\/\" \/>\n<meta property=\"og:locale\" content=\"fr_FR\" \/>\n<meta property=\"og:type\" content=\"article\" \/>\n<meta property=\"og:title\" content=\"Nos partenaires - Comit\u00e9 R\u00e9gional de Bretagne de Cano\u00eb-Kayak - CRBCK\" \/>\n<meta property=\"og:description\" content=\"Pour faire partie de nos partenaires ou membres bienfaiteurs, toutes les infos en bas de cette page Nos partenaires institutionnels\" \/>\n<meta property=\"og:url\" content=\"https:\/\/canoekayakbretagne.fr\/index.php\/le-crbck__trashed\/nos-partenaires\/\" \/>\n<meta property=\"og:site_name\" content=\"Comit\u00e9 R\u00e9gional de Bretagne de Cano\u00eb-Kayak - CRBCK\" \/>\n<meta property=\"article:modified_time\" content=\"2022-01-16T23:07:18+00:00\" \/>\n<meta property=\"og:image\" content=\"https:\/\/canoekayakbretagne.fr\/wp-content\/uploads\/2021\/11\/region-bretagne-logo-1-300x300.png\" \/>\n<meta name=\"twitter:card\" content=\"summary_large_image\" \/>\n<meta name=\"twitter:label1\" content=\"Dur\u00e9e de lecture estim\u00e9e\" \/>\n\t<meta name=\"twitter:data1\" content=\"3 minutes\" \/>\n<script type=\"application\/ld+json\" class=\"yoast-schema-graph\">{\"@context\":\"https:\/\/schema.org\",\"@graph\":[{\"@type\":\"WebPage\",\"@id\":\"https:\/\/canoekayakbretagne.fr\/index.php\/le-crbck__trashed\/nos-partenaires\/\",\"url\":\"https:\/\/canoekayakbretagne.fr\/index.php\/le-crbck__trashed\/nos-partenaires\/\",\"name\":\"Nos partenaires - Comit\u00e9 R\u00e9gional de Bretagne de Cano\u00eb-Kayak - CRBCK\",\"isPartOf\":{\"@id\":\"https:\/\/canoekayakbretagne.fr\/#website\"},\"primaryImageOfPage\":{\"@id\":\"https:\/\/canoekayakbretagne.fr\/index.php\/le-crbck__trashed\/nos-partenaires\/#primaryimage\"},\"image\":{\"@id\":\"https:\/\/canoekayakbretagne.fr\/index.php\/le-crbck__trashed\/nos-partenaires\/#primaryimage\"},\"thumbnailUrl\":\"https:\/\/canoekayakbretagne.fr\/wp-content\/uploads\/2021\/11\/region-bretagne-logo-1-300x300.png\",\"datePublished\":\"2020-03-15T16:47:29+00:00\",\"dateModified\":\"2022-01-16T23:07:18+00:00\",\"breadcrumb\":{\"@id\":\"https:\/\/canoekayakbretagne.fr\/index.php\/le-crbck__trashed\/nos-partenaires\/#breadcrumb\"},\"inLanguage\":\"fr-FR\",\"potentialAction\":[{\"@type\":\"ReadAction\",\"target\":[\"https:\/\/canoekayakbretagne.fr\/index.php\/le-crbck__trashed\/nos-partenaires\/\"]}]},{\"@type\":\"ImageObject\",\"inLanguage\":\"fr-FR\",\"@id\":\"https:\/\/canoekayakbretagne.fr\/index.php\/le-crbck__trashed\/nos-partenaires\/#primaryimage\",\"url\":\"https:\/\/canoekayakbretagne.fr\/wp-content\/uploads\/2021\/11\/region-bretagne-logo-1.png\",\"contentUrl\":\"https:\/\/canoekayakbretagne.fr\/wp-content\/uploads\/2021\/11\/region-bretagne-logo-1.png\",\"width\":300,\"height\":300},{\"@type\":\"BreadcrumbList\",\"@id\":\"https:\/\/canoekayakbretagne.fr\/index.php\/le-crbck__trashed\/nos-partenaires\/#breadcrumb\",\"itemListElement\":[{\"@type\":\"ListItem\",\"position\":1,\"name\":\"Accueil\",\"item\":\"https:\/\/canoekayakbretagne.fr\/\"},{\"@type\":\"ListItem\",\"position\":2,\"name\":\"Nos partenaires\"}]},{\"@type\":\"WebSite\",\"@id\":\"https:\/\/canoekayakbretagne.fr\/#website\",\"url\":\"https:\/\/canoekayakbretagne.fr\/\",\"name\":\"Comit\u00e9 R\u00e9gional de Bretagne de Cano\u00eb-Kayak - CRBCK\",\"description\":\"&quot;Les sports de pagaie, partout o\u00f9 il y a de l\u2019eau.&quot;\",\"publisher\":{\"@id\":\"https:\/\/canoekayakbretagne.fr\/#organization\"},\"potentialAction\":[{\"@type\":\"SearchAction\",\"target\":{\"@type\":\"EntryPoint\",\"urlTemplate\":\"https:\/\/canoekayakbretagne.fr\/?s={search_term_string}\"},\"query-input\":{\"@type\":\"PropertyValueSpecification\",\"valueRequired\":true,\"valueName\":\"search_term_string\"}}],\"inLanguage\":\"fr-FR\"},{\"@type\":\"Organization\",\"@id\":\"https:\/\/canoekayakbretagne.fr\/#organization\",\"name\":\"Comit\u00e9 R\u00e9gional de Bretagne de Cano\u00eb-Kayak - CRBCK\",\"url\":\"https:\/\/canoekayakbretagne.fr\/\",\"logo\":{\"@type\":\"ImageObject\",\"inLanguage\":\"fr-FR\",\"@id\":\"https:\/\/canoekayakbretagne.fr\/#\/schema\/logo\/image\/\",\"url\":\"https:\/\/canoekayakbretagne.fr\/wp-content\/uploads\/2022\/01\/cropped-LOGO_BRETAGNE_300x300.jpg\",\"contentUrl\":\"https:\/\/canoekayakbretagne.fr\/wp-content\/uploads\/2022\/01\/cropped-LOGO_BRETAGNE_300x300.jpg\",\"width\":300,\"height\":300,\"caption\":\"Comit\u00e9 R\u00e9gional de Bretagne de Cano\u00eb-Kayak - CRBCK\"},\"image\":{\"@id\":\"https:\/\/canoekayakbretagne.fr\/#\/schema\/logo\/image\/\"}}]}<\/script>\n<!-- \/ Yoast SEO plugin. -->","yoast_head_json":{"title":"Nos partenaires - Comit\u00e9 R\u00e9gional de Bretagne de Cano\u00eb-Kayak - CRBCK","robots":{"index":"index","follow":"follow","max-snippet":"max-snippet:-1","max-image-preview":"max-image-preview:large","max-video-preview":"max-video-preview:-1"},"canonical":"https:\/\/canoekayakbretagne.fr\/index.php\/le-crbck__trashed\/nos-partenaires\/","og_locale":"fr_FR","og_type":"article","og_title":"Nos partenaires - Comit\u00e9 R\u00e9gional de Bretagne de Cano\u00eb-Kayak - CRBCK","og_description":"Pour faire partie de nos partenaires ou membres bienfaiteurs, toutes les infos en bas de cette page Nos partenaires institutionnels","og_url":"https:\/\/canoekayakbretagne.fr\/index.php\/le-crbck__trashed\/nos-partenaires\/","og_site_name":"Comit\u00e9 R\u00e9gional de Bretagne de Cano\u00eb-Kayak - CRBCK","article_modified_time":"2022-01-16T23:07:18+00:00","og_image":[{"url":"https:\/\/canoekayakbretagne.fr\/wp-content\/uploads\/2021\/11\/region-bretagne-logo-1-300x300.png","type":"","width":"","height":""}],"twitter_card":"summary_large_image","twitter_misc":{"Dur\u00e9e de lecture estim\u00e9e":"3 minutes"},"schema":{"@context":"https:\/\/schema.org","@graph":[{"@type":"WebPage","@id":"https:\/\/canoekayakbretagne.fr\/index.php\/le-crbck__trashed\/nos-partenaires\/","url":"https:\/\/canoekayakbretagne.fr\/index.php\/le-crbck__trashed\/nos-partenaires\/","name":"Nos partenaires - Comit\u00e9 R\u00e9gional de Bretagne de Cano\u00eb-Kayak - CRBCK","isPartOf":{"@id":"https:\/\/canoekayakbretagne.fr\/#website"},"primaryImageOfPage":{"@id":"https:\/\/canoekayakbretagne.fr\/index.php\/le-crbck__trashed\/nos-partenaires\/#primaryimage"},"image":{"@id":"https:\/\/canoekayakbretagne.fr\/index.php\/le-crbck__trashed\/nos-partenaires\/#primaryimage"},"thumbnailUrl":"https:\/\/canoekayakbretagne.fr\/wp-content\/uploads\/2021\/11\/region-bretagne-logo-1-300x300.png","datePublished":"2020-03-15T16:47:29+00:00","dateModified":"2022-01-16T23:07:18+00:00","breadcrumb":{"@id":"https:\/\/canoekayakbretagne.fr\/index.php\/le-crbck__trashed\/nos-partenaires\/#breadcrumb"},"inLanguage":"fr-FR","potentialAction":[{"@type":"ReadAction","target":["https:\/\/canoekayakbretagne.fr\/index.php\/le-crbck__trashed\/nos-partenaires\/"]}]},{"@type":"ImageObject","inLanguage":"fr-FR","@id":"https:\/\/canoekayakbretagne.fr\/index.php\/le-crbck__trashed\/nos-partenaires\/#primaryimage","url":"https:\/\/canoekayakbretagne.fr\/wp-content\/uploads\/2021\/11\/region-bretagne-logo-1.png","contentUrl":"https:\/\/canoekayakbretagne.fr\/wp-content\/uploads\/2021\/11\/region-bretagne-logo-1.png","width":300,"height":300},{"@type":"BreadcrumbList","@id":"https:\/\/canoekayakbretagne.fr\/index.php\/le-crbck__trashed\/nos-partenaires\/#breadcrumb","itemListElement":[{"@type":"ListItem","position":1,"name":"Accueil","item":"https:\/\/canoekayakbretagne.fr\/"},{"@type":"ListItem","position":2,"name":"Nos partenaires"}]},{"@type":"WebSite","@id":"https:\/\/canoekayakbretagne.fr\/#website","url":"https:\/\/canoekayakbretagne.fr\/","name":"Comit\u00e9 R\u00e9gional de Bretagne de Cano\u00eb-Kayak - CRBCK","description":"&quot;Les sports de pagaie, partout o\u00f9 il y a de l\u2019eau.&quot;","publisher":{"@id":"https:\/\/canoekayakbretagne.fr\/#organization"},"potentialAction":[{"@type":"SearchAction","target":{"@type":"EntryPoint","urlTemplate":"https:\/\/canoekayakbretagne.fr\/?s={search_term_string}"},"query-input":{"@type":"PropertyValueSpecification","valueRequired":true,"valueName":"search_term_string"}}],"inLanguage":"fr-FR"},{"@type":"Organization","@id":"https:\/\/canoekayakbretagne.fr\/#organization","name":"Comit\u00e9 R\u00e9gional de Bretagne de Cano\u00eb-Kayak - CRBCK","url":"https:\/\/canoekayakbretagne.fr\/","logo":{"@type":"ImageObject","inLanguage":"fr-FR","@id":"https:\/\/canoekayakbretagne.fr\/#\/schema\/logo\/image\/","url":"https:\/\/canoekayakbretagne.fr\/wp-content\/uploads\/2022\/01\/cropped-LOGO_BRETAGNE_300x300.jpg","contentUrl":"https:\/\/canoekayakbretagne.fr\/wp-content\/uploads\/2022\/01\/cropped-LOGO_BRETAGNE_300x300.jpg","width":300,"height":300,"caption":"Comit\u00e9 R\u00e9gional de Bretagne de Cano\u00eb-Kayak - CRBCK"},"image":{"@id":"https:\/\/canoekayakbretagne.fr\/#\/schema\/logo\/image\/"}}]}},"_links":{"self":[{"href":"https:\/\/canoekayakbretagne.fr\/index.php\/wp-json\/wp\/v2\/pages\/101","targetHints":{"allow":["GET"]}}],"collection":[{"href":"https:\/\/canoekayakbretagne.fr\/index.php\/wp-json\/wp\/v2\/pages"}],"about":[{"href":"https:\/\/canoekayakbretagne.fr\/index.php\/wp-json\/wp\/v2\/types\/page"}],"author":[{"embeddable":true,"href":"https:\/\/canoekayakbretagne.fr\/index.php\/wp-json\/wp\/v2\/users\/3"}],"replies":[{"embeddable":true,"href":"https:\/\/canoekayakbretagne.fr\/index.php\/wp-json\/wp\/v2\/comments?post=101"}],"version-history":[{"count":4,"href":"https:\/\/canoekayakbretagne.fr\/index.php\/wp-json\/wp\/v2\/pages\/101\/revisions"}],"predecessor-version":[{"id":2642,"href":"https:\/\/canoekayakbretagne.fr\/index.php\/wp-json\/wp\/v2\/pages\/101\/revisions\/2642"}],"wp:attachment":[{"href":"https:\/\/canoekayakbretagne.fr\/index.php\/wp-json\/wp\/v2\/media?parent=101"}],"curies":[{"name":"wp","href":"https:\/\/api.w.org\/{rel}","templated":true}]}}