{"id":1175,"date":"2021-04-14T07:46:45","date_gmt":"2021-04-14T07:46:45","guid":{"rendered":"https:\/\/canoekayakbretagne.fr\/index.php\/psf\/"},"modified":"2025-04-01T16:48:14","modified_gmt":"2025-04-01T14:48:14","slug":"psf","status":"publish","type":"page","link":"https:\/\/canoekayakbretagne.fr\/index.php\/psf\/","title":{"rendered":"PSF"},"content":{"rendered":"\t\t<div data-elementor-type=\"wp-page\" data-elementor-id=\"1175\" class=\"elementor elementor-1175\">\n\t\t\t\t\t\t<section class=\"elementor-section elementor-top-section elementor-element elementor-element-73bc2c1 elementor-section-boxed elementor-section-height-default elementor-section-height-default\" data-id=\"73bc2c1\" data-element_type=\"section\" data-e-type=\"section\">\n\t\t\t\t\t\t<div class=\"elementor-container elementor-column-gap-default\">\n\t\t\t\t\t<div class=\"elementor-column elementor-col-100 elementor-top-column elementor-element elementor-element-36185ce\" data-id=\"36185ce\" data-element_type=\"column\" data-e-type=\"column\">\n\t\t\t<div class=\"elementor-widget-wrap elementor-element-populated\">\n\t\t\t\t\t\t<div class=\"elementor-element elementor-element-20a6e22 elementor-widget elementor-widget-text-editor\" data-id=\"20a6e22\" data-element_type=\"widget\" data-e-type=\"widget\" data-widget_type=\"text-editor.default\">\n\t\t\t\t<div class=\"elementor-widget-container\">\n\t\t\t\t\t\t\t\t\t<p>La campagne PSF 2025 est\u00a0 ouverte. Vous pouvez d\u00e8s \u00e0 pr\u00e9sent vous rendre sur le site \u00ab\u00a0le compte asso\u00a0\u00bb : <a href=\"https:\/\/lecompteasso.associations.gouv.fr\/client\/login\" target=\"_blank\" rel=\"noopener\">https:\/\/lecompteasso.associations.gouv.fr\/client\/login<\/a> pour cr\u00e9er votre compte (si vous ne l&rsquo;avez pas d\u00e9j\u00e0 fait les ann\u00e9es pr\u00e9c\u00e9dentes) et d\u00e9poser votre demande subvention.<\/p><p><span style=\"text-decoration: underline;\"><strong>Attention :<\/strong> <\/span><\/p><ul><li>Avant toute demande, nous vous invitons \u00e0 prendre connaissance de la <strong>note de cadrage 2025<\/strong>\u00a0(ci-dessous).<\/li><li>Lors de votre demande, vous devez indiquer que celle-ci est li\u00e9e \u00e0 la FFCK et \u00e0 votre r\u00e9gion en renseignant le code de subvention <strong>1050<\/strong> (CDCK \/ Clubs).<\/li><li><span style=\"color: #ff6600;\">La campagne se cl\u00f4ture le <strong>25 avril &#8211; 23h59<\/strong><\/span><\/li><\/ul><p><span style=\"text-decoration: underline;\"><strong>Documents PSF :<\/strong> <\/span><\/p><ul><li><b><a href=\"https:\/\/canoekayakbretagne.fr\/wp-content\/uploads\/2025\/03\/Note-de-cadrage-FFCK-campagne-PSF-2025.pdf\" target=\"_blank\" rel=\"noopener\">Note de cadrage 2025<\/a>\u00a0<\/b>(informations g\u00e9n\u00e9rales PSF 2025, indicateurs, \u00e9ch\u00e9anciers, bilans, aide pour le compte asso avec liens cliquables \u2026).<\/li><li><a href=\"https:\/\/canoekayakbretagne.fr\/wp-content\/uploads\/2023\/03\/cerfa-type-Projet.pdf\" target=\"_blank\" rel=\"noopener\"><strong>CERFA<\/strong> <\/a>type projet (r\u00e9f\u00e9rence du CERFA pour le trouver en ligne : 12156*06).<\/li><li><a href=\"https:\/\/canoekayakbretagne.fr\/wp-content\/uploads\/2023\/03\/Cerfa-15059-01-de-compte-rendu-financier-de-subvention.pdf\" target=\"_blank\" rel=\"noopener\"><strong>CERFA<\/strong><\/a> type compte-rendu financier (r\u00e9f\u00e9rence du CERFA pour le trouver en ligne : 15059*01).<\/li><li><strong>L&rsquo;attestation d&rsquo;affiliation<\/strong> qui vous est demand\u00e9e est t\u00e9l\u00e9chargeable sur <a href=\"https:\/\/extranet.ffck.org\/auth\/login\" target=\"_blank\" rel=\"noopener\">l&rsquo;espace club<\/a> de votre structure <em>(Rubrique \u00ab mon club \/ma structure \u00bb, puis \u00ab informations \u00bb, en bas de page, vous trouverez le volet avec l\u2019attestation<br \/>d\u2019affiliation).<\/em><\/li><li><a href=\"https:\/\/canoekayakbretagne.fr\/wp-content\/uploads\/2025\/03\/Guide-pour-les-clubs-et-les-CDCK-PSF-2025.pdf\" target=\"_blank\" rel=\"noopener\">Guide pour les CDCK et clubs.<\/a><\/li><li><a href=\"https:\/\/canoekayakbretagne.fr\/wp-content\/uploads\/2025\/04\/2024_Guide_LCA_N\u00b07_Saisir_un_compte-rendu_financier.pdf\" target=\"_blank\" rel=\"noopener\">Guide d\u00e9taill\u00e9 \u00ab\u00a0saisir un compte-rendu financier\u00a0\u00bb<\/a><\/li><li><a href=\"https:\/\/canoekayakbretagne.fr\/wp-content\/uploads\/2025\/04\/2024_Guide_LCA_N\u00b04_Faire_une_demande_PSF.pdf\" target=\"_blank\" rel=\"noopener\">Guide d\u00e9taill\u00e9 \u00ab\u00a0faire une demande PSF\u00a0\u00bb<\/a><\/li><\/ul><p><span style=\"text-decoration: underline;\"><strong>Important :<\/strong> <\/span><\/p><p>Une r\u00e9union d&rsquo;information et \u00e9change vous est propos\u00e9e le samedi 5 avril de 11h \u00e0 12h via TEAMS : <a href=\"https:\/\/teams.microsoft.com\/l\/meetup-join\/19%3aPCDu3qNiX2roZ862xvtp6kMHOCCNH7cNYWCiXamFPP41%40thread.tacv2\/1743518271156?context=%7b%22Tid%22%3a%220261e5f6-2e93-4294-8381-44dfd7c225af%22%2c%22Oid%22%3a%22b9de9f86-109d-49fd-bafe-094f0f09cb8e%22%7d\" target=\"_blank\" rel=\"noopener\">Cliquez ici pour assister \u00e0 la r\u00e9union<\/a><\/p><p>L\u2019intention de ce temps d\u2019\u00e9change n&rsquo;est pas une pr\u00e9sentation de la note de cadrage, mais plut\u00f4t un temps de r\u00e9ponses \u00e0 vos questions.\u00a0<\/p><p>Il est en particulier \u00e0 destination des r\u00e9f\u00e9rents des clubs pour qui cela sera la premi\u00e8re fois qu\u2019ils montent le dossier, mais reste bien sur ouvert \u00e0 tous les clubs.\u00a0<\/p>\t\t\t\t\t\t\t\t<\/div>\n\t\t\t\t<\/div>\n\t\t\t\t\t<\/div>\n\t\t<\/div>\n\t\t\t\t\t<\/div>\n\t\t<\/section>\n\t\t\t\t<\/div>\n\t\t","protected":false},"excerpt":{"rendered":"<p>La campagne PSF 2025 est\u00a0 ouverte. Vous pouvez d\u00e8s \u00e0 pr\u00e9sent vous rendre sur le site \u00ab\u00a0le compte asso\u00a0\u00bb :<\/p>\n","protected":false},"author":2,"featured_media":0,"parent":0,"menu_order":0,"comment_status":"open","ping_status":"closed","template":"","meta":{"colormag_page_container_layout":"default_layout","colormag_page_sidebar_layout":"default_layout","footnotes":""},"class_list":["post-1175","page","type-page","status-publish","hentry"],"yoast_head":"<!-- This site is optimized with the Yoast SEO plugin v27.2 - https:\/\/yoast.com\/product\/yoast-seo-wordpress\/ -->\n<title>PSF - Comit\u00e9 R\u00e9gional de Bretagne de Cano\u00eb-Kayak - CRBCK<\/title>\n<meta name=\"robots\" content=\"index, follow, max-snippet:-1, max-image-preview:large, max-video-preview:-1\" \/>\n<link rel=\"canonical\" href=\"https:\/\/canoekayakbretagne.fr\/index.php\/psf\/\" \/>\n<meta property=\"og:locale\" content=\"fr_FR\" \/>\n<meta property=\"og:type\" content=\"article\" \/>\n<meta property=\"og:title\" content=\"PSF - Comit\u00e9 R\u00e9gional de Bretagne de Cano\u00eb-Kayak - CRBCK\" \/>\n<meta property=\"og:description\" content=\"La campagne PSF 2025 est\u00a0 ouverte. Vous pouvez d\u00e8s \u00e0 pr\u00e9sent vous rendre sur le site \u00ab\u00a0le compte asso\u00a0\u00bb :\" \/>\n<meta property=\"og:url\" content=\"https:\/\/canoekayakbretagne.fr\/index.php\/psf\/\" \/>\n<meta property=\"og:site_name\" content=\"Comit\u00e9 R\u00e9gional de Bretagne de Cano\u00eb-Kayak - CRBCK\" \/>\n<meta property=\"article:modified_time\" content=\"2025-04-01T14:48:14+00:00\" \/>\n<meta name=\"twitter:card\" content=\"summary_large_image\" \/>\n<meta name=\"twitter:label1\" content=\"Dur\u00e9e de lecture estim\u00e9e\" \/>\n\t<meta name=\"twitter:data1\" content=\"2 minutes\" \/>\n<script type=\"application\/ld+json\" class=\"yoast-schema-graph\">{\"@context\":\"https:\/\/schema.org\",\"@graph\":[{\"@type\":\"WebPage\",\"@id\":\"https:\/\/canoekayakbretagne.fr\/index.php\/psf\/\",\"url\":\"https:\/\/canoekayakbretagne.fr\/index.php\/psf\/\",\"name\":\"PSF - Comit\u00e9 R\u00e9gional de Bretagne de Cano\u00eb-Kayak - CRBCK\",\"isPartOf\":{\"@id\":\"https:\/\/canoekayakbretagne.fr\/#website\"},\"datePublished\":\"2021-04-14T07:46:45+00:00\",\"dateModified\":\"2025-04-01T14:48:14+00:00\",\"breadcrumb\":{\"@id\":\"https:\/\/canoekayakbretagne.fr\/index.php\/psf\/#breadcrumb\"},\"inLanguage\":\"fr-FR\",\"potentialAction\":[{\"@type\":\"ReadAction\",\"target\":[\"https:\/\/canoekayakbretagne.fr\/index.php\/psf\/\"]}]},{\"@type\":\"BreadcrumbList\",\"@id\":\"https:\/\/canoekayakbretagne.fr\/index.php\/psf\/#breadcrumb\",\"itemListElement\":[{\"@type\":\"ListItem\",\"position\":1,\"name\":\"Accueil\",\"item\":\"https:\/\/canoekayakbretagne.fr\/\"},{\"@type\":\"ListItem\",\"position\":2,\"name\":\"PSF\"}]},{\"@type\":\"WebSite\",\"@id\":\"https:\/\/canoekayakbretagne.fr\/#website\",\"url\":\"https:\/\/canoekayakbretagne.fr\/\",\"name\":\"Comit\u00e9 R\u00e9gional de Bretagne de Cano\u00eb-Kayak - CRBCK\",\"description\":\"&quot;Les sports de pagaie, partout o\u00f9 il y a de l\u2019eau.&quot;\",\"publisher\":{\"@id\":\"https:\/\/canoekayakbretagne.fr\/#organization\"},\"potentialAction\":[{\"@type\":\"SearchAction\",\"target\":{\"@type\":\"EntryPoint\",\"urlTemplate\":\"https:\/\/canoekayakbretagne.fr\/?s={search_term_string}\"},\"query-input\":{\"@type\":\"PropertyValueSpecification\",\"valueRequired\":true,\"valueName\":\"search_term_string\"}}],\"inLanguage\":\"fr-FR\"},{\"@type\":\"Organization\",\"@id\":\"https:\/\/canoekayakbretagne.fr\/#organization\",\"name\":\"Comit\u00e9 R\u00e9gional de Bretagne de Cano\u00eb-Kayak - CRBCK\",\"url\":\"https:\/\/canoekayakbretagne.fr\/\",\"logo\":{\"@type\":\"ImageObject\",\"inLanguage\":\"fr-FR\",\"@id\":\"https:\/\/canoekayakbretagne.fr\/#\/schema\/logo\/image\/\",\"url\":\"https:\/\/canoekayakbretagne.fr\/wp-content\/uploads\/2022\/01\/cropped-LOGO_BRETAGNE_300x300.jpg\",\"contentUrl\":\"https:\/\/canoekayakbretagne.fr\/wp-content\/uploads\/2022\/01\/cropped-LOGO_BRETAGNE_300x300.jpg\",\"width\":300,\"height\":300,\"caption\":\"Comit\u00e9 R\u00e9gional de Bretagne de Cano\u00eb-Kayak - CRBCK\"},\"image\":{\"@id\":\"https:\/\/canoekayakbretagne.fr\/#\/schema\/logo\/image\/\"}}]}<\/script>\n<!-- \/ Yoast SEO plugin. -->","yoast_head_json":{"title":"PSF - Comit\u00e9 R\u00e9gional de Bretagne de Cano\u00eb-Kayak - CRBCK","robots":{"index":"index","follow":"follow","max-snippet":"max-snippet:-1","max-image-preview":"max-image-preview:large","max-video-preview":"max-video-preview:-1"},"canonical":"https:\/\/canoekayakbretagne.fr\/index.php\/psf\/","og_locale":"fr_FR","og_type":"article","og_title":"PSF - Comit\u00e9 R\u00e9gional de Bretagne de Cano\u00eb-Kayak - CRBCK","og_description":"La campagne PSF 2025 est\u00a0 ouverte. Vous pouvez d\u00e8s \u00e0 pr\u00e9sent vous rendre sur le site \u00ab\u00a0le compte asso\u00a0\u00bb :","og_url":"https:\/\/canoekayakbretagne.fr\/index.php\/psf\/","og_site_name":"Comit\u00e9 R\u00e9gional de Bretagne de Cano\u00eb-Kayak - CRBCK","article_modified_time":"2025-04-01T14:48:14+00:00","twitter_card":"summary_large_image","twitter_misc":{"Dur\u00e9e de lecture estim\u00e9e":"2 minutes"},"schema":{"@context":"https:\/\/schema.org","@graph":[{"@type":"WebPage","@id":"https:\/\/canoekayakbretagne.fr\/index.php\/psf\/","url":"https:\/\/canoekayakbretagne.fr\/index.php\/psf\/","name":"PSF - Comit\u00e9 R\u00e9gional de Bretagne de Cano\u00eb-Kayak - CRBCK","isPartOf":{"@id":"https:\/\/canoekayakbretagne.fr\/#website"},"datePublished":"2021-04-14T07:46:45+00:00","dateModified":"2025-04-01T14:48:14+00:00","breadcrumb":{"@id":"https:\/\/canoekayakbretagne.fr\/index.php\/psf\/#breadcrumb"},"inLanguage":"fr-FR","potentialAction":[{"@type":"ReadAction","target":["https:\/\/canoekayakbretagne.fr\/index.php\/psf\/"]}]},{"@type":"BreadcrumbList","@id":"https:\/\/canoekayakbretagne.fr\/index.php\/psf\/#breadcrumb","itemListElement":[{"@type":"ListItem","position":1,"name":"Accueil","item":"https:\/\/canoekayakbretagne.fr\/"},{"@type":"ListItem","position":2,"name":"PSF"}]},{"@type":"WebSite","@id":"https:\/\/canoekayakbretagne.fr\/#website","url":"https:\/\/canoekayakbretagne.fr\/","name":"Comit\u00e9 R\u00e9gional de Bretagne de Cano\u00eb-Kayak - CRBCK","description":"&quot;Les sports de pagaie, partout o\u00f9 il y a de l\u2019eau.&quot;","publisher":{"@id":"https:\/\/canoekayakbretagne.fr\/#organization"},"potentialAction":[{"@type":"SearchAction","target":{"@type":"EntryPoint","urlTemplate":"https:\/\/canoekayakbretagne.fr\/?s={search_term_string}"},"query-input":{"@type":"PropertyValueSpecification","valueRequired":true,"valueName":"search_term_string"}}],"inLanguage":"fr-FR"},{"@type":"Organization","@id":"https:\/\/canoekayakbretagne.fr\/#organization","name":"Comit\u00e9 R\u00e9gional de Bretagne de Cano\u00eb-Kayak - CRBCK","url":"https:\/\/canoekayakbretagne.fr\/","logo":{"@type":"ImageObject","inLanguage":"fr-FR","@id":"https:\/\/canoekayakbretagne.fr\/#\/schema\/logo\/image\/","url":"https:\/\/canoekayakbretagne.fr\/wp-content\/uploads\/2022\/01\/cropped-LOGO_BRETAGNE_300x300.jpg","contentUrl":"https:\/\/canoekayakbretagne.fr\/wp-content\/uploads\/2022\/01\/cropped-LOGO_BRETAGNE_300x300.jpg","width":300,"height":300,"caption":"Comit\u00e9 R\u00e9gional de Bretagne de Cano\u00eb-Kayak - CRBCK"},"image":{"@id":"https:\/\/canoekayakbretagne.fr\/#\/schema\/logo\/image\/"}}]}},"_links":{"self":[{"href":"https:\/\/canoekayakbretagne.fr\/index.php\/wp-json\/wp\/v2\/pages\/1175","targetHints":{"allow":["GET"]}}],"collection":[{"href":"https:\/\/canoekayakbretagne.fr\/index.php\/wp-json\/wp\/v2\/pages"}],"about":[{"href":"https:\/\/canoekayakbretagne.fr\/index.php\/wp-json\/wp\/v2\/types\/page"}],"author":[{"embeddable":true,"href":"https:\/\/canoekayakbretagne.fr\/index.php\/wp-json\/wp\/v2\/users\/2"}],"replies":[{"embeddable":true,"href":"https:\/\/canoekayakbretagne.fr\/index.php\/wp-json\/wp\/v2\/comments?post=1175"}],"version-history":[{"count":59,"href":"https:\/\/canoekayakbretagne.fr\/index.php\/wp-json\/wp\/v2\/pages\/1175\/revisions"}],"predecessor-version":[{"id":6393,"href":"https:\/\/canoekayakbretagne.fr\/index.php\/wp-json\/wp\/v2\/pages\/1175\/revisions\/6393"}],"wp:attachment":[{"href":"https:\/\/canoekayakbretagne.fr\/index.php\/wp-json\/wp\/v2\/media?parent=1175"}],"curies":[{"name":"wp","href":"https:\/\/api.w.org\/{rel}","templated":true}]}}