{"id":141,"date":"2020-03-15T16:58:34","date_gmt":"2020-03-15T16:58:34","guid":{"rendered":"https:\/\/canoekayakbretagne.fr\/index.php\/parcours-de-performance\/"},"modified":"2020-03-15T16:58:34","modified_gmt":"2020-03-15T16:58:34","slug":"parcours-de-performance","status":"publish","type":"page","link":"https:\/\/canoekayakbretagne.fr\/index.php\/parcours-de-performance\/","title":{"rendered":"Parcours de performance"},"content":{"rendered":"<p>La F\u00e9d\u00e9ration Fran\u00e7aise de Cano\u00eb-Kayak a \u00e9labor\u00e9 en partenariat avec le minist\u00e8re en charge des sports son parcours de performance f\u00e9d\u00e9ral (PPF) pour accompagner les sportifs dans leurs performances.<\/p>\n<p>Ce parcours ou projet de performance f\u00e9d\u00e9ral s\u2019inscrit sur 2017-2024. L\u2019ensemble du PPF est tourn\u00e9 vers le projet de performance de l\u2019athl\u00e8te.&nbsp;Il est constitu\u00e9 de trois axes centraux :<\/p>\n<ul>\n<li>l\u2019Equipe de France Olympique et Paralympique<\/li>\n<li>le Projet de Performance F\u00e9d\u00e9ral<\/li>\n<li>les \u00e9quipes de France des disciplines de haut niveau<\/li>\n<\/ul>\n<p>Pour obtenir tout le d\u00e9tail de ce PPF, je vous invite \u00e0 prendre lecture du dossier en allant sur le site de la FFCK:&nbsp;<a href=\\\"https:\/\/www.ffck.org\/sport-haut-niveau\/pes\/\\\">http:\/\/www.ffck.org\/federation\/sport-haut-niveau\/pes\/<\/a><\/p>\n<p>Au niveau r\u00e9gional, le PPF se d\u00e9cline sous forme de PASS (Parcours d\u2019Accession au Haut Niveau (PASS). Il s\u2019agit de permettre aux meilleur(e)s sportif(ve)s de la r\u00e9gion d\u2019acc\u00e9der \u00e0 des structures d\u2019entra\u00eenement leur permettant d\u2019atteindre leur meilleur niveau de performance (au niveau sportif mais aussi scolaire = double projet).<\/p>\n<p>Pour cela, le Comit\u00e9 R\u00e9gional et comit\u00e9s d\u00e9partementaux g\u00e8rent:<\/p>\n<ul>\n<li>Le P\u00f4le Espoir<\/li>\n<li>Le DRP (Dispositif R\u00e9gional de Performance) Kayak-Polo<\/li>\n<li>Les CLE \u2013 Centres Labellis\u00e9s d\u2019Entra\u00eenement<\/li>\n<\/ul>\n<p>&nbsp;<\/p>\n","protected":false},"excerpt":{"rendered":"<p>La F\u00e9d\u00e9ration Fran\u00e7aise de Cano\u00eb-Kayak a \u00e9labor\u00e9 en partenariat avec le minist\u00e8re en charge des sports son parcours de performance<\/p>\n","protected":false},"author":3,"featured_media":0,"parent":0,"menu_order":0,"comment_status":"closed","ping_status":"closed","template":"","meta":{"colormag_page_container_layout":"default_layout","colormag_page_sidebar_layout":"default_layout","footnotes":""},"class_list":["post-141","page","type-page","status-publish","hentry"],"yoast_head":"<!-- This site is optimized with the Yoast SEO plugin v27.2 - https:\/\/yoast.com\/product\/yoast-seo-wordpress\/ -->\n<title>Parcours de performance - Comit\u00e9 R\u00e9gional de Bretagne de Cano\u00eb-Kayak - CRBCK<\/title>\n<meta name=\"robots\" content=\"index, follow, max-snippet:-1, max-image-preview:large, max-video-preview:-1\" \/>\n<link rel=\"canonical\" href=\"https:\/\/canoekayakbretagne.fr\/index.php\/parcours-de-performance\/\" \/>\n<meta property=\"og:locale\" content=\"fr_FR\" \/>\n<meta property=\"og:type\" content=\"article\" \/>\n<meta property=\"og:title\" content=\"Parcours de performance - Comit\u00e9 R\u00e9gional de Bretagne de Cano\u00eb-Kayak - CRBCK\" \/>\n<meta property=\"og:description\" content=\"La F\u00e9d\u00e9ration Fran\u00e7aise de Cano\u00eb-Kayak a \u00e9labor\u00e9 en partenariat avec le minist\u00e8re en charge des sports son parcours de performance\" \/>\n<meta property=\"og:url\" content=\"https:\/\/canoekayakbretagne.fr\/index.php\/parcours-de-performance\/\" \/>\n<meta property=\"og:site_name\" content=\"Comit\u00e9 R\u00e9gional de Bretagne de Cano\u00eb-Kayak - CRBCK\" \/>\n<meta name=\"twitter:card\" content=\"summary_large_image\" \/>\n<meta name=\"twitter:label1\" content=\"Dur\u00e9e de lecture estim\u00e9e\" \/>\n\t<meta name=\"twitter:data1\" content=\"1 minute\" \/>\n<script type=\"application\/ld+json\" class=\"yoast-schema-graph\">{\"@context\":\"https:\/\/schema.org\",\"@graph\":[{\"@type\":\"WebPage\",\"@id\":\"https:\/\/canoekayakbretagne.fr\/index.php\/parcours-de-performance\/\",\"url\":\"https:\/\/canoekayakbretagne.fr\/index.php\/parcours-de-performance\/\",\"name\":\"Parcours de performance - Comit\u00e9 R\u00e9gional de Bretagne de Cano\u00eb-Kayak - CRBCK\",\"isPartOf\":{\"@id\":\"https:\/\/canoekayakbretagne.fr\/#website\"},\"datePublished\":\"2020-03-15T16:58:34+00:00\",\"breadcrumb\":{\"@id\":\"https:\/\/canoekayakbretagne.fr\/index.php\/parcours-de-performance\/#breadcrumb\"},\"inLanguage\":\"fr-FR\",\"potentialAction\":[{\"@type\":\"ReadAction\",\"target\":[\"https:\/\/canoekayakbretagne.fr\/index.php\/parcours-de-performance\/\"]}]},{\"@type\":\"BreadcrumbList\",\"@id\":\"https:\/\/canoekayakbretagne.fr\/index.php\/parcours-de-performance\/#breadcrumb\",\"itemListElement\":[{\"@type\":\"ListItem\",\"position\":1,\"name\":\"Accueil\",\"item\":\"https:\/\/canoekayakbretagne.fr\/\"},{\"@type\":\"ListItem\",\"position\":2,\"name\":\"Parcours de performance\"}]},{\"@type\":\"WebSite\",\"@id\":\"https:\/\/canoekayakbretagne.fr\/#website\",\"url\":\"https:\/\/canoekayakbretagne.fr\/\",\"name\":\"Comit\u00e9 R\u00e9gional de Bretagne de Cano\u00eb-Kayak - CRBCK\",\"description\":\"&quot;Les sports de pagaie, partout o\u00f9 il y a de l\u2019eau.&quot;\",\"publisher\":{\"@id\":\"https:\/\/canoekayakbretagne.fr\/#organization\"},\"potentialAction\":[{\"@type\":\"SearchAction\",\"target\":{\"@type\":\"EntryPoint\",\"urlTemplate\":\"https:\/\/canoekayakbretagne.fr\/?s={search_term_string}\"},\"query-input\":{\"@type\":\"PropertyValueSpecification\",\"valueRequired\":true,\"valueName\":\"search_term_string\"}}],\"inLanguage\":\"fr-FR\"},{\"@type\":\"Organization\",\"@id\":\"https:\/\/canoekayakbretagne.fr\/#organization\",\"name\":\"Comit\u00e9 R\u00e9gional de Bretagne de Cano\u00eb-Kayak - CRBCK\",\"url\":\"https:\/\/canoekayakbretagne.fr\/\",\"logo\":{\"@type\":\"ImageObject\",\"inLanguage\":\"fr-FR\",\"@id\":\"https:\/\/canoekayakbretagne.fr\/#\/schema\/logo\/image\/\",\"url\":\"https:\/\/canoekayakbretagne.fr\/wp-content\/uploads\/2022\/01\/cropped-LOGO_BRETAGNE_300x300.jpg\",\"contentUrl\":\"https:\/\/canoekayakbretagne.fr\/wp-content\/uploads\/2022\/01\/cropped-LOGO_BRETAGNE_300x300.jpg\",\"width\":300,\"height\":300,\"caption\":\"Comit\u00e9 R\u00e9gional de Bretagne de Cano\u00eb-Kayak - CRBCK\"},\"image\":{\"@id\":\"https:\/\/canoekayakbretagne.fr\/#\/schema\/logo\/image\/\"}}]}<\/script>\n<!-- \/ Yoast SEO plugin. -->","yoast_head_json":{"title":"Parcours de performance - Comit\u00e9 R\u00e9gional de Bretagne de Cano\u00eb-Kayak - CRBCK","robots":{"index":"index","follow":"follow","max-snippet":"max-snippet:-1","max-image-preview":"max-image-preview:large","max-video-preview":"max-video-preview:-1"},"canonical":"https:\/\/canoekayakbretagne.fr\/index.php\/parcours-de-performance\/","og_locale":"fr_FR","og_type":"article","og_title":"Parcours de performance - Comit\u00e9 R\u00e9gional de Bretagne de Cano\u00eb-Kayak - CRBCK","og_description":"La F\u00e9d\u00e9ration Fran\u00e7aise de Cano\u00eb-Kayak a \u00e9labor\u00e9 en partenariat avec le minist\u00e8re en charge des sports son parcours de performance","og_url":"https:\/\/canoekayakbretagne.fr\/index.php\/parcours-de-performance\/","og_site_name":"Comit\u00e9 R\u00e9gional de Bretagne de Cano\u00eb-Kayak - CRBCK","twitter_card":"summary_large_image","twitter_misc":{"Dur\u00e9e de lecture estim\u00e9e":"1 minute"},"schema":{"@context":"https:\/\/schema.org","@graph":[{"@type":"WebPage","@id":"https:\/\/canoekayakbretagne.fr\/index.php\/parcours-de-performance\/","url":"https:\/\/canoekayakbretagne.fr\/index.php\/parcours-de-performance\/","name":"Parcours de performance - Comit\u00e9 R\u00e9gional de Bretagne de Cano\u00eb-Kayak - CRBCK","isPartOf":{"@id":"https:\/\/canoekayakbretagne.fr\/#website"},"datePublished":"2020-03-15T16:58:34+00:00","breadcrumb":{"@id":"https:\/\/canoekayakbretagne.fr\/index.php\/parcours-de-performance\/#breadcrumb"},"inLanguage":"fr-FR","potentialAction":[{"@type":"ReadAction","target":["https:\/\/canoekayakbretagne.fr\/index.php\/parcours-de-performance\/"]}]},{"@type":"BreadcrumbList","@id":"https:\/\/canoekayakbretagne.fr\/index.php\/parcours-de-performance\/#breadcrumb","itemListElement":[{"@type":"ListItem","position":1,"name":"Accueil","item":"https:\/\/canoekayakbretagne.fr\/"},{"@type":"ListItem","position":2,"name":"Parcours de performance"}]},{"@type":"WebSite","@id":"https:\/\/canoekayakbretagne.fr\/#website","url":"https:\/\/canoekayakbretagne.fr\/","name":"Comit\u00e9 R\u00e9gional de Bretagne de Cano\u00eb-Kayak - CRBCK","description":"&quot;Les sports de pagaie, partout o\u00f9 il y a de l\u2019eau.&quot;","publisher":{"@id":"https:\/\/canoekayakbretagne.fr\/#organization"},"potentialAction":[{"@type":"SearchAction","target":{"@type":"EntryPoint","urlTemplate":"https:\/\/canoekayakbretagne.fr\/?s={search_term_string}"},"query-input":{"@type":"PropertyValueSpecification","valueRequired":true,"valueName":"search_term_string"}}],"inLanguage":"fr-FR"},{"@type":"Organization","@id":"https:\/\/canoekayakbretagne.fr\/#organization","name":"Comit\u00e9 R\u00e9gional de Bretagne de Cano\u00eb-Kayak - CRBCK","url":"https:\/\/canoekayakbretagne.fr\/","logo":{"@type":"ImageObject","inLanguage":"fr-FR","@id":"https:\/\/canoekayakbretagne.fr\/#\/schema\/logo\/image\/","url":"https:\/\/canoekayakbretagne.fr\/wp-content\/uploads\/2022\/01\/cropped-LOGO_BRETAGNE_300x300.jpg","contentUrl":"https:\/\/canoekayakbretagne.fr\/wp-content\/uploads\/2022\/01\/cropped-LOGO_BRETAGNE_300x300.jpg","width":300,"height":300,"caption":"Comit\u00e9 R\u00e9gional de Bretagne de Cano\u00eb-Kayak - CRBCK"},"image":{"@id":"https:\/\/canoekayakbretagne.fr\/#\/schema\/logo\/image\/"}}]}},"_links":{"self":[{"href":"https:\/\/canoekayakbretagne.fr\/index.php\/wp-json\/wp\/v2\/pages\/141","targetHints":{"allow":["GET"]}}],"collection":[{"href":"https:\/\/canoekayakbretagne.fr\/index.php\/wp-json\/wp\/v2\/pages"}],"about":[{"href":"https:\/\/canoekayakbretagne.fr\/index.php\/wp-json\/wp\/v2\/types\/page"}],"author":[{"embeddable":true,"href":"https:\/\/canoekayakbretagne.fr\/index.php\/wp-json\/wp\/v2\/users\/3"}],"replies":[{"embeddable":true,"href":"https:\/\/canoekayakbretagne.fr\/index.php\/wp-json\/wp\/v2\/comments?post=141"}],"version-history":[{"count":0,"href":"https:\/\/canoekayakbretagne.fr\/index.php\/wp-json\/wp\/v2\/pages\/141\/revisions"}],"wp:attachment":[{"href":"https:\/\/canoekayakbretagne.fr\/index.php\/wp-json\/wp\/v2\/media?parent=141"}],"curies":[{"name":"wp","href":"https:\/\/api.w.org\/{rel}","templated":true}]}}