{"id":2146,"date":"2021-05-25T13:07:31","date_gmt":"2021-05-25T13:07:31","guid":{"rendered":"https:\/\/canoekayakbretagne.fr\/index.php\/stop-violence\/"},"modified":"2022-06-29T11:54:26","modified_gmt":"2022-06-29T09:54:26","slug":"stop-violence","status":"publish","type":"page","link":"https:\/\/canoekayakbretagne.fr\/index.php\/stop-violence\/","title":{"rendered":"Stop Violence"},"content":{"rendered":"\t\t<div data-elementor-type=\"wp-page\" data-elementor-id=\"2146\" class=\"elementor elementor-2146\">\n\t\t\t\t\t\t<section class=\"elementor-section elementor-top-section elementor-element elementor-element-786acd68 elementor-section-boxed elementor-section-height-default elementor-section-height-default\" data-id=\"786acd68\" data-element_type=\"section\" data-e-type=\"section\">\n\t\t\t\t\t\t<div class=\"elementor-container elementor-column-gap-default\">\n\t\t\t\t\t<div class=\"elementor-column elementor-col-100 elementor-top-column elementor-element elementor-element-6af63a2c\" data-id=\"6af63a2c\" data-element_type=\"column\" data-e-type=\"column\">\n\t\t\t<div class=\"elementor-widget-wrap elementor-element-populated\">\n\t\t\t\t\t\t<div class=\"elementor-element elementor-element-3c6f926 elementor-widget elementor-widget-image-gallery\" data-id=\"3c6f926\" data-element_type=\"widget\" data-e-type=\"widget\" data-widget_type=\"image-gallery.default\">\n\t\t\t\t<div class=\"elementor-widget-container\">\n\t\t\t\t\t\t\t<div class=\"elementor-image-gallery\">\n\t\t\t<div id='gallery-1' class='gallery galleryid-2146 gallery-columns-2 gallery-size-medium'><figure class='gallery-item'>\n\t\t\t<div class='gallery-icon landscape'>\n\t\t\t\t<a data-elementor-open-lightbox=\"yes\" data-elementor-lightbox-slideshow=\"3c6f926\" data-elementor-lightbox-title=\"image-minist\u00e8re-justice-300x225\" data-e-action-hash=\"#elementor-action%3Aaction%3Dlightbox%26settings%3DeyJpZCI6MzMzMiwidXJsIjoiaHR0cHM6XC9cL2Nhbm9la2F5YWticmV0YWduZS5mclwvd3AtY29udGVudFwvdXBsb2Fkc1wvMjAyMlwvMDZcL2ltYWdlLW1pbmlzdGVyZS1qdXN0aWNlLTMwMHgyMjUtMS5qcGciLCJzbGlkZXNob3ciOiIzYzZmOTI2In0%3D\" href='https:\/\/canoekayakbretagne.fr\/wp-content\/uploads\/2022\/06\/image-ministere-justice-300x225-1.jpg'><img fetchpriority=\"high\" decoding=\"async\" width=\"300\" height=\"225\" src=\"https:\/\/canoekayakbretagne.fr\/wp-content\/uploads\/2022\/06\/image-ministere-justice-300x225-1.jpg\" class=\"attachment-medium size-medium\" alt=\"\" \/><\/a>\n\t\t\t<\/div><\/figure><figure class='gallery-item'>\n\t\t\t<div class='gallery-icon landscape'>\n\t\t\t\t<a data-elementor-open-lightbox=\"yes\" data-elementor-lightbox-slideshow=\"3c6f926\" data-elementor-lightbox-title=\"logo colosse\" data-e-action-hash=\"#elementor-action%3Aaction%3Dlightbox%26settings%3DeyJpZCI6MzMyOSwidXJsIjoiaHR0cHM6XC9cL2Nhbm9la2F5YWticmV0YWduZS5mclwvd3AtY29udGVudFwvdXBsb2Fkc1wvMjAyMlwvMDZcL2xvZ28tY29sb3NzZS5wbmciLCJzbGlkZXNob3ciOiIzYzZmOTI2In0%3D\" href='https:\/\/canoekayakbretagne.fr\/wp-content\/uploads\/2022\/06\/logo-colosse.png'><img decoding=\"async\" width=\"300\" height=\"200\" src=\"https:\/\/canoekayakbretagne.fr\/wp-content\/uploads\/2022\/06\/logo-colosse-300x200.png\" class=\"attachment-medium size-medium\" alt=\"\" srcset=\"https:\/\/canoekayakbretagne.fr\/wp-content\/uploads\/2022\/06\/logo-colosse-300x200.png 300w, https:\/\/canoekayakbretagne.fr\/wp-content\/uploads\/2022\/06\/logo-colosse-272x182.png 272w, https:\/\/canoekayakbretagne.fr\/wp-content\/uploads\/2022\/06\/logo-colosse.png 600w\" sizes=\"(max-width: 300px) 100vw, 300px\" \/><\/a>\n\t\t\t<\/div><\/figure>\n\t\t<\/div>\n\t\t<\/div>\n\t\t\t\t\t\t<\/div>\n\t\t\t\t<\/div>\n\t\t\t\t<div class=\"elementor-element elementor-element-591595d elementor-widget elementor-widget-text-editor\" data-id=\"591595d\" data-element_type=\"widget\" data-e-type=\"widget\" data-widget_type=\"text-editor.default\">\n\t\t\t\t<div class=\"elementor-widget-container\">\n\t\t\t\t\t\t\t\t\t<p>Il n\u2019y a <strong>pas de \u00ab\u00a0petites violences\u00a0\u00bb<\/strong>, chaque individu per\u00e7ois diff\u00e9remment les situations <strong>selon son v\u00e9cu et ses propres sensibilit\u00e9s<\/strong>.<\/p><p>Un acte peut \u00eatre per\u00e7u comme amusant par un individu et comme <strong>humiliant<\/strong> par un autre. Lorsqu\u2019un climat imp\u00e9tueux d\u2019installe, il se cr\u00e9e un ph\u00e9nom\u00e8ne d\u2019escalade des actes de violences.<\/p><p>Les agresseurs s\u2019attaquent le plus souvent aux plus vuln\u00e9rables.<\/p><p>En France, on estime \u00e0 165\u00a0000 le nombre d\u2019enfants par an qui subissent des <strong>agression sexuelles<\/strong>\u00a0; soit <strong>5 nouvelles victimes mineures par jour et par d\u00e9partement.<\/strong><\/p><p>1 victime sur 2 agress\u00e9 sexuellement dans son enfance \u00e0 tent\u00e9 de se suicider.<\/p><p>Les agressions ont de lourdes cons\u00e9quences sur la sant\u00e9 mentale et physique (flash-back, troubles du sommeil, amn\u00e9sie, stress, perte d\u2019espoir, id\u00e9es suicidaires, anxi\u00e9t\u00e9, d\u00e9pression, phobies, perte de l\u2019estime de soi, hypervigilance, fibromyalgie, troubles alimentaires,\u00a0 douleurs et fatigue chronique,\u2026). Un traumatisme non gu\u00e9ri est un handicap \u00e0 vie qui <strong>peut entra\u00eener jusqu\u2019\u00e0 20 ans d\u2019esp\u00e9rance de vie en moins. <\/strong><\/p><p>Ne banalisons pas ces actes de violences ! #tousconcernes<\/p>\t\t\t\t\t\t\t\t<\/div>\n\t\t\t\t<\/div>\n\t\t\t\t<div class=\"elementor-element elementor-element-00a96a0 elementor-widget elementor-widget-text-editor\" data-id=\"00a96a0\" data-element_type=\"widget\" data-e-type=\"widget\" data-widget_type=\"text-editor.default\">\n\t\t\t\t<div class=\"elementor-widget-container\">\n\t\t\t\t\t\t\t\t\t<h3><strong>Se taire c\u2019est \u00eatre complice, au moindre doute, Si vous \u00eates victime ou t\u00e9moin direct de violence, contactez <a href=\"mailto:stopviolences@ffck.org\">stopviolences@ffck.org<\/a><\/strong><\/h3><p>Des conseillers techniques form\u00e9s dans l\u2019accompagnent de toute d\u00e9marche de signalement de situations pr\u00e9occupantes seront \u00e0 votre \u00e9coute.<\/p><p><strong>Le Formulaire de signalement est \u00e0 votre disposition ici :\u00a0<a href=\"https:\/\/canoekayakbretagne.fr\/wp-content\/uploads\/2022\/06\/FORMULAIRE-DE-SIGNALEMENT-STOP-VIOLENCES-FFCK.pdf\" target=\"_blank\" rel=\"noopener\">Formulaire de signalement<\/a><\/strong><\/p><p>L&rsquo;association Colosse aux pieds d&rsquo;argile partenaire de la FFCK et du CRBCK met \u00e9galement \u00e0 disposition\u00a0 une plateforme de signalement : <a href=\"https:\/\/colosse.signalement.net\/entreprises\" target=\"_blank\" rel=\"noopener\">Plateforme de signalement Colosse aux pieds d&rsquo;argile<\/a><\/p>\t\t\t\t\t\t\t\t<\/div>\n\t\t\t\t<\/div>\n\t\t\t\t<div class=\"elementor-element elementor-element-e54f0e4 elementor-widget-divider--separator-type-pattern elementor-widget-divider--view-line elementor-widget elementor-widget-divider\" data-id=\"e54f0e4\" data-element_type=\"widget\" data-e-type=\"widget\" data-widget_type=\"divider.default\">\n\t\t\t\t<div class=\"elementor-widget-container\">\n\t\t\t\t\t\t\t<div class=\"elementor-divider\" style=\"--divider-pattern-url: url(&quot;data:image\/svg+xml,%3Csvg xmlns=&#039;http:\/\/www.w3.org\/2000\/svg&#039; preserveAspectRatio=&#039;none&#039; overflow=&#039;visible&#039; height=&#039;100%&#039; viewBox=&#039;0 0 20 16&#039; fill=&#039;none&#039; stroke=&#039;black&#039; stroke-width=&#039;1&#039; stroke-linecap=&#039;square&#039; stroke-miterlimit=&#039;10&#039;%3E%3Cg transform=&#039;translate(-12.000000, 0)&#039;%3E%3Cpath d=&#039;M28,0L10,18&#039;\/%3E%3Cpath d=&#039;M18,0L0,18&#039;\/%3E%3Cpath d=&#039;M48,0L30,18&#039;\/%3E%3Cpath d=&#039;M38,0L20,18&#039;\/%3E%3C\/g%3E%3C\/svg%3E&quot;);\">\n\t\t\t<span class=\"elementor-divider-separator\">\n\t\t\t\t\t\t<\/span>\n\t\t<\/div>\n\t\t\t\t\t\t<\/div>\n\t\t\t\t<\/div>\n\t\t\t\t\t<\/div>\n\t\t<\/div>\n\t\t\t\t\t<\/div>\n\t\t<\/section>\n\t\t\t\t<section class=\"elementor-section elementor-top-section elementor-element elementor-element-4e6c262 elementor-section-boxed elementor-section-height-default elementor-section-height-default\" data-id=\"4e6c262\" data-element_type=\"section\" data-e-type=\"section\">\n\t\t\t\t\t\t<div class=\"elementor-container elementor-column-gap-default\">\n\t\t\t\t\t<div class=\"elementor-column elementor-col-100 elementor-top-column elementor-element elementor-element-a6a7cb0\" data-id=\"a6a7cb0\" data-element_type=\"column\" data-e-type=\"column\">\n\t\t\t<div class=\"elementor-widget-wrap elementor-element-populated\">\n\t\t\t\t\t\t<div class=\"elementor-element elementor-element-6597a24 elementor-widget elementor-widget-text-editor\" data-id=\"6597a24\" data-element_type=\"widget\" data-e-type=\"widget\" data-widget_type=\"text-editor.default\">\n\t\t\t\t<div class=\"elementor-widget-container\">\n\t\t\t\t\t\t\t\t\t<div class=\"vc_tta-panel-body\"><div class=\"wpb_text_column wpb_content_element \"><div class=\"wpb_wrapper\"><h3>Qui contacter\u00a0?<\/h3><p>En cas de <strong>recueil de situation pr\u00e9occupantes<\/strong>, n\u2019interrogez pas la victime mais soyez \u00e0 l\u2019\u00e9coute et disponible. En cas de doute n\u2019h\u00e9sitez pas \u00e0 contacter<\/p><ul><li>Le <strong>service <\/strong><a href=\"mailto:stopviolences@ffck.org\"><strong>stopviolences@ffck.org<\/strong><\/a><\/li><\/ul><p>Vous pouvez \u00e9galement contacter\u00a0:<\/p><ul><li><strong>victimes mineur(e)s\u00a0\u00a0 Le 119<\/strong> \u00ab enfance en danger \u00bb (7j\/7 \u2013 24h\/24 \u2013 Gratuit)\u00a0<\/li><li><strong>victimes majeur(e)s\u00a0\u00a0 3919<\/strong> \u00ab violences Femmes info \u00bb \u2013 Gratuit ou <strong>116 006<\/strong> num\u00e9ro d\u2019aide aux victimes<\/li><li>Le <strong>portail de signalement gratuit, anonyme<\/strong> et disponible 24h\/24 du minist\u00e8re de l\u2019int\u00e9rieur : <a href=\"https:\/\/www.service-public.fr\/cmi\">https:\/\/www.service-public.fr\/cmi<\/a><\/li><\/ul><p><strong>Pour en savoir plus,<\/strong> le site gouvernemental \u2013 arr\u00eatons les violences <a href=\"https:\/\/arretonslesviolences.gouv.fr\/\">https:\/\/arretonslesviolences.gouv.fr\/<\/a><\/p><h5>\u00a0\u00a0\u00a0\u00a0\u00a0\u00a0\u00a0\u00a0\u00a0\u00a0\u00a0\u00a0\u00a0\u00a0\u00a0\u00a0\u00a0\u00a0\u00a0\u00a0\u00a0\u00a0\u00a0\u00a0\u00a0\u00a0\u00a0\u00a0\u00a0\u00a0\u00a0\u00a0\u00a0\u00a0\u00a0\u00a0\u00a0\u00a0\u00a0\u00a0\u00a0\u00a0\u00a0\u00a0\u00a0\u00a0\u00a0\u00a0\u00a0\u00a0\u00a0\u00a0\u00a0\u00a0\u00a0\u00a0\u00a0\u00a0\u00a0\u00a0 <img decoding=\"async\" class=\"alignnone  wp-image-3333\" src=\"https:\/\/canoekayakbretagne.fr\/wp-content\/uploads\/2022\/06\/119-300x300.png\" alt=\"\" width=\"144\" height=\"144\" srcset=\"https:\/\/canoekayakbretagne.fr\/wp-content\/uploads\/2022\/06\/119-300x300.png 300w, https:\/\/canoekayakbretagne.fr\/wp-content\/uploads\/2022\/06\/119-1024x1024.png 1024w, https:\/\/canoekayakbretagne.fr\/wp-content\/uploads\/2022\/06\/119-150x150.png 150w, https:\/\/canoekayakbretagne.fr\/wp-content\/uploads\/2022\/06\/119-768x768.png 768w, https:\/\/canoekayakbretagne.fr\/wp-content\/uploads\/2022\/06\/119-600x600.png 600w, https:\/\/canoekayakbretagne.fr\/wp-content\/uploads\/2022\/06\/119-100x100.png 100w, https:\/\/canoekayakbretagne.fr\/wp-content\/uploads\/2022\/06\/119.png 1080w\" sizes=\"(max-width: 144px) 100vw, 144px\" \/> \u00a0\u00a0\u00a0\u00a0\u00a0\u00a0\u00a0\u00a0\u00a0\u00a0\u00a0\u00a0\u00a0\u00a0\u00a0\u00a0\u00a0\u00a0 <img loading=\"lazy\" decoding=\"async\" class=\"alignnone  wp-image-3330\" src=\"https:\/\/canoekayakbretagne.fr\/wp-content\/uploads\/2022\/06\/116006.png\" alt=\"\" width=\"191\" height=\"122\" \/><\/h5><h5>\u00a0<\/h5><h5>Pour des accompagnements et conseils<\/h5><p>Le CRBCK est en lien avec l&rsquo;antenne Bretagne de l\u2019association <strong>Colosse aux pieds d\u2019argile <\/strong>(r\u00e9f\u00e9rent : Quentin LEPORTIER) t\u00e9l. : 06 70 72 21 99\u00a0 \u2013 e-mail : <a href=\"mailto:bretagne@colosse.fr\" target=\"_blank\" rel=\"noopener\">bretagne@colosse.fr<\/a> site : http:\/\/www.colosseauxpiedsdargile.org\/contact\/<\/p><ul><li><strong>L\u2019association La voix de l\u2019enfant<\/strong> t\u00e9l. : 01 56 96 03 00 \u2013 e-mail : <a href=\"mailto:info@lavoixdelenfant.org\">info@lavoixdelenfant.org<\/a> site : http:\/\/www.lavoixdelenfant.org<\/li><li><strong>L\u2019association Les papillons<\/strong> \u2013 t\u00e9l. : 06 33 53 69 74 site et contact : <a href=\"https:\/\/www.associationlespapillons.org\/contact\">https:\/\/www.associationlespapillons.org\/contact<\/a><\/li><li><strong>Le comit\u00e9 \u00c9thique et sport<\/strong> \u2013 t\u00e9l. : 06 14 42 01 74 site et contact : <a href=\"http:\/\/www.ethiqueetsport.com\/contact\/\">http:\/\/www.ethiqueetsport.com\/contact\/<\/a><\/li><li><strong>Le comit\u00e9 national contre le bizutage<\/strong> t\u00e9l. : 06 07 45 26 11 ou 06 82 81 40 70 ou 06 07 76 93 20\u00a0\u00a0 site : <a href=\"http:\/\/www.contrelebizutage.fr\/contact.php\">http:\/\/www.contrelebizutage.fr\/contact.php<\/a><\/li><\/ul><\/div><\/div><\/div>\t\t\t\t\t\t\t\t<\/div>\n\t\t\t\t<\/div>\n\t\t\t\t<div class=\"elementor-element elementor-element-4600b78 elementor-widget elementor-widget-image\" data-id=\"4600b78\" data-element_type=\"widget\" data-e-type=\"widget\" data-widget_type=\"image.default\">\n\t\t\t\t<div class=\"elementor-widget-container\">\n\t\t\t\t\t\t\t\t\t\t\t\t\t\t\t<img loading=\"lazy\" decoding=\"async\" width=\"724\" height=\"1024\" src=\"https:\/\/canoekayakbretagne.fr\/wp-content\/uploads\/2022\/06\/affiche-colosse_page-0001-724x1024.jpg\" class=\"attachment-large size-large wp-image-3331\" alt=\"\" srcset=\"https:\/\/canoekayakbretagne.fr\/wp-content\/uploads\/2022\/06\/affiche-colosse_page-0001-724x1024.jpg 724w, https:\/\/canoekayakbretagne.fr\/wp-content\/uploads\/2022\/06\/affiche-colosse_page-0001-212x300.jpg 212w, https:\/\/canoekayakbretagne.fr\/wp-content\/uploads\/2022\/06\/affiche-colosse_page-0001-768x1086.jpg 768w, https:\/\/canoekayakbretagne.fr\/wp-content\/uploads\/2022\/06\/affiche-colosse_page-0001-1086x1536.jpg 1086w, https:\/\/canoekayakbretagne.fr\/wp-content\/uploads\/2022\/06\/affiche-colosse_page-0001-1448x2048.jpg 1448w, https:\/\/canoekayakbretagne.fr\/wp-content\/uploads\/2022\/06\/affiche-colosse_page-0001-600x848.jpg 600w, https:\/\/canoekayakbretagne.fr\/wp-content\/uploads\/2022\/06\/affiche-colosse_page-0001-rotated.jpg 1754w\" sizes=\"(max-width: 724px) 100vw, 724px\" \/>\t\t\t\t\t\t\t\t\t\t\t\t\t\t\t<\/div>\n\t\t\t\t<\/div>\n\t\t\t\t\t<\/div>\n\t\t<\/div>\n\t\t\t\t\t<\/div>\n\t\t<\/section>\n\t\t\t\t<\/div>\n\t\t","protected":false},"excerpt":{"rendered":"<p>Il n\u2019y a pas de \u00ab&nbsp;petites violences&nbsp;\u00bb, chaque individu per\u00e7ois diff\u00e9remment les situations selon son v\u00e9cu et ses propres sensibilit\u00e9s.<\/p>\n","protected":false},"author":2,"featured_media":0,"parent":0,"menu_order":0,"comment_status":"closed","ping_status":"closed","template":"","meta":{"colormag_page_container_layout":"default_layout","colormag_page_sidebar_layout":"default_layout","footnotes":""},"class_list":["post-2146","page","type-page","status-publish","hentry"],"yoast_head":"<!-- This site is optimized with the Yoast SEO plugin v27.2 - https:\/\/yoast.com\/product\/yoast-seo-wordpress\/ -->\n<title>Stop Violence - Comit\u00e9 R\u00e9gional de Bretagne de Cano\u00eb-Kayak - CRBCK<\/title>\n<meta name=\"robots\" content=\"index, follow, max-snippet:-1, max-image-preview:large, max-video-preview:-1\" \/>\n<link rel=\"canonical\" href=\"https:\/\/canoekayakbretagne.fr\/index.php\/stop-violence\/\" \/>\n<meta property=\"og:locale\" content=\"fr_FR\" \/>\n<meta property=\"og:type\" content=\"article\" \/>\n<meta property=\"og:title\" content=\"Stop Violence - Comit\u00e9 R\u00e9gional de Bretagne de Cano\u00eb-Kayak - CRBCK\" \/>\n<meta property=\"og:description\" content=\"Il n\u2019y a pas de \u00ab&nbsp;petites violences&nbsp;\u00bb, chaque individu per\u00e7ois diff\u00e9remment les situations selon son v\u00e9cu et ses propres sensibilit\u00e9s.\" \/>\n<meta property=\"og:url\" content=\"https:\/\/canoekayakbretagne.fr\/index.php\/stop-violence\/\" \/>\n<meta property=\"og:site_name\" content=\"Comit\u00e9 R\u00e9gional de Bretagne de Cano\u00eb-Kayak - CRBCK\" \/>\n<meta property=\"article:modified_time\" content=\"2022-06-29T09:54:26+00:00\" \/>\n<meta property=\"og:image\" content=\"https:\/\/canoekayakbretagne.fr\/wp-content\/uploads\/2022\/06\/image-ministere-justice-300x225-1.jpg\" \/>\n<meta name=\"twitter:card\" content=\"summary_large_image\" \/>\n<meta name=\"twitter:label1\" content=\"Dur\u00e9e de lecture estim\u00e9e\" \/>\n\t<meta name=\"twitter:data1\" content=\"4 minutes\" \/>\n<script type=\"application\/ld+json\" class=\"yoast-schema-graph\">{\"@context\":\"https:\/\/schema.org\",\"@graph\":[{\"@type\":\"WebPage\",\"@id\":\"https:\/\/canoekayakbretagne.fr\/index.php\/stop-violence\/\",\"url\":\"https:\/\/canoekayakbretagne.fr\/index.php\/stop-violence\/\",\"name\":\"Stop Violence - Comit\u00e9 R\u00e9gional de Bretagne de Cano\u00eb-Kayak - CRBCK\",\"isPartOf\":{\"@id\":\"https:\/\/canoekayakbretagne.fr\/#website\"},\"primaryImageOfPage\":{\"@id\":\"https:\/\/canoekayakbretagne.fr\/index.php\/stop-violence\/#primaryimage\"},\"image\":{\"@id\":\"https:\/\/canoekayakbretagne.fr\/index.php\/stop-violence\/#primaryimage\"},\"thumbnailUrl\":\"https:\/\/canoekayakbretagne.fr\/wp-content\/uploads\/2022\/06\/image-ministere-justice-300x225-1.jpg\",\"datePublished\":\"2021-05-25T13:07:31+00:00\",\"dateModified\":\"2022-06-29T09:54:26+00:00\",\"breadcrumb\":{\"@id\":\"https:\/\/canoekayakbretagne.fr\/index.php\/stop-violence\/#breadcrumb\"},\"inLanguage\":\"fr-FR\",\"potentialAction\":[{\"@type\":\"ReadAction\",\"target\":[\"https:\/\/canoekayakbretagne.fr\/index.php\/stop-violence\/\"]}]},{\"@type\":\"ImageObject\",\"inLanguage\":\"fr-FR\",\"@id\":\"https:\/\/canoekayakbretagne.fr\/index.php\/stop-violence\/#primaryimage\",\"url\":\"https:\/\/canoekayakbretagne.fr\/wp-content\/uploads\/2022\/06\/image-ministere-justice-300x225-1.jpg\",\"contentUrl\":\"https:\/\/canoekayakbretagne.fr\/wp-content\/uploads\/2022\/06\/image-ministere-justice-300x225-1.jpg\",\"width\":300,\"height\":225},{\"@type\":\"BreadcrumbList\",\"@id\":\"https:\/\/canoekayakbretagne.fr\/index.php\/stop-violence\/#breadcrumb\",\"itemListElement\":[{\"@type\":\"ListItem\",\"position\":1,\"name\":\"Accueil\",\"item\":\"https:\/\/canoekayakbretagne.fr\/\"},{\"@type\":\"ListItem\",\"position\":2,\"name\":\"Stop Violence\"}]},{\"@type\":\"WebSite\",\"@id\":\"https:\/\/canoekayakbretagne.fr\/#website\",\"url\":\"https:\/\/canoekayakbretagne.fr\/\",\"name\":\"Comit\u00e9 R\u00e9gional de Bretagne de Cano\u00eb-Kayak - CRBCK\",\"description\":\"&quot;Les sports de pagaie, partout o\u00f9 il y a de l\u2019eau.&quot;\",\"publisher\":{\"@id\":\"https:\/\/canoekayakbretagne.fr\/#organization\"},\"potentialAction\":[{\"@type\":\"SearchAction\",\"target\":{\"@type\":\"EntryPoint\",\"urlTemplate\":\"https:\/\/canoekayakbretagne.fr\/?s={search_term_string}\"},\"query-input\":{\"@type\":\"PropertyValueSpecification\",\"valueRequired\":true,\"valueName\":\"search_term_string\"}}],\"inLanguage\":\"fr-FR\"},{\"@type\":\"Organization\",\"@id\":\"https:\/\/canoekayakbretagne.fr\/#organization\",\"name\":\"Comit\u00e9 R\u00e9gional de Bretagne de Cano\u00eb-Kayak - CRBCK\",\"url\":\"https:\/\/canoekayakbretagne.fr\/\",\"logo\":{\"@type\":\"ImageObject\",\"inLanguage\":\"fr-FR\",\"@id\":\"https:\/\/canoekayakbretagne.fr\/#\/schema\/logo\/image\/\",\"url\":\"https:\/\/canoekayakbretagne.fr\/wp-content\/uploads\/2022\/01\/cropped-LOGO_BRETAGNE_300x300.jpg\",\"contentUrl\":\"https:\/\/canoekayakbretagne.fr\/wp-content\/uploads\/2022\/01\/cropped-LOGO_BRETAGNE_300x300.jpg\",\"width\":300,\"height\":300,\"caption\":\"Comit\u00e9 R\u00e9gional de Bretagne de Cano\u00eb-Kayak - CRBCK\"},\"image\":{\"@id\":\"https:\/\/canoekayakbretagne.fr\/#\/schema\/logo\/image\/\"}}]}<\/script>\n<!-- \/ Yoast SEO plugin. -->","yoast_head_json":{"title":"Stop Violence - Comit\u00e9 R\u00e9gional de Bretagne de Cano\u00eb-Kayak - CRBCK","robots":{"index":"index","follow":"follow","max-snippet":"max-snippet:-1","max-image-preview":"max-image-preview:large","max-video-preview":"max-video-preview:-1"},"canonical":"https:\/\/canoekayakbretagne.fr\/index.php\/stop-violence\/","og_locale":"fr_FR","og_type":"article","og_title":"Stop Violence - Comit\u00e9 R\u00e9gional de Bretagne de Cano\u00eb-Kayak - CRBCK","og_description":"Il n\u2019y a pas de \u00ab&nbsp;petites violences&nbsp;\u00bb, chaque individu per\u00e7ois diff\u00e9remment les situations selon son v\u00e9cu et ses propres sensibilit\u00e9s.","og_url":"https:\/\/canoekayakbretagne.fr\/index.php\/stop-violence\/","og_site_name":"Comit\u00e9 R\u00e9gional de Bretagne de Cano\u00eb-Kayak - CRBCK","article_modified_time":"2022-06-29T09:54:26+00:00","og_image":[{"url":"https:\/\/canoekayakbretagne.fr\/wp-content\/uploads\/2022\/06\/image-ministere-justice-300x225-1.jpg","type":"","width":"","height":""}],"twitter_card":"summary_large_image","twitter_misc":{"Dur\u00e9e de lecture estim\u00e9e":"4 minutes"},"schema":{"@context":"https:\/\/schema.org","@graph":[{"@type":"WebPage","@id":"https:\/\/canoekayakbretagne.fr\/index.php\/stop-violence\/","url":"https:\/\/canoekayakbretagne.fr\/index.php\/stop-violence\/","name":"Stop Violence - Comit\u00e9 R\u00e9gional de Bretagne de Cano\u00eb-Kayak - CRBCK","isPartOf":{"@id":"https:\/\/canoekayakbretagne.fr\/#website"},"primaryImageOfPage":{"@id":"https:\/\/canoekayakbretagne.fr\/index.php\/stop-violence\/#primaryimage"},"image":{"@id":"https:\/\/canoekayakbretagne.fr\/index.php\/stop-violence\/#primaryimage"},"thumbnailUrl":"https:\/\/canoekayakbretagne.fr\/wp-content\/uploads\/2022\/06\/image-ministere-justice-300x225-1.jpg","datePublished":"2021-05-25T13:07:31+00:00","dateModified":"2022-06-29T09:54:26+00:00","breadcrumb":{"@id":"https:\/\/canoekayakbretagne.fr\/index.php\/stop-violence\/#breadcrumb"},"inLanguage":"fr-FR","potentialAction":[{"@type":"ReadAction","target":["https:\/\/canoekayakbretagne.fr\/index.php\/stop-violence\/"]}]},{"@type":"ImageObject","inLanguage":"fr-FR","@id":"https:\/\/canoekayakbretagne.fr\/index.php\/stop-violence\/#primaryimage","url":"https:\/\/canoekayakbretagne.fr\/wp-content\/uploads\/2022\/06\/image-ministere-justice-300x225-1.jpg","contentUrl":"https:\/\/canoekayakbretagne.fr\/wp-content\/uploads\/2022\/06\/image-ministere-justice-300x225-1.jpg","width":300,"height":225},{"@type":"BreadcrumbList","@id":"https:\/\/canoekayakbretagne.fr\/index.php\/stop-violence\/#breadcrumb","itemListElement":[{"@type":"ListItem","position":1,"name":"Accueil","item":"https:\/\/canoekayakbretagne.fr\/"},{"@type":"ListItem","position":2,"name":"Stop Violence"}]},{"@type":"WebSite","@id":"https:\/\/canoekayakbretagne.fr\/#website","url":"https:\/\/canoekayakbretagne.fr\/","name":"Comit\u00e9 R\u00e9gional de Bretagne de Cano\u00eb-Kayak - CRBCK","description":"&quot;Les sports de pagaie, partout o\u00f9 il y a de l\u2019eau.&quot;","publisher":{"@id":"https:\/\/canoekayakbretagne.fr\/#organization"},"potentialAction":[{"@type":"SearchAction","target":{"@type":"EntryPoint","urlTemplate":"https:\/\/canoekayakbretagne.fr\/?s={search_term_string}"},"query-input":{"@type":"PropertyValueSpecification","valueRequired":true,"valueName":"search_term_string"}}],"inLanguage":"fr-FR"},{"@type":"Organization","@id":"https:\/\/canoekayakbretagne.fr\/#organization","name":"Comit\u00e9 R\u00e9gional de Bretagne de Cano\u00eb-Kayak - CRBCK","url":"https:\/\/canoekayakbretagne.fr\/","logo":{"@type":"ImageObject","inLanguage":"fr-FR","@id":"https:\/\/canoekayakbretagne.fr\/#\/schema\/logo\/image\/","url":"https:\/\/canoekayakbretagne.fr\/wp-content\/uploads\/2022\/01\/cropped-LOGO_BRETAGNE_300x300.jpg","contentUrl":"https:\/\/canoekayakbretagne.fr\/wp-content\/uploads\/2022\/01\/cropped-LOGO_BRETAGNE_300x300.jpg","width":300,"height":300,"caption":"Comit\u00e9 R\u00e9gional de Bretagne de Cano\u00eb-Kayak - CRBCK"},"image":{"@id":"https:\/\/canoekayakbretagne.fr\/#\/schema\/logo\/image\/"}}]}},"_links":{"self":[{"href":"https:\/\/canoekayakbretagne.fr\/index.php\/wp-json\/wp\/v2\/pages\/2146","targetHints":{"allow":["GET"]}}],"collection":[{"href":"https:\/\/canoekayakbretagne.fr\/index.php\/wp-json\/wp\/v2\/pages"}],"about":[{"href":"https:\/\/canoekayakbretagne.fr\/index.php\/wp-json\/wp\/v2\/types\/page"}],"author":[{"embeddable":true,"href":"https:\/\/canoekayakbretagne.fr\/index.php\/wp-json\/wp\/v2\/users\/2"}],"replies":[{"embeddable":true,"href":"https:\/\/canoekayakbretagne.fr\/index.php\/wp-json\/wp\/v2\/comments?post=2146"}],"version-history":[{"count":4,"href":"https:\/\/canoekayakbretagne.fr\/index.php\/wp-json\/wp\/v2\/pages\/2146\/revisions"}],"predecessor-version":[{"id":3337,"href":"https:\/\/canoekayakbretagne.fr\/index.php\/wp-json\/wp\/v2\/pages\/2146\/revisions\/3337"}],"wp:attachment":[{"href":"https:\/\/canoekayakbretagne.fr\/index.php\/wp-json\/wp\/v2\/media?parent=2146"}],"curies":[{"name":"wp","href":"https:\/\/api.w.org\/{rel}","templated":true}]}}