{"id":283,"date":"2020-04-28T19:29:15","date_gmt":"2020-04-28T19:29:15","guid":{"rendered":"https:\/\/canoekayakbretagne.fr\/index.php\/parcours-de-performance\/pass\/liste-ministerielle-shn-espoirs-bretons\/"},"modified":"2020-04-28T19:29:15","modified_gmt":"2020-04-28T19:29:15","slug":"liste-ministerielle-shn-espoirs-bretons","status":"publish","type":"page","link":"https:\/\/canoekayakbretagne.fr\/index.php\/parcours-de-performance\/pass\/liste-ministerielle-shn-espoirs-bretons\/","title":{"rendered":"Liste Minist\u00e9rielle : SHN &#038; Espoirs Bretons"},"content":{"rendered":"<h3 id=\\\"liste_ministerielle_espoirs_athletes_canoe-kayak_region_bretagne\\\" class=\\\"sectionedit1\\\">Liste minist\u00e9rielle \u00ab&nbsp;ESPOIRS&nbsp;\u00bb<br \/>\nathl\u00e8tes Cano\u00eb-Kayak r\u00e9gion Bretagne<\/h3>\n<p>Veuillez trouver ci-joint la liste des 33 athl\u00e8tes bretons list\u00e9s \u201cEspoirs\u201d pour la saison 2018:&nbsp;<a href=\\\"https:\/\/web.archive.org\/web\/20190707235431\/http:\/\/canoe-kayak-bretagne.fr\/wordpress\/wp-content\/uploads\/2018\/07\/liste-minist%C3%A9rielle-Espoirs-2018-CK.pdf\\\">liste minist\u00e9rielle Espoirs 2018 CK<\/a><\/p>\n<p>Le lien vers le site officiel du Minist\u00e8re des Sports pour retrouver et consulter les infos sur les listes Espoirs:<\/p>\n<p><a href=\\\"https:\/\/web.archive.org\/web\/20190707235431\/http:\/\/www.sports.gouv.fr\/pratiques-sportives\/sport-performance\/Sport-de-haut-niveau\/article\/Liste-ministerielles-de-sportifs\\\">http:\/\/www.sports.gouv.fr\/pratiques-sportives\/sport-performance\/Sport-de-haut-niveau\/article\/Liste-ministerielles-de-sportifs<\/a><\/p>\n<div class=\\\"secedit editbutton_section editbutton_1\\\">\n<form class=\\\"button btn_secedit\\\" action=\\\"https:\/\/web.archive.org\/web\/20190707235431\/http:\/\/canoe-kayak-bretagne.fr\/site\/doku.php\/pes:listeministerielle\\\" method=\\\"post\\\">\n<div class=\\\"no\\\">\n<hr>\n<\/div>\n<\/form>\n<\/div>\n<h3 id=\\\"liste_ministerielle_sportifs_haut_niveau_shn_athletes_canoe-kayak_region_bretagne\\\" class=\\\"sectionedit2\\\">Liste minist\u00e9rielle \u00ab&nbsp;SPORTIFS HAUT NIVEAU (SHN)&nbsp;\u00bb<br \/>\nathl\u00e8tes Cano\u00eb-Kayak r\u00e9gion Bretagne<\/h3>\n<h3 class=\\\"sectionedit2\\\">&nbsp;<\/h3>\n<div class=\\\"level1\\\">\n<p>Veuillez trouver ci-joint la liste des 37 athl\u00e8tes bretons list\u00e9s \u201cSHN\u201d pour la saison 2018.<\/p>\n<p>La mise en liste est faite sur r\u00e9sultats sportifs obtenus sur les comp\u00e9titions de r\u00e9f\u00e9rence dans l\u2019ann\u00e9e:<a class=\\\"media mediafile mf_pdf\\\" title=\\\"pes:liste_shn_athle_tes_bzh_2017_6nov16_.pdf (181.4 KB)\\\" href=\\\"https:\/\/web.archive.org\/web\/20190707235431\/http:\/\/canoe-kayak-bretagne.fr\/site\/lib\/exe\/fetch.php\/pes:liste_shn_athle_tes_bzh_2017_6nov16_.pdf\\\">&nbsp;<\/a><a href=\\\"https:\/\/web.archive.org\/web\/20190707235431\/http:\/\/canoe-kayak-bretagne.fr\/wordpress\/wp-content\/uploads\/2018\/07\/liste-minist%C3%A9rielle-SHN-2018-CK.pdf\\\">liste minist\u00e9rielle SHN 2018 CK<\/a><\/p>\n<p>Le lien vers le site officiel du Minist\u00e8re des Sports pour retrouver et consulter les infos sur les listes SHN:<\/p>\n<p><a href=\\\"https:\/\/web.archive.org\/web\/20190707235431\/http:\/\/www.sports.gouv.fr\/pratiques-sportives\/sport-performance\/Sport-de-haut-niveau\/article\/Liste-ministerielles-de-sportifs\\\">http:\/\/www.sports.gouv.fr\/pratiques-sportives\/sport-performance\/Sport-de-haut-niveau\/article\/Liste-ministerielles-de-sportifs<\/a><\/p>\n<\/div>\n","protected":false},"excerpt":{"rendered":"<p>Liste minist\u00e9rielle \u00ab&nbsp;ESPOIRS&nbsp;\u00bb athl\u00e8tes Cano\u00eb-Kayak r\u00e9gion Bretagne Veuillez trouver ci-joint la liste des 33 athl\u00e8tes bretons list\u00e9s \u201cEspoirs\u201d pour la<\/p>\n","protected":false},"author":3,"featured_media":0,"parent":276,"menu_order":0,"comment_status":"closed","ping_status":"closed","template":"","meta":{"colormag_page_container_layout":"default_layout","colormag_page_sidebar_layout":"default_layout","footnotes":""},"class_list":["post-283","page","type-page","status-publish","hentry"],"yoast_head":"<!-- This site is optimized with the Yoast SEO plugin v27.2 - https:\/\/yoast.com\/product\/yoast-seo-wordpress\/ -->\n<title>Liste Minist\u00e9rielle : SHN &amp; Espoirs Bretons - Comit\u00e9 R\u00e9gional de Bretagne de Cano\u00eb-Kayak - CRBCK<\/title>\n<meta name=\"robots\" content=\"index, follow, max-snippet:-1, max-image-preview:large, max-video-preview:-1\" \/>\n<link rel=\"canonical\" href=\"https:\/\/canoekayakbretagne.fr\/index.php\/parcours-de-performance\/pass\/liste-ministerielle-shn-espoirs-bretons\/\" \/>\n<meta property=\"og:locale\" content=\"fr_FR\" \/>\n<meta property=\"og:type\" content=\"article\" \/>\n<meta property=\"og:title\" content=\"Liste Minist\u00e9rielle : SHN &amp; Espoirs Bretons - Comit\u00e9 R\u00e9gional de Bretagne de Cano\u00eb-Kayak - CRBCK\" \/>\n<meta property=\"og:description\" content=\"Liste minist\u00e9rielle \u00ab&nbsp;ESPOIRS&nbsp;\u00bb athl\u00e8tes Cano\u00eb-Kayak r\u00e9gion Bretagne Veuillez trouver ci-joint la liste des 33 athl\u00e8tes bretons list\u00e9s \u201cEspoirs\u201d pour la\" \/>\n<meta property=\"og:url\" content=\"https:\/\/canoekayakbretagne.fr\/index.php\/parcours-de-performance\/pass\/liste-ministerielle-shn-espoirs-bretons\/\" \/>\n<meta property=\"og:site_name\" content=\"Comit\u00e9 R\u00e9gional de Bretagne de Cano\u00eb-Kayak - CRBCK\" \/>\n<meta name=\"twitter:card\" content=\"summary_large_image\" \/>\n<meta name=\"twitter:label1\" content=\"Dur\u00e9e de lecture estim\u00e9e\" \/>\n\t<meta name=\"twitter:data1\" content=\"1 minute\" \/>\n<script type=\"application\/ld+json\" class=\"yoast-schema-graph\">{\"@context\":\"https:\/\/schema.org\",\"@graph\":[{\"@type\":\"WebPage\",\"@id\":\"https:\/\/canoekayakbretagne.fr\/index.php\/parcours-de-performance\/pass\/liste-ministerielle-shn-espoirs-bretons\/\",\"url\":\"https:\/\/canoekayakbretagne.fr\/index.php\/parcours-de-performance\/pass\/liste-ministerielle-shn-espoirs-bretons\/\",\"name\":\"Liste Minist\u00e9rielle : SHN & Espoirs Bretons - Comit\u00e9 R\u00e9gional de Bretagne de Cano\u00eb-Kayak - CRBCK\",\"isPartOf\":{\"@id\":\"https:\/\/canoekayakbretagne.fr\/#website\"},\"datePublished\":\"2020-04-28T19:29:15+00:00\",\"breadcrumb\":{\"@id\":\"https:\/\/canoekayakbretagne.fr\/index.php\/parcours-de-performance\/pass\/liste-ministerielle-shn-espoirs-bretons\/#breadcrumb\"},\"inLanguage\":\"fr-FR\",\"potentialAction\":[{\"@type\":\"ReadAction\",\"target\":[\"https:\/\/canoekayakbretagne.fr\/index.php\/parcours-de-performance\/pass\/liste-ministerielle-shn-espoirs-bretons\/\"]}]},{\"@type\":\"BreadcrumbList\",\"@id\":\"https:\/\/canoekayakbretagne.fr\/index.php\/parcours-de-performance\/pass\/liste-ministerielle-shn-espoirs-bretons\/#breadcrumb\",\"itemListElement\":[{\"@type\":\"ListItem\",\"position\":1,\"name\":\"Accueil\",\"item\":\"https:\/\/canoekayakbretagne.fr\/\"},{\"@type\":\"ListItem\",\"position\":2,\"name\":\"Parcours de performance\",\"item\":\"https:\/\/canoekayakbretagne.fr\/index.php\/parcours-de-performance\/\"},{\"@type\":\"ListItem\",\"position\":3,\"name\":\"PASS\",\"item\":\"https:\/\/canoekayakbretagne.fr\/index.php\/parcours-de-performance\/pass\/\"},{\"@type\":\"ListItem\",\"position\":4,\"name\":\"Liste Minist\u00e9rielle : SHN &#038; Espoirs Bretons\"}]},{\"@type\":\"WebSite\",\"@id\":\"https:\/\/canoekayakbretagne.fr\/#website\",\"url\":\"https:\/\/canoekayakbretagne.fr\/\",\"name\":\"Comit\u00e9 R\u00e9gional de Bretagne de Cano\u00eb-Kayak - CRBCK\",\"description\":\"&quot;Les sports de pagaie, partout o\u00f9 il y a de l\u2019eau.&quot;\",\"publisher\":{\"@id\":\"https:\/\/canoekayakbretagne.fr\/#organization\"},\"potentialAction\":[{\"@type\":\"SearchAction\",\"target\":{\"@type\":\"EntryPoint\",\"urlTemplate\":\"https:\/\/canoekayakbretagne.fr\/?s={search_term_string}\"},\"query-input\":{\"@type\":\"PropertyValueSpecification\",\"valueRequired\":true,\"valueName\":\"search_term_string\"}}],\"inLanguage\":\"fr-FR\"},{\"@type\":\"Organization\",\"@id\":\"https:\/\/canoekayakbretagne.fr\/#organization\",\"name\":\"Comit\u00e9 R\u00e9gional de Bretagne de Cano\u00eb-Kayak - CRBCK\",\"url\":\"https:\/\/canoekayakbretagne.fr\/\",\"logo\":{\"@type\":\"ImageObject\",\"inLanguage\":\"fr-FR\",\"@id\":\"https:\/\/canoekayakbretagne.fr\/#\/schema\/logo\/image\/\",\"url\":\"https:\/\/canoekayakbretagne.fr\/wp-content\/uploads\/2022\/01\/cropped-LOGO_BRETAGNE_300x300.jpg\",\"contentUrl\":\"https:\/\/canoekayakbretagne.fr\/wp-content\/uploads\/2022\/01\/cropped-LOGO_BRETAGNE_300x300.jpg\",\"width\":300,\"height\":300,\"caption\":\"Comit\u00e9 R\u00e9gional de Bretagne de Cano\u00eb-Kayak - CRBCK\"},\"image\":{\"@id\":\"https:\/\/canoekayakbretagne.fr\/#\/schema\/logo\/image\/\"}}]}<\/script>\n<!-- \/ Yoast SEO plugin. -->","yoast_head_json":{"title":"Liste Minist\u00e9rielle : SHN & Espoirs Bretons - Comit\u00e9 R\u00e9gional de Bretagne de Cano\u00eb-Kayak - CRBCK","robots":{"index":"index","follow":"follow","max-snippet":"max-snippet:-1","max-image-preview":"max-image-preview:large","max-video-preview":"max-video-preview:-1"},"canonical":"https:\/\/canoekayakbretagne.fr\/index.php\/parcours-de-performance\/pass\/liste-ministerielle-shn-espoirs-bretons\/","og_locale":"fr_FR","og_type":"article","og_title":"Liste Minist\u00e9rielle : SHN & Espoirs Bretons - Comit\u00e9 R\u00e9gional de Bretagne de Cano\u00eb-Kayak - CRBCK","og_description":"Liste minist\u00e9rielle \u00ab&nbsp;ESPOIRS&nbsp;\u00bb athl\u00e8tes Cano\u00eb-Kayak r\u00e9gion Bretagne Veuillez trouver ci-joint la liste des 33 athl\u00e8tes bretons list\u00e9s \u201cEspoirs\u201d pour la","og_url":"https:\/\/canoekayakbretagne.fr\/index.php\/parcours-de-performance\/pass\/liste-ministerielle-shn-espoirs-bretons\/","og_site_name":"Comit\u00e9 R\u00e9gional de Bretagne de Cano\u00eb-Kayak - CRBCK","twitter_card":"summary_large_image","twitter_misc":{"Dur\u00e9e de lecture estim\u00e9e":"1 minute"},"schema":{"@context":"https:\/\/schema.org","@graph":[{"@type":"WebPage","@id":"https:\/\/canoekayakbretagne.fr\/index.php\/parcours-de-performance\/pass\/liste-ministerielle-shn-espoirs-bretons\/","url":"https:\/\/canoekayakbretagne.fr\/index.php\/parcours-de-performance\/pass\/liste-ministerielle-shn-espoirs-bretons\/","name":"Liste Minist\u00e9rielle : SHN & Espoirs Bretons - Comit\u00e9 R\u00e9gional de Bretagne de Cano\u00eb-Kayak - CRBCK","isPartOf":{"@id":"https:\/\/canoekayakbretagne.fr\/#website"},"datePublished":"2020-04-28T19:29:15+00:00","breadcrumb":{"@id":"https:\/\/canoekayakbretagne.fr\/index.php\/parcours-de-performance\/pass\/liste-ministerielle-shn-espoirs-bretons\/#breadcrumb"},"inLanguage":"fr-FR","potentialAction":[{"@type":"ReadAction","target":["https:\/\/canoekayakbretagne.fr\/index.php\/parcours-de-performance\/pass\/liste-ministerielle-shn-espoirs-bretons\/"]}]},{"@type":"BreadcrumbList","@id":"https:\/\/canoekayakbretagne.fr\/index.php\/parcours-de-performance\/pass\/liste-ministerielle-shn-espoirs-bretons\/#breadcrumb","itemListElement":[{"@type":"ListItem","position":1,"name":"Accueil","item":"https:\/\/canoekayakbretagne.fr\/"},{"@type":"ListItem","position":2,"name":"Parcours de performance","item":"https:\/\/canoekayakbretagne.fr\/index.php\/parcours-de-performance\/"},{"@type":"ListItem","position":3,"name":"PASS","item":"https:\/\/canoekayakbretagne.fr\/index.php\/parcours-de-performance\/pass\/"},{"@type":"ListItem","position":4,"name":"Liste Minist\u00e9rielle : SHN &#038; Espoirs Bretons"}]},{"@type":"WebSite","@id":"https:\/\/canoekayakbretagne.fr\/#website","url":"https:\/\/canoekayakbretagne.fr\/","name":"Comit\u00e9 R\u00e9gional de Bretagne de Cano\u00eb-Kayak - CRBCK","description":"&quot;Les sports de pagaie, partout o\u00f9 il y a de l\u2019eau.&quot;","publisher":{"@id":"https:\/\/canoekayakbretagne.fr\/#organization"},"potentialAction":[{"@type":"SearchAction","target":{"@type":"EntryPoint","urlTemplate":"https:\/\/canoekayakbretagne.fr\/?s={search_term_string}"},"query-input":{"@type":"PropertyValueSpecification","valueRequired":true,"valueName":"search_term_string"}}],"inLanguage":"fr-FR"},{"@type":"Organization","@id":"https:\/\/canoekayakbretagne.fr\/#organization","name":"Comit\u00e9 R\u00e9gional de Bretagne de Cano\u00eb-Kayak - CRBCK","url":"https:\/\/canoekayakbretagne.fr\/","logo":{"@type":"ImageObject","inLanguage":"fr-FR","@id":"https:\/\/canoekayakbretagne.fr\/#\/schema\/logo\/image\/","url":"https:\/\/canoekayakbretagne.fr\/wp-content\/uploads\/2022\/01\/cropped-LOGO_BRETAGNE_300x300.jpg","contentUrl":"https:\/\/canoekayakbretagne.fr\/wp-content\/uploads\/2022\/01\/cropped-LOGO_BRETAGNE_300x300.jpg","width":300,"height":300,"caption":"Comit\u00e9 R\u00e9gional de Bretagne de Cano\u00eb-Kayak - CRBCK"},"image":{"@id":"https:\/\/canoekayakbretagne.fr\/#\/schema\/logo\/image\/"}}]}},"_links":{"self":[{"href":"https:\/\/canoekayakbretagne.fr\/index.php\/wp-json\/wp\/v2\/pages\/283","targetHints":{"allow":["GET"]}}],"collection":[{"href":"https:\/\/canoekayakbretagne.fr\/index.php\/wp-json\/wp\/v2\/pages"}],"about":[{"href":"https:\/\/canoekayakbretagne.fr\/index.php\/wp-json\/wp\/v2\/types\/page"}],"author":[{"embeddable":true,"href":"https:\/\/canoekayakbretagne.fr\/index.php\/wp-json\/wp\/v2\/users\/3"}],"replies":[{"embeddable":true,"href":"https:\/\/canoekayakbretagne.fr\/index.php\/wp-json\/wp\/v2\/comments?post=283"}],"version-history":[{"count":0,"href":"https:\/\/canoekayakbretagne.fr\/index.php\/wp-json\/wp\/v2\/pages\/283\/revisions"}],"up":[{"embeddable":true,"href":"https:\/\/canoekayakbretagne.fr\/index.php\/wp-json\/wp\/v2\/pages\/276"}],"wp:attachment":[{"href":"https:\/\/canoekayakbretagne.fr\/index.php\/wp-json\/wp\/v2\/media?parent=283"}],"curies":[{"name":"wp","href":"https:\/\/api.w.org\/{rel}","templated":true}]}}