{"id":288,"date":"2020-04-28T19:30:41","date_gmt":"2020-04-28T19:30:41","guid":{"rendered":"https:\/\/canoekayakbretagne.fr\/index.php\/parcours-de-performance\/pass\/tests-cle\/"},"modified":"2025-03-25T15:01:34","modified_gmt":"2025-03-25T14:01:34","slug":"tests-cle","status":"publish","type":"page","link":"https:\/\/canoekayakbretagne.fr\/index.php\/parcours-de-performance\/pass\/tests-cle\/","title":{"rendered":"Tests Centre d&rsquo;Entra\u00eenement D\u00e9partementaux (CED)"},"content":{"rendered":"\t\t<div data-elementor-type=\"wp-page\" data-elementor-id=\"288\" class=\"elementor elementor-288\">\n\t\t\t\t\t\t<section class=\"elementor-section elementor-top-section elementor-element elementor-element-6c1921c elementor-section-boxed elementor-section-height-default elementor-section-height-default\" data-id=\"6c1921c\" data-element_type=\"section\" data-e-type=\"section\">\n\t\t\t\t\t\t<div class=\"elementor-container elementor-column-gap-default\">\n\t\t\t\t\t<div class=\"elementor-column elementor-col-100 elementor-top-column elementor-element elementor-element-8988fa8\" data-id=\"8988fa8\" data-element_type=\"column\" data-e-type=\"column\">\n\t\t\t<div class=\"elementor-widget-wrap elementor-element-populated\">\n\t\t\t\t\t\t<div class=\"elementor-element elementor-element-401936aa elementor-widget elementor-widget-text-editor\" data-id=\"401936aa\" data-element_type=\"widget\" data-e-type=\"widget\" data-widget_type=\"text-editor.default\">\n\t\t\t\t<div class=\"elementor-widget-container\">\n\t\t\t\t\t\t\t\t\t<p><\/p>\n<p data-ogsc=\"rgb(26, 26, 26)\"><span style=\"text-decoration: underline;\"><strong>Les Tests CED :\u00a0<\/strong><\/span><\/p>\n<p data-ogsc=\"rgb(26, 26, 26)\"><span data-ogsc=\"\">L\u2019intention de ces tests est de permettre aux jeunes de rentrer dans une d\u00e9marche d\u2019accession aux structures d\u00e9partementales (Centre\u00a0d\u2019Entra\u00eenement D\u00e9partementaux).\u00a0<\/span><\/p>\n<p data-ogsc=\"rgb(26, 26, 26)\"><span data-ogsc=\"\">Les tests sont orient\u00e9s exclusivement sur la pr\u00e9paration physique g\u00e9n\u00e9rale socle de tout champion ou championne.\u00a0<\/span><\/p>\n<p data-ogsc=\"rgb(26, 26, 26)\"><span data-ogsc=\"\">Le format p\u00e9dagogique est bas\u00e9 sur la possibilit\u00e9 de s\u2019\u00e9valuer \u00e0 travers plusieurs ateliers qui couvrent les besoins de d\u00e9veloppement physique des jeunes tant sur la notion sant\u00e9 que performance. Pour cela chaque jeune peut choisir la d\u00e9clinaison correspondant \u00e0 ses comp\u00e9tences du moment.\u00a0<\/span><\/p>\n<p data-ogsc=\"rgb(26, 26, 26)\"><span data-ogsc=\"\">L\u2019intention de tout cela est d\u2019accompagner les jeunes, les clubs, les parents dans l\u2019entra\u00eenement physique.\u00a0<\/span><\/p>\n<p><span style=\"font-family: Sora, sans-serif; font-size: medium;\">La r\u00e9alisation des tests a lieu courant\u00a0mars pour une rentr\u00e9e des jeunes dans les structures en septembre.\u00a0<\/span><\/p>\n<p><span style=\"font-family: Sora, sans-serif; font-size: medium;\" data-ogsc=\"\" data-ogac=\"#1a1a1a\">Le responsable r\u00e9gional de tout cela est Camille (Kamin) Richer CTR CK.<\/span><\/p>\n<p><\/p>\n<p><\/p>\n<p><\/p>\n<p><\/p>\n<p><\/p>\t\t\t\t\t\t\t\t<\/div>\n\t\t\t\t<\/div>\n\t\t\t\t\t<\/div>\n\t\t<\/div>\n\t\t\t\t\t<\/div>\n\t\t<\/section>\n\t\t\t\t<section class=\"elementor-section elementor-top-section elementor-element elementor-element-1ce2466 elementor-section-boxed elementor-section-height-default elementor-section-height-default\" data-id=\"1ce2466\" data-element_type=\"section\" data-e-type=\"section\">\n\t\t\t\t\t\t<div class=\"elementor-container elementor-column-gap-default\">\n\t\t\t\t\t<div class=\"elementor-column elementor-col-100 elementor-top-column elementor-element elementor-element-28d0a81\" data-id=\"28d0a81\" data-element_type=\"column\" data-e-type=\"column\">\n\t\t\t<div class=\"elementor-widget-wrap\">\n\t\t\t\t\t\t\t<\/div>\n\t\t<\/div>\n\t\t\t\t\t<\/div>\n\t\t<\/section>\n\t\t\t\t<\/div>\n\t\t","protected":false},"excerpt":{"rendered":"<p>Les Tests CED :\u00a0 L\u2019intention de ces tests est de permettre aux jeunes de rentrer dans une d\u00e9marche d\u2019accession aux<\/p>\n","protected":false},"author":3,"featured_media":0,"parent":276,"menu_order":0,"comment_status":"closed","ping_status":"closed","template":"","meta":{"colormag_page_container_layout":"default_layout","colormag_page_sidebar_layout":"default_layout","footnotes":""},"class_list":["post-288","page","type-page","status-publish","hentry"],"yoast_head":"<!-- This site is optimized with the Yoast SEO plugin v27.2 - https:\/\/yoast.com\/product\/yoast-seo-wordpress\/ -->\n<title>Tests Centre d&#039;Entra\u00eenement D\u00e9partementaux (CED) - Comit\u00e9 R\u00e9gional de Bretagne de Cano\u00eb-Kayak - CRBCK<\/title>\n<meta name=\"robots\" content=\"index, follow, max-snippet:-1, max-image-preview:large, max-video-preview:-1\" \/>\n<link rel=\"canonical\" href=\"https:\/\/canoekayakbretagne.fr\/index.php\/parcours-de-performance\/pass\/tests-cle\/\" \/>\n<meta property=\"og:locale\" content=\"fr_FR\" \/>\n<meta property=\"og:type\" content=\"article\" \/>\n<meta property=\"og:title\" content=\"Tests Centre d&#039;Entra\u00eenement D\u00e9partementaux (CED) - Comit\u00e9 R\u00e9gional de Bretagne de Cano\u00eb-Kayak - CRBCK\" \/>\n<meta property=\"og:description\" content=\"Les Tests CED :\u00a0 L\u2019intention de ces tests est de permettre aux jeunes de rentrer dans une d\u00e9marche d\u2019accession aux\" \/>\n<meta property=\"og:url\" content=\"https:\/\/canoekayakbretagne.fr\/index.php\/parcours-de-performance\/pass\/tests-cle\/\" \/>\n<meta property=\"og:site_name\" content=\"Comit\u00e9 R\u00e9gional de Bretagne de Cano\u00eb-Kayak - CRBCK\" \/>\n<meta property=\"article:modified_time\" content=\"2025-03-25T14:01:34+00:00\" \/>\n<meta name=\"twitter:card\" content=\"summary_large_image\" \/>\n<meta name=\"twitter:label1\" content=\"Dur\u00e9e de lecture estim\u00e9e\" \/>\n\t<meta name=\"twitter:data1\" content=\"1 minute\" \/>\n<script type=\"application\/ld+json\" class=\"yoast-schema-graph\">{\"@context\":\"https:\/\/schema.org\",\"@graph\":[{\"@type\":\"WebPage\",\"@id\":\"https:\/\/canoekayakbretagne.fr\/index.php\/parcours-de-performance\/pass\/tests-cle\/\",\"url\":\"https:\/\/canoekayakbretagne.fr\/index.php\/parcours-de-performance\/pass\/tests-cle\/\",\"name\":\"Tests Centre d'Entra\u00eenement D\u00e9partementaux (CED) - Comit\u00e9 R\u00e9gional de Bretagne de Cano\u00eb-Kayak - CRBCK\",\"isPartOf\":{\"@id\":\"https:\/\/canoekayakbretagne.fr\/#website\"},\"datePublished\":\"2020-04-28T19:30:41+00:00\",\"dateModified\":\"2025-03-25T14:01:34+00:00\",\"breadcrumb\":{\"@id\":\"https:\/\/canoekayakbretagne.fr\/index.php\/parcours-de-performance\/pass\/tests-cle\/#breadcrumb\"},\"inLanguage\":\"fr-FR\",\"potentialAction\":[{\"@type\":\"ReadAction\",\"target\":[\"https:\/\/canoekayakbretagne.fr\/index.php\/parcours-de-performance\/pass\/tests-cle\/\"]}]},{\"@type\":\"BreadcrumbList\",\"@id\":\"https:\/\/canoekayakbretagne.fr\/index.php\/parcours-de-performance\/pass\/tests-cle\/#breadcrumb\",\"itemListElement\":[{\"@type\":\"ListItem\",\"position\":1,\"name\":\"Accueil\",\"item\":\"https:\/\/canoekayakbretagne.fr\/\"},{\"@type\":\"ListItem\",\"position\":2,\"name\":\"Parcours de performance\",\"item\":\"https:\/\/canoekayakbretagne.fr\/index.php\/parcours-de-performance\/\"},{\"@type\":\"ListItem\",\"position\":3,\"name\":\"PASS\",\"item\":\"https:\/\/canoekayakbretagne.fr\/index.php\/parcours-de-performance\/pass\/\"},{\"@type\":\"ListItem\",\"position\":4,\"name\":\"Tests Centre d&rsquo;Entra\u00eenement D\u00e9partementaux (CED)\"}]},{\"@type\":\"WebSite\",\"@id\":\"https:\/\/canoekayakbretagne.fr\/#website\",\"url\":\"https:\/\/canoekayakbretagne.fr\/\",\"name\":\"Comit\u00e9 R\u00e9gional de Bretagne de Cano\u00eb-Kayak - CRBCK\",\"description\":\"&quot;Les sports de pagaie, partout o\u00f9 il y a de l\u2019eau.&quot;\",\"publisher\":{\"@id\":\"https:\/\/canoekayakbretagne.fr\/#organization\"},\"potentialAction\":[{\"@type\":\"SearchAction\",\"target\":{\"@type\":\"EntryPoint\",\"urlTemplate\":\"https:\/\/canoekayakbretagne.fr\/?s={search_term_string}\"},\"query-input\":{\"@type\":\"PropertyValueSpecification\",\"valueRequired\":true,\"valueName\":\"search_term_string\"}}],\"inLanguage\":\"fr-FR\"},{\"@type\":\"Organization\",\"@id\":\"https:\/\/canoekayakbretagne.fr\/#organization\",\"name\":\"Comit\u00e9 R\u00e9gional de Bretagne de Cano\u00eb-Kayak - CRBCK\",\"url\":\"https:\/\/canoekayakbretagne.fr\/\",\"logo\":{\"@type\":\"ImageObject\",\"inLanguage\":\"fr-FR\",\"@id\":\"https:\/\/canoekayakbretagne.fr\/#\/schema\/logo\/image\/\",\"url\":\"https:\/\/canoekayakbretagne.fr\/wp-content\/uploads\/2022\/01\/cropped-LOGO_BRETAGNE_300x300.jpg\",\"contentUrl\":\"https:\/\/canoekayakbretagne.fr\/wp-content\/uploads\/2022\/01\/cropped-LOGO_BRETAGNE_300x300.jpg\",\"width\":300,\"height\":300,\"caption\":\"Comit\u00e9 R\u00e9gional de Bretagne de Cano\u00eb-Kayak - CRBCK\"},\"image\":{\"@id\":\"https:\/\/canoekayakbretagne.fr\/#\/schema\/logo\/image\/\"}}]}<\/script>\n<!-- \/ Yoast SEO plugin. -->","yoast_head_json":{"title":"Tests Centre d'Entra\u00eenement D\u00e9partementaux (CED) - Comit\u00e9 R\u00e9gional de Bretagne de Cano\u00eb-Kayak - CRBCK","robots":{"index":"index","follow":"follow","max-snippet":"max-snippet:-1","max-image-preview":"max-image-preview:large","max-video-preview":"max-video-preview:-1"},"canonical":"https:\/\/canoekayakbretagne.fr\/index.php\/parcours-de-performance\/pass\/tests-cle\/","og_locale":"fr_FR","og_type":"article","og_title":"Tests Centre d'Entra\u00eenement D\u00e9partementaux (CED) - Comit\u00e9 R\u00e9gional de Bretagne de Cano\u00eb-Kayak - CRBCK","og_description":"Les Tests CED :\u00a0 L\u2019intention de ces tests est de permettre aux jeunes de rentrer dans une d\u00e9marche d\u2019accession aux","og_url":"https:\/\/canoekayakbretagne.fr\/index.php\/parcours-de-performance\/pass\/tests-cle\/","og_site_name":"Comit\u00e9 R\u00e9gional de Bretagne de Cano\u00eb-Kayak - CRBCK","article_modified_time":"2025-03-25T14:01:34+00:00","twitter_card":"summary_large_image","twitter_misc":{"Dur\u00e9e de lecture estim\u00e9e":"1 minute"},"schema":{"@context":"https:\/\/schema.org","@graph":[{"@type":"WebPage","@id":"https:\/\/canoekayakbretagne.fr\/index.php\/parcours-de-performance\/pass\/tests-cle\/","url":"https:\/\/canoekayakbretagne.fr\/index.php\/parcours-de-performance\/pass\/tests-cle\/","name":"Tests Centre d'Entra\u00eenement D\u00e9partementaux (CED) - Comit\u00e9 R\u00e9gional de Bretagne de Cano\u00eb-Kayak - CRBCK","isPartOf":{"@id":"https:\/\/canoekayakbretagne.fr\/#website"},"datePublished":"2020-04-28T19:30:41+00:00","dateModified":"2025-03-25T14:01:34+00:00","breadcrumb":{"@id":"https:\/\/canoekayakbretagne.fr\/index.php\/parcours-de-performance\/pass\/tests-cle\/#breadcrumb"},"inLanguage":"fr-FR","potentialAction":[{"@type":"ReadAction","target":["https:\/\/canoekayakbretagne.fr\/index.php\/parcours-de-performance\/pass\/tests-cle\/"]}]},{"@type":"BreadcrumbList","@id":"https:\/\/canoekayakbretagne.fr\/index.php\/parcours-de-performance\/pass\/tests-cle\/#breadcrumb","itemListElement":[{"@type":"ListItem","position":1,"name":"Accueil","item":"https:\/\/canoekayakbretagne.fr\/"},{"@type":"ListItem","position":2,"name":"Parcours de performance","item":"https:\/\/canoekayakbretagne.fr\/index.php\/parcours-de-performance\/"},{"@type":"ListItem","position":3,"name":"PASS","item":"https:\/\/canoekayakbretagne.fr\/index.php\/parcours-de-performance\/pass\/"},{"@type":"ListItem","position":4,"name":"Tests Centre d&rsquo;Entra\u00eenement D\u00e9partementaux (CED)"}]},{"@type":"WebSite","@id":"https:\/\/canoekayakbretagne.fr\/#website","url":"https:\/\/canoekayakbretagne.fr\/","name":"Comit\u00e9 R\u00e9gional de Bretagne de Cano\u00eb-Kayak - CRBCK","description":"&quot;Les sports de pagaie, partout o\u00f9 il y a de l\u2019eau.&quot;","publisher":{"@id":"https:\/\/canoekayakbretagne.fr\/#organization"},"potentialAction":[{"@type":"SearchAction","target":{"@type":"EntryPoint","urlTemplate":"https:\/\/canoekayakbretagne.fr\/?s={search_term_string}"},"query-input":{"@type":"PropertyValueSpecification","valueRequired":true,"valueName":"search_term_string"}}],"inLanguage":"fr-FR"},{"@type":"Organization","@id":"https:\/\/canoekayakbretagne.fr\/#organization","name":"Comit\u00e9 R\u00e9gional de Bretagne de Cano\u00eb-Kayak - CRBCK","url":"https:\/\/canoekayakbretagne.fr\/","logo":{"@type":"ImageObject","inLanguage":"fr-FR","@id":"https:\/\/canoekayakbretagne.fr\/#\/schema\/logo\/image\/","url":"https:\/\/canoekayakbretagne.fr\/wp-content\/uploads\/2022\/01\/cropped-LOGO_BRETAGNE_300x300.jpg","contentUrl":"https:\/\/canoekayakbretagne.fr\/wp-content\/uploads\/2022\/01\/cropped-LOGO_BRETAGNE_300x300.jpg","width":300,"height":300,"caption":"Comit\u00e9 R\u00e9gional de Bretagne de Cano\u00eb-Kayak - CRBCK"},"image":{"@id":"https:\/\/canoekayakbretagne.fr\/#\/schema\/logo\/image\/"}}]}},"_links":{"self":[{"href":"https:\/\/canoekayakbretagne.fr\/index.php\/wp-json\/wp\/v2\/pages\/288","targetHints":{"allow":["GET"]}}],"collection":[{"href":"https:\/\/canoekayakbretagne.fr\/index.php\/wp-json\/wp\/v2\/pages"}],"about":[{"href":"https:\/\/canoekayakbretagne.fr\/index.php\/wp-json\/wp\/v2\/types\/page"}],"author":[{"embeddable":true,"href":"https:\/\/canoekayakbretagne.fr\/index.php\/wp-json\/wp\/v2\/users\/3"}],"replies":[{"embeddable":true,"href":"https:\/\/canoekayakbretagne.fr\/index.php\/wp-json\/wp\/v2\/comments?post=288"}],"version-history":[{"count":35,"href":"https:\/\/canoekayakbretagne.fr\/index.php\/wp-json\/wp\/v2\/pages\/288\/revisions"}],"predecessor-version":[{"id":6269,"href":"https:\/\/canoekayakbretagne.fr\/index.php\/wp-json\/wp\/v2\/pages\/288\/revisions\/6269"}],"up":[{"embeddable":true,"href":"https:\/\/canoekayakbretagne.fr\/index.php\/wp-json\/wp\/v2\/pages\/276"}],"wp:attachment":[{"href":"https:\/\/canoekayakbretagne.fr\/index.php\/wp-json\/wp\/v2\/media?parent=288"}],"curies":[{"name":"wp","href":"https:\/\/api.w.org\/{rel}","templated":true}]}}