{"id":294,"date":"2020-04-28T19:35:00","date_gmt":"2020-04-28T19:35:00","guid":{"rendered":"https:\/\/canoekayakbretagne.fr\/index.php\/parcours-de-performance\/drp-dispositif-regional-de-performance-kayak-polo-bretagne\/"},"modified":"2020-04-28T19:35:00","modified_gmt":"2020-04-28T19:35:00","slug":"drp-dispositif-regional-de-performance-kayak-polo-bretagne","status":"publish","type":"page","link":"https:\/\/canoekayakbretagne.fr\/index.php\/parcours-de-performance\/drp-dispositif-regional-de-performance-kayak-polo-bretagne\/","title":{"rendered":"DRP &#8211; DISPOSITIF REGIONAL DE PERFORMANCE KAYAK POLO BRETAGNE"},"content":{"rendered":"<h4>La finalit\u00e9<\/h4>\n<p>D\u00e9velopper et p\u00e9renniser une culture de la formation des jeunes polo\u00efstes bretons et de la pratique \u00e0 haut niveau dans le plus grand nombre de clubs possible.<\/p>\n<h4>Les objectifs<\/h4>\n<ul>\n<li>Inscription des sportifs sur la liste Espoir (admissibilit\u00e9 et list\u00e9)<\/li>\n<li>D\u00e9velopper et p\u00e9renniser la pr\u00e9sence d\u2019\u00e9quipes de clubs gar\u00e7ons et filles dans les championnats nationaux et tendre au maximum vers la N1<\/li>\n<li>Amener les clubs \u00e0 remporter des titres de champions de France, d\u2019Europe<\/li>\n<li>Amener les athl\u00e8tes \u00e0 remporter des titres en \u00e9quipe de France U21 et S\u00e9nior<\/li>\n<\/ul>\n<h4>Pour qui s\u2019adresse le DRP?<\/h4>\n<ul>\n<li>Aux gar\u00e7ons : cat\u00e9gories U15 et U18 sont ouvertes<\/li>\n<li>Aux filles: un groupe allant de la cat\u00e9gorie U15 \u00e0 U21<\/li>\n<\/ul>\n<p>Le nombre d\u2019athl\u00e8tes maximum accept\u00e9 est de 40 soit :<\/p>\n<ul>\n<li>14 places en collectif U15 gar\u00e7ons<\/li>\n<li>12 places en collectif U18 gar\u00e7ons<\/li>\n<li>14 places pour collectif f\u00e9minin r\u00e9unissant U15 , U18, U21<\/li>\n<\/ul>\n<h4>Les modalit\u00e9s pour \u00eatre inscrit dans le DRP<\/h4>\n<ul>\n<li>Participer \u00e0 des tests appel\u00e9s \u00ab&nbsp;tests PASS&nbsp;\u00bb *&nbsp; organis\u00e9s par la FFCK au P\u00f4le France de Cesson S\u00e9vign\u00e9 \u2013 voir rubrique&nbsp;<a href=\\\"https:\/\/web.archive.org\/web\/20190707234750\/http:\/\/canoe-kayak-bretagne.fr\/wordpress\/parcours-de-performance\/pass\/\\\">Tests PASS<\/a><\/li>\n<li>R\u00e9ussir les tests DRP d\u2019\u00e9valuation sp\u00e9cifiques Polo : tests techniques et tactiques organis\u00e9s par les clubs et supervis\u00e9 par le comit\u00e9 r\u00e9gional<\/li>\n<\/ul>\n<p><em>*Attention: les tests PASS ne sont ouverts qu\u2019aux athl\u00e8tes de cat\u00e9gorie minime 2 \u00e0 junior 1<\/em><\/p>\n<p>Les dates des tests vous seront communiqu\u00e9s ult\u00e9rieurement.<\/p>\n<h4>Concr\u00e8tement, c\u2019est quoi le DRP?<\/h4>\n<ul>\n<li>3 stages sur les p\u00e9riodes de vacances scolaires<\/li>\n<li>la s\u00e9lection dans les \u00e9quipes de Bretagne<\/li>\n<li>des comp\u00e9titions ouvertes \u00e0 des \u00e9quipe de Bretagne (Breizh Cup, Open de France des r\u00e9gions\u2026)<\/li>\n<\/ul>\n<p>La participation \u00e0 l\u2019ensemble des actions a un caract\u00e8re obligatoire pour les sportifs retenus dans le DRP. Ils s\u2019engagent dans une d\u00e9marche de haut niveau qui s\u2019incrit sur du long terme.<\/p>\n<h4>Pour plus d\u2019infos, \u00e0 qui je m\u2019adresse?<\/h4>\n<p>Le Conseiller Technique R\u00e9gional Kamin RICHER est en charge de l\u2019activit\u00e9 kayak polo dans la r\u00e9gion.<\/p>\n<p>Il est donc votre principal interlocuteur. Pour le contacter, un petit m\u00e9l \u00e0 l\u2019adresse : cricher@ffck.org<\/p>\n","protected":false},"excerpt":{"rendered":"<p>La finalit\u00e9 D\u00e9velopper et p\u00e9renniser une culture de la formation des jeunes polo\u00efstes bretons et de la pratique \u00e0 haut<\/p>\n","protected":false},"author":3,"featured_media":0,"parent":141,"menu_order":0,"comment_status":"closed","ping_status":"closed","template":"","meta":{"colormag_page_container_layout":"default_layout","colormag_page_sidebar_layout":"default_layout","footnotes":""},"class_list":["post-294","page","type-page","status-publish","hentry"],"yoast_head":"<!-- This site is optimized with the Yoast SEO plugin v27.2 - https:\/\/yoast.com\/product\/yoast-seo-wordpress\/ -->\n<title>DRP - DISPOSITIF REGIONAL DE PERFORMANCE KAYAK POLO BRETAGNE - Comit\u00e9 R\u00e9gional de Bretagne de Cano\u00eb-Kayak - CRBCK<\/title>\n<meta name=\"robots\" content=\"index, follow, max-snippet:-1, max-image-preview:large, max-video-preview:-1\" \/>\n<link rel=\"canonical\" href=\"https:\/\/canoekayakbretagne.fr\/index.php\/parcours-de-performance\/drp-dispositif-regional-de-performance-kayak-polo-bretagne\/\" \/>\n<meta property=\"og:locale\" content=\"fr_FR\" \/>\n<meta property=\"og:type\" content=\"article\" \/>\n<meta property=\"og:title\" content=\"DRP - DISPOSITIF REGIONAL DE PERFORMANCE KAYAK POLO BRETAGNE - Comit\u00e9 R\u00e9gional de Bretagne de Cano\u00eb-Kayak - CRBCK\" \/>\n<meta property=\"og:description\" content=\"La finalit\u00e9 D\u00e9velopper et p\u00e9renniser une culture de la formation des jeunes polo\u00efstes bretons et de la pratique \u00e0 haut\" \/>\n<meta property=\"og:url\" content=\"https:\/\/canoekayakbretagne.fr\/index.php\/parcours-de-performance\/drp-dispositif-regional-de-performance-kayak-polo-bretagne\/\" \/>\n<meta property=\"og:site_name\" content=\"Comit\u00e9 R\u00e9gional de Bretagne de Cano\u00eb-Kayak - CRBCK\" \/>\n<meta name=\"twitter:card\" content=\"summary_large_image\" \/>\n<meta name=\"twitter:label1\" content=\"Dur\u00e9e de lecture estim\u00e9e\" \/>\n\t<meta name=\"twitter:data1\" content=\"2 minutes\" \/>\n<script type=\"application\/ld+json\" class=\"yoast-schema-graph\">{\"@context\":\"https:\/\/schema.org\",\"@graph\":[{\"@type\":\"WebPage\",\"@id\":\"https:\/\/canoekayakbretagne.fr\/index.php\/parcours-de-performance\/drp-dispositif-regional-de-performance-kayak-polo-bretagne\/\",\"url\":\"https:\/\/canoekayakbretagne.fr\/index.php\/parcours-de-performance\/drp-dispositif-regional-de-performance-kayak-polo-bretagne\/\",\"name\":\"DRP - DISPOSITIF REGIONAL DE PERFORMANCE KAYAK POLO BRETAGNE - Comit\u00e9 R\u00e9gional de Bretagne de Cano\u00eb-Kayak - CRBCK\",\"isPartOf\":{\"@id\":\"https:\/\/canoekayakbretagne.fr\/#website\"},\"datePublished\":\"2020-04-28T19:35:00+00:00\",\"breadcrumb\":{\"@id\":\"https:\/\/canoekayakbretagne.fr\/index.php\/parcours-de-performance\/drp-dispositif-regional-de-performance-kayak-polo-bretagne\/#breadcrumb\"},\"inLanguage\":\"fr-FR\",\"potentialAction\":[{\"@type\":\"ReadAction\",\"target\":[\"https:\/\/canoekayakbretagne.fr\/index.php\/parcours-de-performance\/drp-dispositif-regional-de-performance-kayak-polo-bretagne\/\"]}]},{\"@type\":\"BreadcrumbList\",\"@id\":\"https:\/\/canoekayakbretagne.fr\/index.php\/parcours-de-performance\/drp-dispositif-regional-de-performance-kayak-polo-bretagne\/#breadcrumb\",\"itemListElement\":[{\"@type\":\"ListItem\",\"position\":1,\"name\":\"Accueil\",\"item\":\"https:\/\/canoekayakbretagne.fr\/\"},{\"@type\":\"ListItem\",\"position\":2,\"name\":\"Parcours de performance\",\"item\":\"https:\/\/canoekayakbretagne.fr\/index.php\/parcours-de-performance\/\"},{\"@type\":\"ListItem\",\"position\":3,\"name\":\"DRP &#8211; DISPOSITIF REGIONAL DE PERFORMANCE KAYAK POLO BRETAGNE\"}]},{\"@type\":\"WebSite\",\"@id\":\"https:\/\/canoekayakbretagne.fr\/#website\",\"url\":\"https:\/\/canoekayakbretagne.fr\/\",\"name\":\"Comit\u00e9 R\u00e9gional de Bretagne de Cano\u00eb-Kayak - CRBCK\",\"description\":\"&quot;Les sports de pagaie, partout o\u00f9 il y a de l\u2019eau.&quot;\",\"publisher\":{\"@id\":\"https:\/\/canoekayakbretagne.fr\/#organization\"},\"potentialAction\":[{\"@type\":\"SearchAction\",\"target\":{\"@type\":\"EntryPoint\",\"urlTemplate\":\"https:\/\/canoekayakbretagne.fr\/?s={search_term_string}\"},\"query-input\":{\"@type\":\"PropertyValueSpecification\",\"valueRequired\":true,\"valueName\":\"search_term_string\"}}],\"inLanguage\":\"fr-FR\"},{\"@type\":\"Organization\",\"@id\":\"https:\/\/canoekayakbretagne.fr\/#organization\",\"name\":\"Comit\u00e9 R\u00e9gional de Bretagne de Cano\u00eb-Kayak - CRBCK\",\"url\":\"https:\/\/canoekayakbretagne.fr\/\",\"logo\":{\"@type\":\"ImageObject\",\"inLanguage\":\"fr-FR\",\"@id\":\"https:\/\/canoekayakbretagne.fr\/#\/schema\/logo\/image\/\",\"url\":\"https:\/\/canoekayakbretagne.fr\/wp-content\/uploads\/2022\/01\/cropped-LOGO_BRETAGNE_300x300.jpg\",\"contentUrl\":\"https:\/\/canoekayakbretagne.fr\/wp-content\/uploads\/2022\/01\/cropped-LOGO_BRETAGNE_300x300.jpg\",\"width\":300,\"height\":300,\"caption\":\"Comit\u00e9 R\u00e9gional de Bretagne de Cano\u00eb-Kayak - CRBCK\"},\"image\":{\"@id\":\"https:\/\/canoekayakbretagne.fr\/#\/schema\/logo\/image\/\"}}]}<\/script>\n<!-- \/ Yoast SEO plugin. -->","yoast_head_json":{"title":"DRP - DISPOSITIF REGIONAL DE PERFORMANCE KAYAK POLO BRETAGNE - Comit\u00e9 R\u00e9gional de Bretagne de Cano\u00eb-Kayak - CRBCK","robots":{"index":"index","follow":"follow","max-snippet":"max-snippet:-1","max-image-preview":"max-image-preview:large","max-video-preview":"max-video-preview:-1"},"canonical":"https:\/\/canoekayakbretagne.fr\/index.php\/parcours-de-performance\/drp-dispositif-regional-de-performance-kayak-polo-bretagne\/","og_locale":"fr_FR","og_type":"article","og_title":"DRP - DISPOSITIF REGIONAL DE PERFORMANCE KAYAK POLO BRETAGNE - Comit\u00e9 R\u00e9gional de Bretagne de Cano\u00eb-Kayak - CRBCK","og_description":"La finalit\u00e9 D\u00e9velopper et p\u00e9renniser une culture de la formation des jeunes polo\u00efstes bretons et de la pratique \u00e0 haut","og_url":"https:\/\/canoekayakbretagne.fr\/index.php\/parcours-de-performance\/drp-dispositif-regional-de-performance-kayak-polo-bretagne\/","og_site_name":"Comit\u00e9 R\u00e9gional de Bretagne de Cano\u00eb-Kayak - CRBCK","twitter_card":"summary_large_image","twitter_misc":{"Dur\u00e9e de lecture estim\u00e9e":"2 minutes"},"schema":{"@context":"https:\/\/schema.org","@graph":[{"@type":"WebPage","@id":"https:\/\/canoekayakbretagne.fr\/index.php\/parcours-de-performance\/drp-dispositif-regional-de-performance-kayak-polo-bretagne\/","url":"https:\/\/canoekayakbretagne.fr\/index.php\/parcours-de-performance\/drp-dispositif-regional-de-performance-kayak-polo-bretagne\/","name":"DRP - DISPOSITIF REGIONAL DE PERFORMANCE KAYAK POLO BRETAGNE - Comit\u00e9 R\u00e9gional de Bretagne de Cano\u00eb-Kayak - CRBCK","isPartOf":{"@id":"https:\/\/canoekayakbretagne.fr\/#website"},"datePublished":"2020-04-28T19:35:00+00:00","breadcrumb":{"@id":"https:\/\/canoekayakbretagne.fr\/index.php\/parcours-de-performance\/drp-dispositif-regional-de-performance-kayak-polo-bretagne\/#breadcrumb"},"inLanguage":"fr-FR","potentialAction":[{"@type":"ReadAction","target":["https:\/\/canoekayakbretagne.fr\/index.php\/parcours-de-performance\/drp-dispositif-regional-de-performance-kayak-polo-bretagne\/"]}]},{"@type":"BreadcrumbList","@id":"https:\/\/canoekayakbretagne.fr\/index.php\/parcours-de-performance\/drp-dispositif-regional-de-performance-kayak-polo-bretagne\/#breadcrumb","itemListElement":[{"@type":"ListItem","position":1,"name":"Accueil","item":"https:\/\/canoekayakbretagne.fr\/"},{"@type":"ListItem","position":2,"name":"Parcours de performance","item":"https:\/\/canoekayakbretagne.fr\/index.php\/parcours-de-performance\/"},{"@type":"ListItem","position":3,"name":"DRP &#8211; DISPOSITIF REGIONAL DE PERFORMANCE KAYAK POLO BRETAGNE"}]},{"@type":"WebSite","@id":"https:\/\/canoekayakbretagne.fr\/#website","url":"https:\/\/canoekayakbretagne.fr\/","name":"Comit\u00e9 R\u00e9gional de Bretagne de Cano\u00eb-Kayak - CRBCK","description":"&quot;Les sports de pagaie, partout o\u00f9 il y a de l\u2019eau.&quot;","publisher":{"@id":"https:\/\/canoekayakbretagne.fr\/#organization"},"potentialAction":[{"@type":"SearchAction","target":{"@type":"EntryPoint","urlTemplate":"https:\/\/canoekayakbretagne.fr\/?s={search_term_string}"},"query-input":{"@type":"PropertyValueSpecification","valueRequired":true,"valueName":"search_term_string"}}],"inLanguage":"fr-FR"},{"@type":"Organization","@id":"https:\/\/canoekayakbretagne.fr\/#organization","name":"Comit\u00e9 R\u00e9gional de Bretagne de Cano\u00eb-Kayak - CRBCK","url":"https:\/\/canoekayakbretagne.fr\/","logo":{"@type":"ImageObject","inLanguage":"fr-FR","@id":"https:\/\/canoekayakbretagne.fr\/#\/schema\/logo\/image\/","url":"https:\/\/canoekayakbretagne.fr\/wp-content\/uploads\/2022\/01\/cropped-LOGO_BRETAGNE_300x300.jpg","contentUrl":"https:\/\/canoekayakbretagne.fr\/wp-content\/uploads\/2022\/01\/cropped-LOGO_BRETAGNE_300x300.jpg","width":300,"height":300,"caption":"Comit\u00e9 R\u00e9gional de Bretagne de Cano\u00eb-Kayak - CRBCK"},"image":{"@id":"https:\/\/canoekayakbretagne.fr\/#\/schema\/logo\/image\/"}}]}},"_links":{"self":[{"href":"https:\/\/canoekayakbretagne.fr\/index.php\/wp-json\/wp\/v2\/pages\/294","targetHints":{"allow":["GET"]}}],"collection":[{"href":"https:\/\/canoekayakbretagne.fr\/index.php\/wp-json\/wp\/v2\/pages"}],"about":[{"href":"https:\/\/canoekayakbretagne.fr\/index.php\/wp-json\/wp\/v2\/types\/page"}],"author":[{"embeddable":true,"href":"https:\/\/canoekayakbretagne.fr\/index.php\/wp-json\/wp\/v2\/users\/3"}],"replies":[{"embeddable":true,"href":"https:\/\/canoekayakbretagne.fr\/index.php\/wp-json\/wp\/v2\/comments?post=294"}],"version-history":[{"count":0,"href":"https:\/\/canoekayakbretagne.fr\/index.php\/wp-json\/wp\/v2\/pages\/294\/revisions"}],"up":[{"embeddable":true,"href":"https:\/\/canoekayakbretagne.fr\/index.php\/wp-json\/wp\/v2\/pages\/141"}],"wp:attachment":[{"href":"https:\/\/canoekayakbretagne.fr\/index.php\/wp-json\/wp\/v2\/media?parent=294"}],"curies":[{"name":"wp","href":"https:\/\/api.w.org\/{rel}","templated":true}]}}