{"id":298,"date":"2020-04-28T19:38:59","date_gmt":"2020-04-28T19:38:59","guid":{"rendered":"https:\/\/canoekayakbretagne.fr\/index.php\/parcours-de-performance\/drp-dispositif-regional-de-performance-kayak-polo-bretagne\/selections-drp\/"},"modified":"2022-12-23T10:19:37","modified_gmt":"2022-12-23T09:19:37","slug":"selections-drp","status":"publish","type":"page","link":"https:\/\/canoekayakbretagne.fr\/index.php\/parcours-de-performance\/drp-dispositif-regional-de-performance-kayak-polo-bretagne\/selections-drp\/","title":{"rendered":"S\u00e9lections DRP"},"content":{"rendered":"\t\t<div data-elementor-type=\"wp-page\" data-elementor-id=\"298\" class=\"elementor elementor-298\">\n\t\t\t\t\t\t<section class=\"elementor-section elementor-top-section elementor-element elementor-element-63d67337 elementor-section-boxed elementor-section-height-default elementor-section-height-default\" data-id=\"63d67337\" data-element_type=\"section\" data-e-type=\"section\">\n\t\t\t\t\t\t<div class=\"elementor-container elementor-column-gap-default\">\n\t\t\t\t\t<div class=\"elementor-column elementor-col-100 elementor-top-column elementor-element elementor-element-298aa80b\" data-id=\"298aa80b\" data-element_type=\"column\" data-e-type=\"column\">\n\t\t\t<div class=\"elementor-widget-wrap elementor-element-populated\">\n\t\t\t\t\t\t<div class=\"elementor-element elementor-element-4112e498 elementor-widget elementor-widget-text-editor\" data-id=\"4112e498\" data-element_type=\"widget\" data-e-type=\"widget\" data-widget_type=\"text-editor.default\">\n\t\t\t\t<div class=\"elementor-widget-container\">\n\t\t\t\t\t\t\t\t\t<p>Voici le document relatif aux tests de s\u00e9lection pour acc\u00e9der au Dispositif R\u00e9gional de Performance Kayak polo qui consiste \u00e0 faire 3 stages dans l&rsquo;ann\u00e9e + des circuits de comp\u00e9tition sous les couleurs de la Bretagne.\u00a0<\/p><p><a href=\"https:\/\/canoekayakbretagne.fr\/wp-content\/uploads\/2022\/12\/Programme-et-modalite-de-selection-DRP-et-Equipe-de-Bretagne-U15-U18-U21.pdf\" target=\"_blank\" rel=\"\\&quot;noopener\\&quot;\">Programme et modalite\u0301 de se\u0301lection DRP et E\u0301quipe de Bretagne-U15-U18-U21<\/a><\/p><p><a href=\"https:\/\/canoekayakbretagne.fr\/wp-content\/uploads\/2022\/12\/Descriptifs-des-tests-technico-tactique-DRP-2023-U15-version-2023.pdf\" target=\"_blank\" rel=\"\\&quot;noopener\\&quot;\">Descriptifs des tests technico-tactique DRP 2023 &#8211; U15<\/a><\/p><p><a href=\"https:\/\/canoekayakbretagne.fr\/wp-content\/uploads\/2022\/12\/Descriptifs-des-tests-technico-tactique-U18-version-2023.pdf\" target=\"_blank\" rel=\"noopener\">Descriptifs des tests technico-tactique DRP 2023 &#8211; U18<\/a><\/p>\t\t\t\t\t\t\t\t<\/div>\n\t\t\t\t<\/div>\n\t\t\t\t\t<\/div>\n\t\t<\/div>\n\t\t\t\t\t<\/div>\n\t\t<\/section>\n\t\t\t\t<\/div>\n\t\t","protected":false},"excerpt":{"rendered":"<p>Voici le document relatif aux tests de s\u00e9lection pour acc\u00e9der au Dispositif R\u00e9gional de Performance Kayak polo qui consiste \u00e0<\/p>\n","protected":false},"author":3,"featured_media":0,"parent":294,"menu_order":0,"comment_status":"closed","ping_status":"closed","template":"","meta":{"colormag_page_container_layout":"default_layout","colormag_page_sidebar_layout":"default_layout","footnotes":""},"class_list":["post-298","page","type-page","status-publish","hentry"],"yoast_head":"<!-- This site is optimized with the Yoast SEO plugin v27.2 - https:\/\/yoast.com\/product\/yoast-seo-wordpress\/ -->\n<title>S\u00e9lections DRP - Comit\u00e9 R\u00e9gional de Bretagne de Cano\u00eb-Kayak - CRBCK<\/title>\n<meta name=\"robots\" content=\"index, follow, max-snippet:-1, max-image-preview:large, max-video-preview:-1\" \/>\n<link rel=\"canonical\" href=\"https:\/\/canoekayakbretagne.fr\/index.php\/parcours-de-performance\/drp-dispositif-regional-de-performance-kayak-polo-bretagne\/selections-drp\/\" \/>\n<meta property=\"og:locale\" content=\"fr_FR\" \/>\n<meta property=\"og:type\" content=\"article\" \/>\n<meta property=\"og:title\" content=\"S\u00e9lections DRP - Comit\u00e9 R\u00e9gional de Bretagne de Cano\u00eb-Kayak - CRBCK\" \/>\n<meta property=\"og:description\" content=\"Voici le document relatif aux tests de s\u00e9lection pour acc\u00e9der au Dispositif R\u00e9gional de Performance Kayak polo qui consiste \u00e0\" \/>\n<meta property=\"og:url\" content=\"https:\/\/canoekayakbretagne.fr\/index.php\/parcours-de-performance\/drp-dispositif-regional-de-performance-kayak-polo-bretagne\/selections-drp\/\" \/>\n<meta property=\"og:site_name\" content=\"Comit\u00e9 R\u00e9gional de Bretagne de Cano\u00eb-Kayak - CRBCK\" \/>\n<meta property=\"article:modified_time\" content=\"2022-12-23T09:19:37+00:00\" \/>\n<meta name=\"twitter:card\" content=\"summary_large_image\" \/>\n<meta name=\"twitter:label1\" content=\"Dur\u00e9e de lecture estim\u00e9e\" \/>\n\t<meta name=\"twitter:data1\" content=\"1 minute\" \/>\n<script type=\"application\/ld+json\" class=\"yoast-schema-graph\">{\"@context\":\"https:\/\/schema.org\",\"@graph\":[{\"@type\":\"WebPage\",\"@id\":\"https:\/\/canoekayakbretagne.fr\/index.php\/parcours-de-performance\/drp-dispositif-regional-de-performance-kayak-polo-bretagne\/selections-drp\/\",\"url\":\"https:\/\/canoekayakbretagne.fr\/index.php\/parcours-de-performance\/drp-dispositif-regional-de-performance-kayak-polo-bretagne\/selections-drp\/\",\"name\":\"S\u00e9lections DRP - Comit\u00e9 R\u00e9gional de Bretagne de Cano\u00eb-Kayak - CRBCK\",\"isPartOf\":{\"@id\":\"https:\/\/canoekayakbretagne.fr\/#website\"},\"datePublished\":\"2020-04-28T19:38:59+00:00\",\"dateModified\":\"2022-12-23T09:19:37+00:00\",\"breadcrumb\":{\"@id\":\"https:\/\/canoekayakbretagne.fr\/index.php\/parcours-de-performance\/drp-dispositif-regional-de-performance-kayak-polo-bretagne\/selections-drp\/#breadcrumb\"},\"inLanguage\":\"fr-FR\",\"potentialAction\":[{\"@type\":\"ReadAction\",\"target\":[\"https:\/\/canoekayakbretagne.fr\/index.php\/parcours-de-performance\/drp-dispositif-regional-de-performance-kayak-polo-bretagne\/selections-drp\/\"]}]},{\"@type\":\"BreadcrumbList\",\"@id\":\"https:\/\/canoekayakbretagne.fr\/index.php\/parcours-de-performance\/drp-dispositif-regional-de-performance-kayak-polo-bretagne\/selections-drp\/#breadcrumb\",\"itemListElement\":[{\"@type\":\"ListItem\",\"position\":1,\"name\":\"Accueil\",\"item\":\"https:\/\/canoekayakbretagne.fr\/\"},{\"@type\":\"ListItem\",\"position\":2,\"name\":\"Parcours de performance\",\"item\":\"https:\/\/canoekayakbretagne.fr\/index.php\/parcours-de-performance\/\"},{\"@type\":\"ListItem\",\"position\":3,\"name\":\"DRP &#8211; DISPOSITIF REGIONAL DE PERFORMANCE KAYAK POLO BRETAGNE\",\"item\":\"https:\/\/canoekayakbretagne.fr\/index.php\/parcours-de-performance\/drp-dispositif-regional-de-performance-kayak-polo-bretagne\/\"},{\"@type\":\"ListItem\",\"position\":4,\"name\":\"S\u00e9lections DRP\"}]},{\"@type\":\"WebSite\",\"@id\":\"https:\/\/canoekayakbretagne.fr\/#website\",\"url\":\"https:\/\/canoekayakbretagne.fr\/\",\"name\":\"Comit\u00e9 R\u00e9gional de Bretagne de Cano\u00eb-Kayak - CRBCK\",\"description\":\"&quot;Les sports de pagaie, partout o\u00f9 il y a de l\u2019eau.&quot;\",\"publisher\":{\"@id\":\"https:\/\/canoekayakbretagne.fr\/#organization\"},\"potentialAction\":[{\"@type\":\"SearchAction\",\"target\":{\"@type\":\"EntryPoint\",\"urlTemplate\":\"https:\/\/canoekayakbretagne.fr\/?s={search_term_string}\"},\"query-input\":{\"@type\":\"PropertyValueSpecification\",\"valueRequired\":true,\"valueName\":\"search_term_string\"}}],\"inLanguage\":\"fr-FR\"},{\"@type\":\"Organization\",\"@id\":\"https:\/\/canoekayakbretagne.fr\/#organization\",\"name\":\"Comit\u00e9 R\u00e9gional de Bretagne de Cano\u00eb-Kayak - CRBCK\",\"url\":\"https:\/\/canoekayakbretagne.fr\/\",\"logo\":{\"@type\":\"ImageObject\",\"inLanguage\":\"fr-FR\",\"@id\":\"https:\/\/canoekayakbretagne.fr\/#\/schema\/logo\/image\/\",\"url\":\"https:\/\/canoekayakbretagne.fr\/wp-content\/uploads\/2022\/01\/cropped-LOGO_BRETAGNE_300x300.jpg\",\"contentUrl\":\"https:\/\/canoekayakbretagne.fr\/wp-content\/uploads\/2022\/01\/cropped-LOGO_BRETAGNE_300x300.jpg\",\"width\":300,\"height\":300,\"caption\":\"Comit\u00e9 R\u00e9gional de Bretagne de Cano\u00eb-Kayak - CRBCK\"},\"image\":{\"@id\":\"https:\/\/canoekayakbretagne.fr\/#\/schema\/logo\/image\/\"}}]}<\/script>\n<!-- \/ Yoast SEO plugin. -->","yoast_head_json":{"title":"S\u00e9lections DRP - Comit\u00e9 R\u00e9gional de Bretagne de Cano\u00eb-Kayak - CRBCK","robots":{"index":"index","follow":"follow","max-snippet":"max-snippet:-1","max-image-preview":"max-image-preview:large","max-video-preview":"max-video-preview:-1"},"canonical":"https:\/\/canoekayakbretagne.fr\/index.php\/parcours-de-performance\/drp-dispositif-regional-de-performance-kayak-polo-bretagne\/selections-drp\/","og_locale":"fr_FR","og_type":"article","og_title":"S\u00e9lections DRP - Comit\u00e9 R\u00e9gional de Bretagne de Cano\u00eb-Kayak - CRBCK","og_description":"Voici le document relatif aux tests de s\u00e9lection pour acc\u00e9der au Dispositif R\u00e9gional de Performance Kayak polo qui consiste \u00e0","og_url":"https:\/\/canoekayakbretagne.fr\/index.php\/parcours-de-performance\/drp-dispositif-regional-de-performance-kayak-polo-bretagne\/selections-drp\/","og_site_name":"Comit\u00e9 R\u00e9gional de Bretagne de Cano\u00eb-Kayak - CRBCK","article_modified_time":"2022-12-23T09:19:37+00:00","twitter_card":"summary_large_image","twitter_misc":{"Dur\u00e9e de lecture estim\u00e9e":"1 minute"},"schema":{"@context":"https:\/\/schema.org","@graph":[{"@type":"WebPage","@id":"https:\/\/canoekayakbretagne.fr\/index.php\/parcours-de-performance\/drp-dispositif-regional-de-performance-kayak-polo-bretagne\/selections-drp\/","url":"https:\/\/canoekayakbretagne.fr\/index.php\/parcours-de-performance\/drp-dispositif-regional-de-performance-kayak-polo-bretagne\/selections-drp\/","name":"S\u00e9lections DRP - Comit\u00e9 R\u00e9gional de Bretagne de Cano\u00eb-Kayak - CRBCK","isPartOf":{"@id":"https:\/\/canoekayakbretagne.fr\/#website"},"datePublished":"2020-04-28T19:38:59+00:00","dateModified":"2022-12-23T09:19:37+00:00","breadcrumb":{"@id":"https:\/\/canoekayakbretagne.fr\/index.php\/parcours-de-performance\/drp-dispositif-regional-de-performance-kayak-polo-bretagne\/selections-drp\/#breadcrumb"},"inLanguage":"fr-FR","potentialAction":[{"@type":"ReadAction","target":["https:\/\/canoekayakbretagne.fr\/index.php\/parcours-de-performance\/drp-dispositif-regional-de-performance-kayak-polo-bretagne\/selections-drp\/"]}]},{"@type":"BreadcrumbList","@id":"https:\/\/canoekayakbretagne.fr\/index.php\/parcours-de-performance\/drp-dispositif-regional-de-performance-kayak-polo-bretagne\/selections-drp\/#breadcrumb","itemListElement":[{"@type":"ListItem","position":1,"name":"Accueil","item":"https:\/\/canoekayakbretagne.fr\/"},{"@type":"ListItem","position":2,"name":"Parcours de performance","item":"https:\/\/canoekayakbretagne.fr\/index.php\/parcours-de-performance\/"},{"@type":"ListItem","position":3,"name":"DRP &#8211; DISPOSITIF REGIONAL DE PERFORMANCE KAYAK POLO BRETAGNE","item":"https:\/\/canoekayakbretagne.fr\/index.php\/parcours-de-performance\/drp-dispositif-regional-de-performance-kayak-polo-bretagne\/"},{"@type":"ListItem","position":4,"name":"S\u00e9lections DRP"}]},{"@type":"WebSite","@id":"https:\/\/canoekayakbretagne.fr\/#website","url":"https:\/\/canoekayakbretagne.fr\/","name":"Comit\u00e9 R\u00e9gional de Bretagne de Cano\u00eb-Kayak - CRBCK","description":"&quot;Les sports de pagaie, partout o\u00f9 il y a de l\u2019eau.&quot;","publisher":{"@id":"https:\/\/canoekayakbretagne.fr\/#organization"},"potentialAction":[{"@type":"SearchAction","target":{"@type":"EntryPoint","urlTemplate":"https:\/\/canoekayakbretagne.fr\/?s={search_term_string}"},"query-input":{"@type":"PropertyValueSpecification","valueRequired":true,"valueName":"search_term_string"}}],"inLanguage":"fr-FR"},{"@type":"Organization","@id":"https:\/\/canoekayakbretagne.fr\/#organization","name":"Comit\u00e9 R\u00e9gional de Bretagne de Cano\u00eb-Kayak - CRBCK","url":"https:\/\/canoekayakbretagne.fr\/","logo":{"@type":"ImageObject","inLanguage":"fr-FR","@id":"https:\/\/canoekayakbretagne.fr\/#\/schema\/logo\/image\/","url":"https:\/\/canoekayakbretagne.fr\/wp-content\/uploads\/2022\/01\/cropped-LOGO_BRETAGNE_300x300.jpg","contentUrl":"https:\/\/canoekayakbretagne.fr\/wp-content\/uploads\/2022\/01\/cropped-LOGO_BRETAGNE_300x300.jpg","width":300,"height":300,"caption":"Comit\u00e9 R\u00e9gional de Bretagne de Cano\u00eb-Kayak - CRBCK"},"image":{"@id":"https:\/\/canoekayakbretagne.fr\/#\/schema\/logo\/image\/"}}]}},"_links":{"self":[{"href":"https:\/\/canoekayakbretagne.fr\/index.php\/wp-json\/wp\/v2\/pages\/298","targetHints":{"allow":["GET"]}}],"collection":[{"href":"https:\/\/canoekayakbretagne.fr\/index.php\/wp-json\/wp\/v2\/pages"}],"about":[{"href":"https:\/\/canoekayakbretagne.fr\/index.php\/wp-json\/wp\/v2\/types\/page"}],"author":[{"embeddable":true,"href":"https:\/\/canoekayakbretagne.fr\/index.php\/wp-json\/wp\/v2\/users\/3"}],"replies":[{"embeddable":true,"href":"https:\/\/canoekayakbretagne.fr\/index.php\/wp-json\/wp\/v2\/comments?post=298"}],"version-history":[{"count":3,"href":"https:\/\/canoekayakbretagne.fr\/index.php\/wp-json\/wp\/v2\/pages\/298\/revisions"}],"predecessor-version":[{"id":3831,"href":"https:\/\/canoekayakbretagne.fr\/index.php\/wp-json\/wp\/v2\/pages\/298\/revisions\/3831"}],"up":[{"embeddable":true,"href":"https:\/\/canoekayakbretagne.fr\/index.php\/wp-json\/wp\/v2\/pages\/294"}],"wp:attachment":[{"href":"https:\/\/canoekayakbretagne.fr\/index.php\/wp-json\/wp\/v2\/media?parent=298"}],"curies":[{"name":"wp","href":"https:\/\/api.w.org\/{rel}","templated":true}]}}