{"id":301,"date":"2020-04-28T19:40:31","date_gmt":"2020-04-28T19:40:31","guid":{"rendered":"https:\/\/canoekayakbretagne.fr\/index.php\/parcours-de-performance\/section-sportive\/"},"modified":"2020-04-28T19:40:31","modified_gmt":"2020-04-28T19:40:31","slug":"section-sportive","status":"publish","type":"page","link":"https:\/\/canoekayakbretagne.fr\/index.php\/parcours-de-performance\/section-sportive\/","title":{"rendered":"Section Sportive"},"content":{"rendered":"<h4><strong>Vos sections sportives dans les coll\u00e8ges et lyc\u00e9es des C\u00f4tes d\u2019Armor<\/strong><\/h4>\n<ul>\n<li class=\\\"level1\\\">\n<div class=\\\"li\\\"><em class=\\\"u\\\"><strong>3 sections sportives:<\/strong><\/em><\/div>\n<\/li>\n<\/ul>\n<p>Coll\u00e8ge Louis GUILLOUX \u00e0 Plemet \u2013 Section sportive labellis\u00e9e<\/p>\n<p>Retrouvez leurs coordonn\u00e9es sur leur site en cliquant&nbsp;<a href=\\\"https:\/\/web.archive.org\/web\/20190707235303\/http:\/\/www.college-louisguilloux-plemet.ac-rennes.fr\/spip.php?rubrique28\\\" target=\\\"_blank\\\" rel=\\\"noopener noreferrer\\\">ICI.<\/a><\/p>\n<p>Lyc\u00e9e F\u00e9lix LE DANTEC \u00e0 Lannion \u2013 Section sportive labellis\u00e9e<\/p>\n<p>Retrouvez leurs coordonn\u00e9es sur leur site en cliquant&nbsp;<a href=\\\"https:\/\/web.archive.org\/web\/20190707235303\/http:\/\/www.lycee-ledantec.ac-rennes.fr\/\\\" target=\\\"_blank\\\" rel=\\\"noopener noreferrer\\\">ICI.<\/a><\/p>\n<p>Coll\u00e8ge Paul Eluard \u00e0 M\u00fbr de Bretagne<\/p>\n<p>Retrouvez leurs coordonn\u00e9es sur leur site en cliquant&nbsp;<a href=\\\"https:\/\/web.archive.org\/web\/20190707235303\/http:\/\/www.college-pauleluard-murdebretagne.ac-rennes.fr\/\\\" target=\\\"_blank\\\" rel=\\\"noopener noreferrer\\\">ICI.<\/a><\/p>\n<hr>\n<h4><strong>Vos sections sportives dans les coll\u00e8ges et lyc\u00e9es du Finist\u00e8re<\/strong><\/h4>\n<ul>\n<li class=\\\"level1\\\">\n<div class=\\\"li\\\"><em class=\\\"u\\\"><strong>1 section sportive:<\/strong><\/em><\/div>\n<\/li>\n<\/ul>\n<p>Coll\u00e8ge La Villemarqu\u00e9 \u00e0 Quimperl\u00e9<\/p>\n<p>Retrouvez leurs coordonn\u00e9es sur leur site en cliquant&nbsp;<a href=\\\"https:\/\/web.archive.org\/web\/20190707235303\/http:\/\/www.education.gouv.fr\/annuaire\/29-finistere\/quimperle\/college\/college-la-villemarque.html\\\" target=\\\"_blank\\\" rel=\\\"noopener noreferrer\\\">ICI.<\/a><\/p>\n<hr>\n<h4><strong>Vos sections sportives dans les coll\u00e8ges et lyc\u00e9es d\u2019Ille et Vilaine<\/strong><\/h4>\n<ul>\n<li class=\\\"level1\\\">\n<div class=\\\"li\\\"><em class=\\\"u\\\"><strong>2 sections sportives:<\/strong><\/em><\/div>\n<\/li>\n<\/ul>\n<p>Lyc\u00e9e de Cesson-S\u00e9vign\u00e9 -Section sportive labellis\u00e9e \u00ab&nbsp;Etablissement d\u2019accueil Sport de haut-niveau Bretagne&nbsp;\u00bb<\/p>\n<p>Retrouvez leurs coordonn\u00e9es sur leur site en cliquant&nbsp;<a href=\\\"https:\/\/web.archive.org\/web\/20190707235303\/http:\/\/www.lycee-sevigne-cesson.ac-rennes.fr\/\\\" target=\\\"_blank\\\" rel=\\\"noopener noreferrer\\\">ICI.<\/a><\/p>\n<p>Coll\u00e8ge-Lyc\u00e9e Jean-Paul II \u00e0 Saint Gr\u00e9goire -Section sportive labellis\u00e9e<\/p>\n<p>Retrouvez leurs coordonn\u00e9es sur leur site en cliquant&nbsp;<a href=\\\"https:\/\/web.archive.org\/web\/20190707235303\/http:\/\/www.immaculeejeanpaul2.org\/\\\" target=\\\"_blank\\\" rel=\\\"noopener noreferrer\\\">ICI.<\/a><\/p>\n<p>Coll\u00e8ge Saint Joseph La Salle \u00e0 Tint\u00e9niac<\/p>\n<p>Retrouvez leurs coordonn\u00e9es sur leur site en cliquant&nbsp;<a href=\\\"https:\/\/web.archive.org\/web\/20190707235303\/http:\/\/stjoseph-tinteniac.fr\/\\\" target=\\\"_blank\\\" rel=\\\"noopener noreferrer\\\">ICI.<\/a><\/p>\n<p>Coll\u00e8ge Th\u00e9odore Monod \u00e0 Vern Sur Seiche<\/p>\n<p>Retrouvez leurs coordonn\u00e9es sur leur site en cliquant&nbsp;<a href=\\\"https:\/\/web.archive.org\/web\/20190707235303\/http:\/\/www.college-theodoremonod-vernsurseiche.ac-rennes.fr\/\\\" target=\\\"_blank\\\" rel=\\\"noopener noreferrer\\\">ICI.<\/a><\/p>\n<hr>\n<h4><strong>Vos sections sportives dans les coll\u00e8ges et lyc\u00e9es du Morbihan<\/strong><\/h4>\n<ul>\n<li class=\\\"level1\\\">\n<div class=\\\"li\\\"><em class=\\\"u\\\"><strong>3 sections sportives:<\/strong><\/em><\/div>\n<\/li>\n<\/ul>\n<p>Coll\u00e8ge Romain ROLLAND \u00e0 Pontivy-Section sportive labellis\u00e9e<\/p>\n<p>Retrouvez leurs coordonn\u00e9es sur leur site en cliquant&nbsp;<a href=\\\"https:\/\/web.archive.org\/web\/20190707235303\/http:\/\/www.college-romainrolland-pontivy.fr\/\\\" target=\\\"_blank\\\" rel=\\\"noopener noreferrer\\\">ICI.<\/a><\/p>\n<p>Coll\u00e8ge Paul LANGEVIN \u00e0 HENNEBONT<\/p>\n<p>Retrouvez leurs coordonn\u00e9es sur leur site en cliquant&nbsp;<a href=\\\"https:\/\/web.archive.org\/web\/20190707235303\/http:\/\/www.college-paullangevin-hennebont.ac-rennes.fr\/\\\" target=\\\"_blank\\\" rel=\\\"noopener noreferrer\\\">ICI.<\/a><\/p>\n<p>Coll\u00e8ge Sainte Jeanne d\u2019Arc \u00e0 Rohan<\/p>\n<p>Retrouvez leurs coordonn\u00e9es sur leur site en cliquant&nbsp;<a href=\\\"https:\/\/web.archive.org\/web\/20190707235303\/http:\/\/www.college-ste-jarc-rohan.org\/\\\" target=\\\"_blank\\\" rel=\\\"noopener noreferrer\\\">ICI.<\/a><\/p>\n","protected":false},"excerpt":{"rendered":"<p>Vos sections sportives dans les coll\u00e8ges et lyc\u00e9es des C\u00f4tes d\u2019Armor 3 sections sportives: Coll\u00e8ge Louis GUILLOUX \u00e0 Plemet \u2013<\/p>\n","protected":false},"author":3,"featured_media":0,"parent":141,"menu_order":0,"comment_status":"closed","ping_status":"closed","template":"","meta":{"colormag_page_container_layout":"default_layout","colormag_page_sidebar_layout":"default_layout","footnotes":""},"class_list":["post-301","page","type-page","status-publish","hentry"],"yoast_head":"<!-- This site is optimized with the Yoast SEO plugin v27.2 - https:\/\/yoast.com\/product\/yoast-seo-wordpress\/ -->\n<title>Section Sportive - Comit\u00e9 R\u00e9gional de Bretagne de Cano\u00eb-Kayak - CRBCK<\/title>\n<meta name=\"robots\" content=\"index, follow, max-snippet:-1, max-image-preview:large, max-video-preview:-1\" \/>\n<link rel=\"canonical\" href=\"https:\/\/canoekayakbretagne.fr\/index.php\/parcours-de-performance\/section-sportive\/\" \/>\n<meta property=\"og:locale\" content=\"fr_FR\" \/>\n<meta property=\"og:type\" content=\"article\" \/>\n<meta property=\"og:title\" content=\"Section Sportive - Comit\u00e9 R\u00e9gional de Bretagne de Cano\u00eb-Kayak - CRBCK\" \/>\n<meta property=\"og:description\" content=\"Vos sections sportives dans les coll\u00e8ges et lyc\u00e9es des C\u00f4tes d\u2019Armor 3 sections sportives: Coll\u00e8ge Louis GUILLOUX \u00e0 Plemet \u2013\" \/>\n<meta property=\"og:url\" content=\"https:\/\/canoekayakbretagne.fr\/index.php\/parcours-de-performance\/section-sportive\/\" \/>\n<meta property=\"og:site_name\" content=\"Comit\u00e9 R\u00e9gional de Bretagne de Cano\u00eb-Kayak - CRBCK\" \/>\n<meta name=\"twitter:card\" content=\"summary_large_image\" \/>\n<meta name=\"twitter:label1\" content=\"Dur\u00e9e de lecture estim\u00e9e\" \/>\n\t<meta name=\"twitter:data1\" content=\"1 minute\" \/>\n<script type=\"application\/ld+json\" class=\"yoast-schema-graph\">{\"@context\":\"https:\/\/schema.org\",\"@graph\":[{\"@type\":\"WebPage\",\"@id\":\"https:\/\/canoekayakbretagne.fr\/index.php\/parcours-de-performance\/section-sportive\/\",\"url\":\"https:\/\/canoekayakbretagne.fr\/index.php\/parcours-de-performance\/section-sportive\/\",\"name\":\"Section Sportive - Comit\u00e9 R\u00e9gional de Bretagne de Cano\u00eb-Kayak - CRBCK\",\"isPartOf\":{\"@id\":\"https:\/\/canoekayakbretagne.fr\/#website\"},\"datePublished\":\"2020-04-28T19:40:31+00:00\",\"breadcrumb\":{\"@id\":\"https:\/\/canoekayakbretagne.fr\/index.php\/parcours-de-performance\/section-sportive\/#breadcrumb\"},\"inLanguage\":\"fr-FR\",\"potentialAction\":[{\"@type\":\"ReadAction\",\"target\":[\"https:\/\/canoekayakbretagne.fr\/index.php\/parcours-de-performance\/section-sportive\/\"]}]},{\"@type\":\"BreadcrumbList\",\"@id\":\"https:\/\/canoekayakbretagne.fr\/index.php\/parcours-de-performance\/section-sportive\/#breadcrumb\",\"itemListElement\":[{\"@type\":\"ListItem\",\"position\":1,\"name\":\"Accueil\",\"item\":\"https:\/\/canoekayakbretagne.fr\/\"},{\"@type\":\"ListItem\",\"position\":2,\"name\":\"Parcours de performance\",\"item\":\"https:\/\/canoekayakbretagne.fr\/index.php\/parcours-de-performance\/\"},{\"@type\":\"ListItem\",\"position\":3,\"name\":\"Section Sportive\"}]},{\"@type\":\"WebSite\",\"@id\":\"https:\/\/canoekayakbretagne.fr\/#website\",\"url\":\"https:\/\/canoekayakbretagne.fr\/\",\"name\":\"Comit\u00e9 R\u00e9gional de Bretagne de Cano\u00eb-Kayak - CRBCK\",\"description\":\"&quot;Les sports de pagaie, partout o\u00f9 il y a de l\u2019eau.&quot;\",\"publisher\":{\"@id\":\"https:\/\/canoekayakbretagne.fr\/#organization\"},\"potentialAction\":[{\"@type\":\"SearchAction\",\"target\":{\"@type\":\"EntryPoint\",\"urlTemplate\":\"https:\/\/canoekayakbretagne.fr\/?s={search_term_string}\"},\"query-input\":{\"@type\":\"PropertyValueSpecification\",\"valueRequired\":true,\"valueName\":\"search_term_string\"}}],\"inLanguage\":\"fr-FR\"},{\"@type\":\"Organization\",\"@id\":\"https:\/\/canoekayakbretagne.fr\/#organization\",\"name\":\"Comit\u00e9 R\u00e9gional de Bretagne de Cano\u00eb-Kayak - CRBCK\",\"url\":\"https:\/\/canoekayakbretagne.fr\/\",\"logo\":{\"@type\":\"ImageObject\",\"inLanguage\":\"fr-FR\",\"@id\":\"https:\/\/canoekayakbretagne.fr\/#\/schema\/logo\/image\/\",\"url\":\"https:\/\/canoekayakbretagne.fr\/wp-content\/uploads\/2022\/01\/cropped-LOGO_BRETAGNE_300x300.jpg\",\"contentUrl\":\"https:\/\/canoekayakbretagne.fr\/wp-content\/uploads\/2022\/01\/cropped-LOGO_BRETAGNE_300x300.jpg\",\"width\":300,\"height\":300,\"caption\":\"Comit\u00e9 R\u00e9gional de Bretagne de Cano\u00eb-Kayak - CRBCK\"},\"image\":{\"@id\":\"https:\/\/canoekayakbretagne.fr\/#\/schema\/logo\/image\/\"}}]}<\/script>\n<!-- \/ Yoast SEO plugin. -->","yoast_head_json":{"title":"Section Sportive - Comit\u00e9 R\u00e9gional de Bretagne de Cano\u00eb-Kayak - CRBCK","robots":{"index":"index","follow":"follow","max-snippet":"max-snippet:-1","max-image-preview":"max-image-preview:large","max-video-preview":"max-video-preview:-1"},"canonical":"https:\/\/canoekayakbretagne.fr\/index.php\/parcours-de-performance\/section-sportive\/","og_locale":"fr_FR","og_type":"article","og_title":"Section Sportive - Comit\u00e9 R\u00e9gional de Bretagne de Cano\u00eb-Kayak - CRBCK","og_description":"Vos sections sportives dans les coll\u00e8ges et lyc\u00e9es des C\u00f4tes d\u2019Armor 3 sections sportives: Coll\u00e8ge Louis GUILLOUX \u00e0 Plemet \u2013","og_url":"https:\/\/canoekayakbretagne.fr\/index.php\/parcours-de-performance\/section-sportive\/","og_site_name":"Comit\u00e9 R\u00e9gional de Bretagne de Cano\u00eb-Kayak - CRBCK","twitter_card":"summary_large_image","twitter_misc":{"Dur\u00e9e de lecture estim\u00e9e":"1 minute"},"schema":{"@context":"https:\/\/schema.org","@graph":[{"@type":"WebPage","@id":"https:\/\/canoekayakbretagne.fr\/index.php\/parcours-de-performance\/section-sportive\/","url":"https:\/\/canoekayakbretagne.fr\/index.php\/parcours-de-performance\/section-sportive\/","name":"Section Sportive - Comit\u00e9 R\u00e9gional de Bretagne de Cano\u00eb-Kayak - CRBCK","isPartOf":{"@id":"https:\/\/canoekayakbretagne.fr\/#website"},"datePublished":"2020-04-28T19:40:31+00:00","breadcrumb":{"@id":"https:\/\/canoekayakbretagne.fr\/index.php\/parcours-de-performance\/section-sportive\/#breadcrumb"},"inLanguage":"fr-FR","potentialAction":[{"@type":"ReadAction","target":["https:\/\/canoekayakbretagne.fr\/index.php\/parcours-de-performance\/section-sportive\/"]}]},{"@type":"BreadcrumbList","@id":"https:\/\/canoekayakbretagne.fr\/index.php\/parcours-de-performance\/section-sportive\/#breadcrumb","itemListElement":[{"@type":"ListItem","position":1,"name":"Accueil","item":"https:\/\/canoekayakbretagne.fr\/"},{"@type":"ListItem","position":2,"name":"Parcours de performance","item":"https:\/\/canoekayakbretagne.fr\/index.php\/parcours-de-performance\/"},{"@type":"ListItem","position":3,"name":"Section Sportive"}]},{"@type":"WebSite","@id":"https:\/\/canoekayakbretagne.fr\/#website","url":"https:\/\/canoekayakbretagne.fr\/","name":"Comit\u00e9 R\u00e9gional de Bretagne de Cano\u00eb-Kayak - CRBCK","description":"&quot;Les sports de pagaie, partout o\u00f9 il y a de l\u2019eau.&quot;","publisher":{"@id":"https:\/\/canoekayakbretagne.fr\/#organization"},"potentialAction":[{"@type":"SearchAction","target":{"@type":"EntryPoint","urlTemplate":"https:\/\/canoekayakbretagne.fr\/?s={search_term_string}"},"query-input":{"@type":"PropertyValueSpecification","valueRequired":true,"valueName":"search_term_string"}}],"inLanguage":"fr-FR"},{"@type":"Organization","@id":"https:\/\/canoekayakbretagne.fr\/#organization","name":"Comit\u00e9 R\u00e9gional de Bretagne de Cano\u00eb-Kayak - CRBCK","url":"https:\/\/canoekayakbretagne.fr\/","logo":{"@type":"ImageObject","inLanguage":"fr-FR","@id":"https:\/\/canoekayakbretagne.fr\/#\/schema\/logo\/image\/","url":"https:\/\/canoekayakbretagne.fr\/wp-content\/uploads\/2022\/01\/cropped-LOGO_BRETAGNE_300x300.jpg","contentUrl":"https:\/\/canoekayakbretagne.fr\/wp-content\/uploads\/2022\/01\/cropped-LOGO_BRETAGNE_300x300.jpg","width":300,"height":300,"caption":"Comit\u00e9 R\u00e9gional de Bretagne de Cano\u00eb-Kayak - CRBCK"},"image":{"@id":"https:\/\/canoekayakbretagne.fr\/#\/schema\/logo\/image\/"}}]}},"_links":{"self":[{"href":"https:\/\/canoekayakbretagne.fr\/index.php\/wp-json\/wp\/v2\/pages\/301","targetHints":{"allow":["GET"]}}],"collection":[{"href":"https:\/\/canoekayakbretagne.fr\/index.php\/wp-json\/wp\/v2\/pages"}],"about":[{"href":"https:\/\/canoekayakbretagne.fr\/index.php\/wp-json\/wp\/v2\/types\/page"}],"author":[{"embeddable":true,"href":"https:\/\/canoekayakbretagne.fr\/index.php\/wp-json\/wp\/v2\/users\/3"}],"replies":[{"embeddable":true,"href":"https:\/\/canoekayakbretagne.fr\/index.php\/wp-json\/wp\/v2\/comments?post=301"}],"version-history":[{"count":0,"href":"https:\/\/canoekayakbretagne.fr\/index.php\/wp-json\/wp\/v2\/pages\/301\/revisions"}],"up":[{"embeddable":true,"href":"https:\/\/canoekayakbretagne.fr\/index.php\/wp-json\/wp\/v2\/pages\/141"}],"wp:attachment":[{"href":"https:\/\/canoekayakbretagne.fr\/index.php\/wp-json\/wp\/v2\/media?parent=301"}],"curies":[{"name":"wp","href":"https:\/\/api.w.org\/{rel}","templated":true}]}}