{"id":381,"date":"2020-04-29T15:50:36","date_gmt":"2020-04-29T15:50:36","guid":{"rendered":"https:\/\/canoekayakbretagne.fr\/index.php\/le-crbck\/la-pratique-sur-les-territoires\/les-clubs\/"},"modified":"2023-09-15T11:49:08","modified_gmt":"2023-09-15T09:49:08","slug":"les-clubs","status":"publish","type":"page","link":"https:\/\/canoekayakbretagne.fr\/lesclubs","title":{"rendered":"Les clubs"},"content":{"rendered":"\t\t<div data-elementor-type=\"wp-page\" data-elementor-id=\"381\" class=\"elementor elementor-381\">\n\t\t\t\t\t\t<section class=\"elementor-section elementor-top-section elementor-element elementor-element-52d7d959 elementor-section-boxed elementor-section-height-default elementor-section-height-default\" data-id=\"52d7d959\" data-element_type=\"section\" data-e-type=\"section\">\n\t\t\t\t\t\t<div class=\"elementor-container elementor-column-gap-default\">\n\t\t\t\t\t<div class=\"elementor-column elementor-col-100 elementor-top-column elementor-element elementor-element-14bddfb1\" data-id=\"14bddfb1\" data-element_type=\"column\" data-e-type=\"column\">\n\t\t\t<div class=\"elementor-widget-wrap elementor-element-populated\">\n\t\t\t\t\t\t<div class=\"elementor-element elementor-element-2c48ed2e elementor-widget elementor-widget-text-editor\" data-id=\"2c48ed2e\" data-element_type=\"widget\" data-e-type=\"widget\" data-widget_type=\"text-editor.default\">\n\t\t\t\t<div class=\"elementor-widget-container\">\n\t\t\t\t\t\t\t\t\t<p><strong>Pour obtenir plus d\u2019infos sur les clubs et les disciplines qu\u2019ils proposent,<br \/>nous vous invitons \u00e0 cliquer sur la carte interactive qui vous dirigera sur le site internet du club.<\/strong><\/p><h4>C\u00f4tes d\u2019Armor \u2013 12 clubs affili\u00e9s et 7 clubs agr\u00e9\u00e9s<\/h4><p><iframe src=\"https:\/\/www.google.com\/maps\/d\/embed?mid=1sTHgKc0WO3_UN7S6zgnahobT5Xv-4xBx\" width=\"640\" height=\"480\"><\/iframe><\/p><h4>Finist\u00e8re \u2013 18 clubs affili\u00e9s<\/h4><p><iframe src=\"https:\/\/www.google.com\/maps\/d\/embed?mid=19_R7qp3_5_Zgd_dVgESq4VXO1WQYkwev\" width=\"640\" height=\"480\"><\/iframe><\/p><h4>Ille et Vilaine \u2013 18 clubs affili\u00e9s et 2 clubs agr\u00e9\u00e9s<\/h4><p><iframe src=\"https:\/\/www.google.com\/maps\/d\/embed?mid=1h5UKQLbEJgl-SG7I8D8-CrmScRjyZsb-\" width=\"640\" height=\"480\"><\/iframe><\/p><h4>Morbihan \u2013 17 clubs affili\u00e9s et 2 clubs agr\u00e9\u00e9s<\/h4><p><iframe src=\"https:\/\/www.google.com\/maps\/d\/embed?mid=1QE-EdUgbTyIGVQ-Qhn5m0jL2u4r-LfXI\" width=\"640\" height=\"480\"><\/iframe><\/p><hr \/><h3 id=\"\\\">Des clubs labellis\u00e9s<\/h3><p><strong>Le label EFCK<\/strong><br \/>Le label Ecole Fran\u00e7aise de Cano\u00eb-Kayak (EFCK) a \u00e9t\u00e9 cr\u00e9\u00e9 par la f\u00e9d\u00e9ration fran\u00e7aise de Cano\u00eb-Kayak pour valoriser les clubs qui ont atteint un niveau de qualit\u00e9 tel que d\u00e9finit dans le cahier des charges du label ou qui s\u2019engagent dans une d\u00e9marche de qualit\u00e9 afin de r\u00e9pondre aux exigences de ce cahier des charges.<br \/><em>Cliquez ci-dessous pour consulter et\/ou t\u00e9l\u00e9charger le r\u00e8glement et le r\u00e9f\u00e9rentiel:<\/em>\u00a0\u2013<a title=\"\\\" href=\"\\\">efck_reglement_general_de_labellisation.pdf<\/a>\u00a0\u2013<a title=\"\\\" href=\"\\\">efck_referentiel_de_bonnes_pratiques.pdf<\/a><br \/>Les Ecoles Fran\u00e7aises de Cano\u00eb-Kayak se sont engag\u00e9es \u00e0 vous garantir un bon accueil, un projet p\u00e9dagogique qui facilite votre progression avec Pagaies Couleurs, un encadrement qualifi\u00e9 et dipl\u00f4m\u00e9, un mat\u00e9riel de navigation adapt\u00e9 et entretenu, une pratique respectueuse de son environnement.<br \/><a id=\"focus_sur_les_clubs\\&quot;&quot;\" title=\"\\\" href=\"\\\"><img decoding=\"async\" src=\"\\\" alt=\"\\\" width=\"\\\" \/><\/a><br \/><strong>La mention sportive<\/strong><br \/>Pour vous accompagner dans vos performances sportives, les \u00e9coles ayant obtenu la mention Performance Sportive, se sont engag\u00e9es \u00e0 mettre \u00e0 votre disposition un entra\u00eeneur qualifi\u00e9.<br \/><a title=\"\\\" href=\"\\\">labels_efck_2017.pdf<\/a><\/p>\t\t\t\t\t\t\t\t<\/div>\n\t\t\t\t<\/div>\n\t\t\t\t\t<\/div>\n\t\t<\/div>\n\t\t\t\t\t<\/div>\n\t\t<\/section>\n\t\t\t\t<\/div>\n\t\t","protected":false},"excerpt":{"rendered":"<p>Pour obtenir plus d\u2019infos sur les clubs et les disciplines qu\u2019ils proposent,nous vous invitons \u00e0 cliquer sur la carte interactive<\/p>\n","protected":false},"author":3,"featured_media":0,"parent":0,"menu_order":0,"comment_status":"closed","ping_status":"closed","template":"","meta":{"colormag_page_container_layout":"default_layout","colormag_page_sidebar_layout":"default_layout","footnotes":""},"class_list":["post-381","page","type-page","status-publish","hentry"],"yoast_head":"<!-- This site is optimized with the Yoast SEO plugin v27.2 - https:\/\/yoast.com\/product\/yoast-seo-wordpress\/ -->\n<title>Les clubs - Comit\u00e9 R\u00e9gional de Bretagne de Cano\u00eb-Kayak - CRBCK<\/title>\n<meta name=\"robots\" content=\"index, follow, max-snippet:-1, max-image-preview:large, max-video-preview:-1\" \/>\n<link rel=\"canonical\" href=\"https:\/\/canoekayakbretagne.fr\/lesclubs\/\" \/>\n<meta property=\"og:locale\" content=\"fr_FR\" \/>\n<meta property=\"og:type\" content=\"article\" \/>\n<meta property=\"og:title\" content=\"Les clubs - Comit\u00e9 R\u00e9gional de Bretagne de Cano\u00eb-Kayak - CRBCK\" \/>\n<meta property=\"og:description\" content=\"Pour obtenir plus d\u2019infos sur les clubs et les disciplines qu\u2019ils proposent,nous vous invitons \u00e0 cliquer sur la carte interactive\" \/>\n<meta property=\"og:url\" content=\"https:\/\/canoekayakbretagne.fr\/lesclubs\/\" \/>\n<meta property=\"og:site_name\" content=\"Comit\u00e9 R\u00e9gional de Bretagne de Cano\u00eb-Kayak - CRBCK\" \/>\n<meta property=\"article:modified_time\" content=\"2023-09-15T09:49:08+00:00\" \/>\n<meta name=\"twitter:card\" content=\"summary_large_image\" \/>\n<meta name=\"twitter:label1\" content=\"Dur\u00e9e de lecture estim\u00e9e\" \/>\n\t<meta name=\"twitter:data1\" content=\"2 minutes\" \/>\n<script type=\"application\/ld+json\" class=\"yoast-schema-graph\">{\"@context\":\"https:\/\/schema.org\",\"@graph\":[{\"@type\":\"WebPage\",\"@id\":\"https:\/\/canoekayakbretagne.fr\/lesclubs\/\",\"url\":\"https:\/\/canoekayakbretagne.fr\/lesclubs\/\",\"name\":\"Les clubs - Comit\u00e9 R\u00e9gional de Bretagne de Cano\u00eb-Kayak - CRBCK\",\"isPartOf\":{\"@id\":\"https:\/\/canoekayakbretagne.fr\/#website\"},\"datePublished\":\"2020-04-29T15:50:36+00:00\",\"dateModified\":\"2023-09-15T09:49:08+00:00\",\"breadcrumb\":{\"@id\":\"https:\/\/canoekayakbretagne.fr\/lesclubs\/#breadcrumb\"},\"inLanguage\":\"fr-FR\",\"potentialAction\":[{\"@type\":\"ReadAction\",\"target\":[\"https:\/\/canoekayakbretagne.fr\/lesclubs\/\"]}]},{\"@type\":\"BreadcrumbList\",\"@id\":\"https:\/\/canoekayakbretagne.fr\/lesclubs\/#breadcrumb\",\"itemListElement\":[{\"@type\":\"ListItem\",\"position\":1,\"name\":\"Accueil\",\"item\":\"https:\/\/canoekayakbretagne.fr\/\"},{\"@type\":\"ListItem\",\"position\":2,\"name\":\"Les clubs\"}]},{\"@type\":\"WebSite\",\"@id\":\"https:\/\/canoekayakbretagne.fr\/#website\",\"url\":\"https:\/\/canoekayakbretagne.fr\/\",\"name\":\"Comit\u00e9 R\u00e9gional de Bretagne de Cano\u00eb-Kayak - CRBCK\",\"description\":\"&quot;Les sports de pagaie, partout o\u00f9 il y a de l\u2019eau.&quot;\",\"publisher\":{\"@id\":\"https:\/\/canoekayakbretagne.fr\/#organization\"},\"potentialAction\":[{\"@type\":\"SearchAction\",\"target\":{\"@type\":\"EntryPoint\",\"urlTemplate\":\"https:\/\/canoekayakbretagne.fr\/?s={search_term_string}\"},\"query-input\":{\"@type\":\"PropertyValueSpecification\",\"valueRequired\":true,\"valueName\":\"search_term_string\"}}],\"inLanguage\":\"fr-FR\"},{\"@type\":\"Organization\",\"@id\":\"https:\/\/canoekayakbretagne.fr\/#organization\",\"name\":\"Comit\u00e9 R\u00e9gional de Bretagne de Cano\u00eb-Kayak - CRBCK\",\"url\":\"https:\/\/canoekayakbretagne.fr\/\",\"logo\":{\"@type\":\"ImageObject\",\"inLanguage\":\"fr-FR\",\"@id\":\"https:\/\/canoekayakbretagne.fr\/#\/schema\/logo\/image\/\",\"url\":\"https:\/\/canoekayakbretagne.fr\/wp-content\/uploads\/2022\/01\/cropped-LOGO_BRETAGNE_300x300.jpg\",\"contentUrl\":\"https:\/\/canoekayakbretagne.fr\/wp-content\/uploads\/2022\/01\/cropped-LOGO_BRETAGNE_300x300.jpg\",\"width\":300,\"height\":300,\"caption\":\"Comit\u00e9 R\u00e9gional de Bretagne de Cano\u00eb-Kayak - CRBCK\"},\"image\":{\"@id\":\"https:\/\/canoekayakbretagne.fr\/#\/schema\/logo\/image\/\"}}]}<\/script>\n<!-- \/ Yoast SEO plugin. -->","yoast_head_json":{"title":"Les clubs - Comit\u00e9 R\u00e9gional de Bretagne de Cano\u00eb-Kayak - CRBCK","robots":{"index":"index","follow":"follow","max-snippet":"max-snippet:-1","max-image-preview":"max-image-preview:large","max-video-preview":"max-video-preview:-1"},"canonical":"https:\/\/canoekayakbretagne.fr\/lesclubs\/","og_locale":"fr_FR","og_type":"article","og_title":"Les clubs - Comit\u00e9 R\u00e9gional de Bretagne de Cano\u00eb-Kayak - CRBCK","og_description":"Pour obtenir plus d\u2019infos sur les clubs et les disciplines qu\u2019ils proposent,nous vous invitons \u00e0 cliquer sur la carte interactive","og_url":"https:\/\/canoekayakbretagne.fr\/lesclubs\/","og_site_name":"Comit\u00e9 R\u00e9gional de Bretagne de Cano\u00eb-Kayak - CRBCK","article_modified_time":"2023-09-15T09:49:08+00:00","twitter_card":"summary_large_image","twitter_misc":{"Dur\u00e9e de lecture estim\u00e9e":"2 minutes"},"schema":{"@context":"https:\/\/schema.org","@graph":[{"@type":"WebPage","@id":"https:\/\/canoekayakbretagne.fr\/lesclubs\/","url":"https:\/\/canoekayakbretagne.fr\/lesclubs\/","name":"Les clubs - Comit\u00e9 R\u00e9gional de Bretagne de Cano\u00eb-Kayak - CRBCK","isPartOf":{"@id":"https:\/\/canoekayakbretagne.fr\/#website"},"datePublished":"2020-04-29T15:50:36+00:00","dateModified":"2023-09-15T09:49:08+00:00","breadcrumb":{"@id":"https:\/\/canoekayakbretagne.fr\/lesclubs\/#breadcrumb"},"inLanguage":"fr-FR","potentialAction":[{"@type":"ReadAction","target":["https:\/\/canoekayakbretagne.fr\/lesclubs\/"]}]},{"@type":"BreadcrumbList","@id":"https:\/\/canoekayakbretagne.fr\/lesclubs\/#breadcrumb","itemListElement":[{"@type":"ListItem","position":1,"name":"Accueil","item":"https:\/\/canoekayakbretagne.fr\/"},{"@type":"ListItem","position":2,"name":"Les clubs"}]},{"@type":"WebSite","@id":"https:\/\/canoekayakbretagne.fr\/#website","url":"https:\/\/canoekayakbretagne.fr\/","name":"Comit\u00e9 R\u00e9gional de Bretagne de Cano\u00eb-Kayak - CRBCK","description":"&quot;Les sports de pagaie, partout o\u00f9 il y a de l\u2019eau.&quot;","publisher":{"@id":"https:\/\/canoekayakbretagne.fr\/#organization"},"potentialAction":[{"@type":"SearchAction","target":{"@type":"EntryPoint","urlTemplate":"https:\/\/canoekayakbretagne.fr\/?s={search_term_string}"},"query-input":{"@type":"PropertyValueSpecification","valueRequired":true,"valueName":"search_term_string"}}],"inLanguage":"fr-FR"},{"@type":"Organization","@id":"https:\/\/canoekayakbretagne.fr\/#organization","name":"Comit\u00e9 R\u00e9gional de Bretagne de Cano\u00eb-Kayak - CRBCK","url":"https:\/\/canoekayakbretagne.fr\/","logo":{"@type":"ImageObject","inLanguage":"fr-FR","@id":"https:\/\/canoekayakbretagne.fr\/#\/schema\/logo\/image\/","url":"https:\/\/canoekayakbretagne.fr\/wp-content\/uploads\/2022\/01\/cropped-LOGO_BRETAGNE_300x300.jpg","contentUrl":"https:\/\/canoekayakbretagne.fr\/wp-content\/uploads\/2022\/01\/cropped-LOGO_BRETAGNE_300x300.jpg","width":300,"height":300,"caption":"Comit\u00e9 R\u00e9gional de Bretagne de Cano\u00eb-Kayak - CRBCK"},"image":{"@id":"https:\/\/canoekayakbretagne.fr\/#\/schema\/logo\/image\/"}}]}},"_links":{"self":[{"href":"https:\/\/canoekayakbretagne.fr\/index.php\/wp-json\/wp\/v2\/pages\/381","targetHints":{"allow":["GET"]}}],"collection":[{"href":"https:\/\/canoekayakbretagne.fr\/index.php\/wp-json\/wp\/v2\/pages"}],"about":[{"href":"https:\/\/canoekayakbretagne.fr\/index.php\/wp-json\/wp\/v2\/types\/page"}],"author":[{"embeddable":true,"href":"https:\/\/canoekayakbretagne.fr\/index.php\/wp-json\/wp\/v2\/users\/3"}],"replies":[{"embeddable":true,"href":"https:\/\/canoekayakbretagne.fr\/index.php\/wp-json\/wp\/v2\/comments?post=381"}],"version-history":[{"count":7,"href":"https:\/\/canoekayakbretagne.fr\/index.php\/wp-json\/wp\/v2\/pages\/381\/revisions"}],"predecessor-version":[{"id":4329,"href":"https:\/\/canoekayakbretagne.fr\/index.php\/wp-json\/wp\/v2\/pages\/381\/revisions\/4329"}],"wp:attachment":[{"href":"https:\/\/canoekayakbretagne.fr\/index.php\/wp-json\/wp\/v2\/media?parent=381"}],"curies":[{"name":"wp","href":"https:\/\/api.w.org\/{rel}","templated":true}]}}