{"id":386,"date":"2020-04-29T15:53:26","date_gmt":"2020-04-29T15:53:26","guid":{"rendered":"https:\/\/canoekayakbretagne.fr\/index.php\/le-crbck\/la-pratique-sur-les-territoires\/membres-agrees\/"},"modified":"2020-04-29T15:53:26","modified_gmt":"2020-04-29T15:53:26","slug":"membres-agrees","status":"publish","type":"page","link":"https:\/\/canoekayakbretagne.fr\/index.php\/membres-agrees\/","title":{"rendered":"Membres agr\u00e9\u00e9s"},"content":{"rendered":"<div class=\\\"entry-content\\\">\n<div class=\\\"level2\\\">\n<header class=\\\"entry-header\\\">\n<h1 class=\\\"entry-title\\\"><span style=\\\"font-size: 16px;\\\">Le comit\u00e9 r\u00e9gional peut vous accompagner dans vos d\u00e9marches pour obtenir le statut de membre agr\u00e9\u00e9<\/span><\/h1>\n<\/header>\n<p>Les membres agr\u00e9\u00e9s (<strong><em>retrouvez la cartographie avec leurs coordonn\u00e9es en bas de cette page<\/em><\/strong>) sont des structures publiques ou commerciales dont l\u2019objet int\u00e8gre une pratique encadr\u00e9e de qualit\u00e9 du cano\u00eb kayak et des disciplines associ\u00e9es.<br \/>\nIls partagent les valeurs de la FFCK:<\/p>\n<ul>\n<li class=\\\"level1\\\">\n<div class=\\\"li\\\">le d\u00e9veloppement qualitatif des pratiques et leur promotion ;<\/div>\n<\/li>\n<\/ul>\n<ul>\n<li class=\\\"level1\\\">\n<div class=\\\"li\\\">la formation et la protection des pratiquant(e)s ;<\/div>\n<\/li>\n<\/ul>\n<ul>\n<li class=\\\"level1\\\">\n<div class=\\\"li\\\">la pr\u00e9servation et la valorisation des milieux naturels de pratique ;<\/div>\n<\/li>\n<\/ul>\n<ul>\n<li class=\\\"level1\\\">\n<div class=\\\"li\\\">l\u2019acc\u00e8s raisonn\u00e9 et la conciliation des diff\u00e9rents usages.<\/div>\n<\/li>\n<\/ul>\n<h5><strong>Le statut de membre agr\u00e9\u00e9<\/strong><\/h5>\n<ul>\n<li class=\\\"level1\\\">\n<div class=\\\"li\\\">Autorise \u00e0 d\u00e9livrer des licences ou titres f\u00e9d\u00e9raux \u2013 L\u2019agr\u00e9ment comprend 6 titres f\u00e9d\u00e9raux \u2013<\/div>\n<\/li>\n<\/ul>\n<ul>\n<li class=\\\"level1\\\">\n<div class=\\\"li\\\">Donne l\u2019acc\u00e8s au syst\u00e8me de formation pagaies couleur de la FFCK : Les structures rattach\u00e9es \u00e0 la FFCK (affili\u00e9es ou agr\u00e9\u00e9es) qui ont un cadre b\u00e9n\u00e9vole ou dipl\u00f4m\u00e9 au moins Moniteur F\u00e9d\u00e9ral Pagaies Couleurs ayant suivi une formation f\u00e9d\u00e9rale \u00ab Habilitation Pagaies Couleurs \u00bb, peuvent certifier, c\u2019est \u00e0 dire \u00e9valuer et valider les niveaux Pagaie Blanche \u00e0 Bleue.<\/div>\n<\/li>\n<\/ul>\n<ul>\n<li class=\\\"level1\\\">\n<div class=\\\"li\\\">Permet d\u2019acc\u00e9der aux formations organis\u00e9es par le comit\u00e9 r\u00e9gional: AMFPC \u2013 assistant moniteur f\u00e9d\u00e9ral pagaies couleurs \/ MFPC \u2013 monitorat f\u00e9d\u00e9ral pagaies couleurs \/ CQP \u2013 Certification de qualification professionnelle \/ Certificateur pagaies couleur \/ Formations s\u00e9curit\u00e9 \/ Formations recyclages<\/div>\n<\/li>\n<\/ul>\n<ul>\n<li class=\\\"level1\\\">\n<div class=\\\"li\\\">Permet d\u2019\u00eatre repr\u00e9sent\u00e9 au sein des instances f\u00e9d\u00e9rales \u2013 comit\u00e9s d\u00e9partementaux, r\u00e9gionaux notamment<\/div>\n<\/li>\n<\/ul>\n<ul>\n<li class=\\\"level1\\\">\n<div class=\\\"li\\\">Donne acc\u00e8s au r\u00e9seau de la FFCK au plan de la Communication : A ce titre le comit\u00e9 r\u00e9gional assure<\/div>\n<\/li>\n<\/ul>\n<ol>\n<li class=\\\"level1\\\">\n<div class=\\\"li\\\">la diffusion des informations transmises par les membres agr\u00e9\u00e9s et la promotion des activit\u00e9s et \u00e9v\u00e9nements organis\u00e9s par ceux-ci.<\/div>\n<\/li>\n<li class=\\\"level5\\\">\n<div class=\\\"li\\\">une pr\u00e9sence des structures agr\u00e9es sur le site internet du comit\u00e9.<\/div>\n<\/li>\n<li class=\\\"level5\\\">\n<div class=\\\"li\\\">la diffusion des offres d\u2019emploi de ses membres agr\u00e9\u00e9s en direction des cadres titulaires du CQP, notamment pour les emplois saisonniers.<\/div>\n<\/li>\n<li class=\\\"level5\\\">\n<div class=\\\"li\\\">La diffusion de l\u2019information relative \u00e0 la vie du comit\u00e9 et plus largement de la vie f\u00e9d\u00e9rale \u2013 calendrier des formations, manifestations etc..<\/div>\n<\/li>\n<\/ol>\n<p><strong>Vous pouvez t\u00e9l\u00e9charger la plaquette d\u2019informations sur le statut de membre agr\u00e9e en cliquant&nbsp;<a href=\\\"https:\/\/web.archive.org\/web\/20190707234252\/http:\/\/canoe-kayak-bretagne.fr\/wordpress\/wp-content\/uploads\/2018\/07\/devenir-un-membre-agree-a-la-FFCK.pdf\\\">ICI<\/a>!<\/strong><\/p>\n<hr>\n<h2>Nos membres agr\u00e9es<\/h2>\n<p><iframe src=\\\"https:\/\/web.archive.org\/web\/20190707234252if_\/https:\/\/www.google.com\/maps\/d\/embed?mid=1g6EFZpBqG97xgNX4pLEiYdNlTXsBhROh\\\" width=\\\"100%\\\" height=\\\"480\\\" data-mce-fragment=\\\"1\\\"><\/iframe><\/p>\n<h4>Centre nautique de Saint Cast<\/h4>\n<div class=\\\"level1\\\"><em>Toutes les coordonn\u00e9es en cliquant sur la carte ci-dessus.<\/em><\/div>\n<div>&nbsp;<\/div>\n<div><img class=\\\"aligncenter size-full wp-image-1109\\\" src=\\\"https:\/\/web.archive.org\/web\/20190707234252im_\/http:\/\/canoe-kayak-bretagne.fr\/wordpress\/wp-content\/uploads\/2018\/07\/PRESENTATION-CN-ST-CAST-page-001-1.jpg\\\" sizes=\\\"(max-width: 1754px) 100vw, 1754px\\\" srcset=\\\"https:\/\/web.archive.org\/web\/20190707234252im_\/http:\/\/canoe-kayak-bretagne.fr\/wordpress\/wp-content\/uploads\/2018\/07\/PRESENTATION-CN-ST-CAST-page-001-1.jpg 1754w, https:\/\/web.archive.org\/web\/20190707234252im_\/http:\/\/canoe-kayak-bretagne.fr\/wordpress\/wp-content\/uploads\/2018\/07\/PRESENTATION-CN-ST-CAST-page-001-1-300x212.jpg 300w, https:\/\/web.archive.org\/web\/20190707234252im_\/http:\/\/canoe-kayak-bretagne.fr\/wordpress\/wp-content\/uploads\/2018\/07\/PRESENTATION-CN-ST-CAST-page-001-1-768x543.jpg 768w, https:\/\/web.archive.org\/web\/20190707234252im_\/http:\/\/canoe-kayak-bretagne.fr\/wordpress\/wp-content\/uploads\/2018\/07\/PRESENTATION-CN-ST-CAST-page-001-1-1024x724.jpg 1024w\\\" alt=\\\"\\\" width=\\\"1754\\\" height=\\\"1240\\\"><\/div>\n<div class=\\\"level1\\\">\n<div class=\\\"level1\\\">\n<hr>\n<\/div>\n<h4>Sellor<\/h4>\n<div class=\\\"level1\\\"><em>Toutes les coordonn\u00e9es en cliquant sur la carte ci-dessus.<\/em><\/div>\n<\/div>\n<div>&nbsp;<\/div>\n<div>&nbsp;<\/div>\n<div class=\\\"level1\\\">\n<div>&nbsp;<\/div>\n<div class=\\\"level1\\\">\n<p><img class=\\\"aligncenter wp-image-1092 size-full\\\" src=\\\"https:\/\/web.archive.org\/web\/20190707234252im_\/http:\/\/canoe-kayak-bretagne.fr\/wordpress\/wp-content\/uploads\/2018\/07\/sellor.jpg\\\" sizes=\\\"(max-width: 895px) 100vw, 895px\\\" srcset=\\\"https:\/\/web.archive.org\/web\/20190707234252im_\/http:\/\/canoe-kayak-bretagne.fr\/wordpress\/wp-content\/uploads\/2018\/07\/sellor.jpg 895w, https:\/\/web.archive.org\/web\/20190707234252im_\/http:\/\/canoe-kayak-bretagne.fr\/wordpress\/wp-content\/uploads\/2018\/07\/sellor-300x75.jpg 300w, https:\/\/web.archive.org\/web\/20190707234252im_\/http:\/\/canoe-kayak-bretagne.fr\/wordpress\/wp-content\/uploads\/2018\/07\/sellor-768x193.jpg 768w\\\" alt=\\\"\\\" width=\\\"895\\\" height=\\\"225\\\"><\/p>\n<p>La Sellor est un acteur incontournable du d\u00e9veloppement du tourisme en Pays Lorientais. En effet, elle g\u00e8re diff\u00e9rents p\u00f4les d\u2019\u00e9quipements : p\u00f4le d\u2019h\u00e9bergement, p\u00f4le ports de plaisance, un p\u00f4le Espace D\u00e9couvertes et bien s\u00fbr un p\u00f4le loisirs nautiques Un p\u00f4le loisirs nautiques : Sellor nautisme<\/p>\n<p>Au fil des ann\u00e9es,&nbsp;<em class=\\\"u\\\">le p\u00f4le loisirs nautiques<\/em>&nbsp;s\u2019est d\u00e9velopp\u00e9 avec la cr\u00e9ation ou la reprise par Lorient Agglom\u00e9ration d\u2019activit\u00e9s communales&nbsp;ensuite confi\u00e9es en gestion \u00e0 la Sellor : -cr\u00e9ation des Points Passion Plage estivaux pour la location de mat\u00e9riel, -ouverture du centre nautique de Guidel, -ouverture du Parc d\u2019Eau Vive de Lochrist et&nbsp;-reprise du Centre Nautique de Port-Louis. Des bases estivales sont \u00e9galement ouvertes \u00e0 G\u00e2vres et sur l\u2019Ile de Groix en juillet et en ao\u00fbt.<\/p>\n<\/div>\n<div class=\\\"level1\\\">\n<p><b>Le p\u00f4le loisirs nautiques s\u2019organise aujourd\u2019hui en 4 branches d\u2019activit\u00e9s :<\/b><\/p>\n<p>\u2013<em class=\\\"u\\\">la voile l\u00e9g\u00e8re<\/em>&nbsp;(et le char \u00e0 voile) : des plans d\u2019eau exceptionnels et accessibles \u00e0 tous<\/p>\n<p>\u2013<strong><em class=\\\"u\\\">le cano\u00eb-kayak<\/em><\/strong>&nbsp;: de nombreuses formules adapt\u00e9es \u00e0 tous : randos, stages, acc\u00e8s au parc d\u2019eau vive<\/p>\n<p>\u2013<em class=\\\"u\\\">la plong\u00e9e<\/em>&nbsp;: des sites aux conditions optimales pour plonger en toute saison<\/p>\n<p>\u2013<em class=\\\"u\\\">la croisi\u00e8re<\/em><\/p>\n<hr>\n<\/div>\n<h4>Le P\u00f4le nautique Loguivy de la Mer<\/h4>\n<div class=\\\"level1\\\"><em>Toutes les coordonn\u00e9es en cliquant sur la carte ci-dessus.<\/em><\/div>\n<p><img class=\\\"aligncenter wp-image-1112 size-full\\\" src=\\\"https:\/\/web.archive.org\/web\/20190707234252im_\/http:\/\/canoe-kayak-bretagne.fr\/wordpress\/wp-content\/uploads\/2018\/07\/PRESENTATION-PN-LOGUIVY-DE-LA-MER-page-001.jpg\\\" sizes=\\\"(max-width: 1754px) 100vw, 1754px\\\" srcset=\\\"https:\/\/web.archive.org\/web\/20190707234252im_\/http:\/\/canoe-kayak-bretagne.fr\/wordpress\/wp-content\/uploads\/2018\/07\/PRESENTATION-PN-LOGUIVY-DE-LA-MER-page-001.jpg 1754w, https:\/\/web.archive.org\/web\/20190707234252im_\/http:\/\/canoe-kayak-bretagne.fr\/wordpress\/wp-content\/uploads\/2018\/07\/PRESENTATION-PN-LOGUIVY-DE-LA-MER-page-001-300x212.jpg 300w, https:\/\/web.archive.org\/web\/20190707234252im_\/http:\/\/canoe-kayak-bretagne.fr\/wordpress\/wp-content\/uploads\/2018\/07\/PRESENTATION-PN-LOGUIVY-DE-LA-MER-page-001-768x543.jpg 768w, https:\/\/web.archive.org\/web\/20190707234252im_\/http:\/\/canoe-kayak-bretagne.fr\/wordpress\/wp-content\/uploads\/2018\/07\/PRESENTATION-PN-LOGUIVY-DE-LA-MER-page-001-1024x724.jpg 1024w\\\" alt=\\\"\\\" width=\\\"1754\\\" height=\\\"1240\\\"><\/p>\n<\/div>\n<div>&nbsp;<\/div>\n<div>&nbsp;<\/div>\n<div>&nbsp;<\/div>\n<div>&nbsp;<\/div>\n<div>&nbsp;<\/div>\n<div>&nbsp;<\/div>\n<div class=\\\"level1\\\">\n<div class=\\\"level1\\\">\n<p>&nbsp;<\/p>\n<p>&nbsp;<\/p>\n<p>&nbsp;<\/p>\n<p>&nbsp;<\/p>\n<p>&nbsp;<\/p>\n<p>&nbsp;<\/p>\n<\/div>\n<\/div>\n<\/div>\n<\/div>\n","protected":false},"excerpt":{"rendered":"<p>Le comit\u00e9 r\u00e9gional peut vous accompagner dans vos d\u00e9marches pour obtenir le statut de membre agr\u00e9\u00e9 Les membres agr\u00e9\u00e9s (retrouvez<\/p>\n","protected":false},"author":3,"featured_media":0,"parent":0,"menu_order":0,"comment_status":"closed","ping_status":"closed","template":"","meta":{"colormag_page_container_layout":"default_layout","colormag_page_sidebar_layout":"default_layout","footnotes":""},"class_list":["post-386","page","type-page","status-publish","hentry"],"yoast_head":"<!-- This site is optimized with the Yoast SEO plugin v27.2 - https:\/\/yoast.com\/product\/yoast-seo-wordpress\/ -->\n<title>Membres agr\u00e9\u00e9s - Comit\u00e9 R\u00e9gional de Bretagne de Cano\u00eb-Kayak - CRBCK<\/title>\n<meta name=\"robots\" content=\"index, follow, max-snippet:-1, max-image-preview:large, max-video-preview:-1\" \/>\n<link rel=\"canonical\" href=\"https:\/\/canoekayakbretagne.fr\/index.php\/le-crbck__trashed\/la-pratique-sur-les-territoires__trashed\/membres-agrees\/\" \/>\n<meta property=\"og:locale\" content=\"fr_FR\" \/>\n<meta property=\"og:type\" content=\"article\" \/>\n<meta property=\"og:title\" content=\"Membres agr\u00e9\u00e9s - Comit\u00e9 R\u00e9gional de Bretagne de Cano\u00eb-Kayak - CRBCK\" \/>\n<meta property=\"og:description\" content=\"Le comit\u00e9 r\u00e9gional peut vous accompagner dans vos d\u00e9marches pour obtenir le statut de membre agr\u00e9\u00e9 Les membres agr\u00e9\u00e9s (retrouvez\" \/>\n<meta property=\"og:url\" content=\"https:\/\/canoekayakbretagne.fr\/index.php\/le-crbck__trashed\/la-pratique-sur-les-territoires__trashed\/membres-agrees\/\" \/>\n<meta property=\"og:site_name\" content=\"Comit\u00e9 R\u00e9gional de Bretagne de Cano\u00eb-Kayak - CRBCK\" \/>\n<meta name=\"twitter:card\" content=\"summary_large_image\" \/>\n<meta name=\"twitter:label1\" content=\"Dur\u00e9e de lecture estim\u00e9e\" \/>\n\t<meta name=\"twitter:data1\" content=\"3 minutes\" \/>\n<script type=\"application\/ld+json\" class=\"yoast-schema-graph\">{\"@context\":\"https:\/\/schema.org\",\"@graph\":[{\"@type\":\"WebPage\",\"@id\":\"https:\/\/canoekayakbretagne.fr\/index.php\/le-crbck__trashed\/la-pratique-sur-les-territoires__trashed\/membres-agrees\/\",\"url\":\"https:\/\/canoekayakbretagne.fr\/index.php\/le-crbck__trashed\/la-pratique-sur-les-territoires__trashed\/membres-agrees\/\",\"name\":\"Membres agr\u00e9\u00e9s - Comit\u00e9 R\u00e9gional de Bretagne de Cano\u00eb-Kayak - CRBCK\",\"isPartOf\":{\"@id\":\"https:\/\/canoekayakbretagne.fr\/#website\"},\"datePublished\":\"2020-04-29T15:53:26+00:00\",\"breadcrumb\":{\"@id\":\"https:\/\/canoekayakbretagne.fr\/index.php\/le-crbck__trashed\/la-pratique-sur-les-territoires__trashed\/membres-agrees\/#breadcrumb\"},\"inLanguage\":\"fr-FR\",\"potentialAction\":[{\"@type\":\"ReadAction\",\"target\":[\"https:\/\/canoekayakbretagne.fr\/index.php\/le-crbck__trashed\/la-pratique-sur-les-territoires__trashed\/membres-agrees\/\"]}]},{\"@type\":\"BreadcrumbList\",\"@id\":\"https:\/\/canoekayakbretagne.fr\/index.php\/le-crbck__trashed\/la-pratique-sur-les-territoires__trashed\/membres-agrees\/#breadcrumb\",\"itemListElement\":[{\"@type\":\"ListItem\",\"position\":1,\"name\":\"Accueil\",\"item\":\"https:\/\/canoekayakbretagne.fr\/\"},{\"@type\":\"ListItem\",\"position\":2,\"name\":\"Membres agr\u00e9\u00e9s\"}]},{\"@type\":\"WebSite\",\"@id\":\"https:\/\/canoekayakbretagne.fr\/#website\",\"url\":\"https:\/\/canoekayakbretagne.fr\/\",\"name\":\"Comit\u00e9 R\u00e9gional de Bretagne de Cano\u00eb-Kayak - CRBCK\",\"description\":\"&quot;Les sports de pagaie, partout o\u00f9 il y a de l\u2019eau.&quot;\",\"publisher\":{\"@id\":\"https:\/\/canoekayakbretagne.fr\/#organization\"},\"potentialAction\":[{\"@type\":\"SearchAction\",\"target\":{\"@type\":\"EntryPoint\",\"urlTemplate\":\"https:\/\/canoekayakbretagne.fr\/?s={search_term_string}\"},\"query-input\":{\"@type\":\"PropertyValueSpecification\",\"valueRequired\":true,\"valueName\":\"search_term_string\"}}],\"inLanguage\":\"fr-FR\"},{\"@type\":\"Organization\",\"@id\":\"https:\/\/canoekayakbretagne.fr\/#organization\",\"name\":\"Comit\u00e9 R\u00e9gional de Bretagne de Cano\u00eb-Kayak - CRBCK\",\"url\":\"https:\/\/canoekayakbretagne.fr\/\",\"logo\":{\"@type\":\"ImageObject\",\"inLanguage\":\"fr-FR\",\"@id\":\"https:\/\/canoekayakbretagne.fr\/#\/schema\/logo\/image\/\",\"url\":\"https:\/\/canoekayakbretagne.fr\/wp-content\/uploads\/2022\/01\/cropped-LOGO_BRETAGNE_300x300.jpg\",\"contentUrl\":\"https:\/\/canoekayakbretagne.fr\/wp-content\/uploads\/2022\/01\/cropped-LOGO_BRETAGNE_300x300.jpg\",\"width\":300,\"height\":300,\"caption\":\"Comit\u00e9 R\u00e9gional de Bretagne de Cano\u00eb-Kayak - CRBCK\"},\"image\":{\"@id\":\"https:\/\/canoekayakbretagne.fr\/#\/schema\/logo\/image\/\"}}]}<\/script>\n<!-- \/ Yoast SEO plugin. -->","yoast_head_json":{"title":"Membres agr\u00e9\u00e9s - Comit\u00e9 R\u00e9gional de Bretagne de Cano\u00eb-Kayak - CRBCK","robots":{"index":"index","follow":"follow","max-snippet":"max-snippet:-1","max-image-preview":"max-image-preview:large","max-video-preview":"max-video-preview:-1"},"canonical":"https:\/\/canoekayakbretagne.fr\/index.php\/le-crbck__trashed\/la-pratique-sur-les-territoires__trashed\/membres-agrees\/","og_locale":"fr_FR","og_type":"article","og_title":"Membres agr\u00e9\u00e9s - Comit\u00e9 R\u00e9gional de Bretagne de Cano\u00eb-Kayak - CRBCK","og_description":"Le comit\u00e9 r\u00e9gional peut vous accompagner dans vos d\u00e9marches pour obtenir le statut de membre agr\u00e9\u00e9 Les membres agr\u00e9\u00e9s (retrouvez","og_url":"https:\/\/canoekayakbretagne.fr\/index.php\/le-crbck__trashed\/la-pratique-sur-les-territoires__trashed\/membres-agrees\/","og_site_name":"Comit\u00e9 R\u00e9gional de Bretagne de Cano\u00eb-Kayak - CRBCK","twitter_card":"summary_large_image","twitter_misc":{"Dur\u00e9e de lecture estim\u00e9e":"3 minutes"},"schema":{"@context":"https:\/\/schema.org","@graph":[{"@type":"WebPage","@id":"https:\/\/canoekayakbretagne.fr\/index.php\/le-crbck__trashed\/la-pratique-sur-les-territoires__trashed\/membres-agrees\/","url":"https:\/\/canoekayakbretagne.fr\/index.php\/le-crbck__trashed\/la-pratique-sur-les-territoires__trashed\/membres-agrees\/","name":"Membres agr\u00e9\u00e9s - Comit\u00e9 R\u00e9gional de Bretagne de Cano\u00eb-Kayak - CRBCK","isPartOf":{"@id":"https:\/\/canoekayakbretagne.fr\/#website"},"datePublished":"2020-04-29T15:53:26+00:00","breadcrumb":{"@id":"https:\/\/canoekayakbretagne.fr\/index.php\/le-crbck__trashed\/la-pratique-sur-les-territoires__trashed\/membres-agrees\/#breadcrumb"},"inLanguage":"fr-FR","potentialAction":[{"@type":"ReadAction","target":["https:\/\/canoekayakbretagne.fr\/index.php\/le-crbck__trashed\/la-pratique-sur-les-territoires__trashed\/membres-agrees\/"]}]},{"@type":"BreadcrumbList","@id":"https:\/\/canoekayakbretagne.fr\/index.php\/le-crbck__trashed\/la-pratique-sur-les-territoires__trashed\/membres-agrees\/#breadcrumb","itemListElement":[{"@type":"ListItem","position":1,"name":"Accueil","item":"https:\/\/canoekayakbretagne.fr\/"},{"@type":"ListItem","position":2,"name":"Membres agr\u00e9\u00e9s"}]},{"@type":"WebSite","@id":"https:\/\/canoekayakbretagne.fr\/#website","url":"https:\/\/canoekayakbretagne.fr\/","name":"Comit\u00e9 R\u00e9gional de Bretagne de Cano\u00eb-Kayak - CRBCK","description":"&quot;Les sports de pagaie, partout o\u00f9 il y a de l\u2019eau.&quot;","publisher":{"@id":"https:\/\/canoekayakbretagne.fr\/#organization"},"potentialAction":[{"@type":"SearchAction","target":{"@type":"EntryPoint","urlTemplate":"https:\/\/canoekayakbretagne.fr\/?s={search_term_string}"},"query-input":{"@type":"PropertyValueSpecification","valueRequired":true,"valueName":"search_term_string"}}],"inLanguage":"fr-FR"},{"@type":"Organization","@id":"https:\/\/canoekayakbretagne.fr\/#organization","name":"Comit\u00e9 R\u00e9gional de Bretagne de Cano\u00eb-Kayak - CRBCK","url":"https:\/\/canoekayakbretagne.fr\/","logo":{"@type":"ImageObject","inLanguage":"fr-FR","@id":"https:\/\/canoekayakbretagne.fr\/#\/schema\/logo\/image\/","url":"https:\/\/canoekayakbretagne.fr\/wp-content\/uploads\/2022\/01\/cropped-LOGO_BRETAGNE_300x300.jpg","contentUrl":"https:\/\/canoekayakbretagne.fr\/wp-content\/uploads\/2022\/01\/cropped-LOGO_BRETAGNE_300x300.jpg","width":300,"height":300,"caption":"Comit\u00e9 R\u00e9gional de Bretagne de Cano\u00eb-Kayak - CRBCK"},"image":{"@id":"https:\/\/canoekayakbretagne.fr\/#\/schema\/logo\/image\/"}}]}},"_links":{"self":[{"href":"https:\/\/canoekayakbretagne.fr\/index.php\/wp-json\/wp\/v2\/pages\/386","targetHints":{"allow":["GET"]}}],"collection":[{"href":"https:\/\/canoekayakbretagne.fr\/index.php\/wp-json\/wp\/v2\/pages"}],"about":[{"href":"https:\/\/canoekayakbretagne.fr\/index.php\/wp-json\/wp\/v2\/types\/page"}],"author":[{"embeddable":true,"href":"https:\/\/canoekayakbretagne.fr\/index.php\/wp-json\/wp\/v2\/users\/3"}],"replies":[{"embeddable":true,"href":"https:\/\/canoekayakbretagne.fr\/index.php\/wp-json\/wp\/v2\/comments?post=386"}],"version-history":[{"count":0,"href":"https:\/\/canoekayakbretagne.fr\/index.php\/wp-json\/wp\/v2\/pages\/386\/revisions"}],"wp:attachment":[{"href":"https:\/\/canoekayakbretagne.fr\/index.php\/wp-json\/wp\/v2\/media?parent=386"}],"curies":[{"name":"wp","href":"https:\/\/api.w.org\/{rel}","templated":true}]}}