{"id":395,"date":"2020-04-29T16:00:52","date_gmt":"2020-04-29T16:00:52","guid":{"rendered":"https:\/\/canoekayakbretagne.fr\/index.php\/le-crbck\/patrimoine\/stades-nautiques\/"},"modified":"2020-04-29T16:00:52","modified_gmt":"2020-04-29T16:00:52","slug":"stades-nautiques","status":"publish","type":"page","link":"https:\/\/canoekayakbretagne.fr\/index.php\/stades-nautiques\/","title":{"rendered":"Stades Nautiques"},"content":{"rendered":"<p><b>STADES NAUTIQUES EAU CALME\/ COURSE EN LIGNE<\/b><\/p>\n<p><u><strong>Stade de la Base de Loisirs de Haute-Vilaine \u2013 Vitr\u00e9 Communaut\u00e9<\/strong><\/u><\/p>\n<p><img class=\\\"aligncenter wp-image-1127 size-medium\\\" src=\\\"https:\/\/web.archive.org\/web\/20190707234745im_\/http:\/\/canoe-kayak-bretagne.fr\/wordpress\/wp-content\/uploads\/2018\/07\/Base-de-Loisirs-St-MHerv%C3%A9-Vitr%C3%A9-300x225.jpg\\\" sizes=\\\"(max-width: 300px) 100vw, 300px\\\" srcset=\\\"https:\/\/web.archive.org\/web\/20190707234745im_\/http:\/\/canoe-kayak-bretagne.fr\/wordpress\/wp-content\/uploads\/2018\/07\/Base-de-Loisirs-St-MHerv\u00e9-Vitr\u00e9-300x225.jpg 300w, https:\/\/web.archive.org\/web\/20190707234745im_\/http:\/\/canoe-kayak-bretagne.fr\/wordpress\/wp-content\/uploads\/2018\/07\/Base-de-Loisirs-St-MHerv\u00e9-Vitr\u00e9-768x576.jpg 768w, https:\/\/web.archive.org\/web\/20190707234745im_\/http:\/\/canoe-kayak-bretagne.fr\/wordpress\/wp-content\/uploads\/2018\/07\/Base-de-Loisirs-St-MHerv\u00e9-Vitr\u00e9-1024x768.jpg 1024w\\\" alt=\\\"\\\" width=\\\"300\\\" height=\\\"225\\\"><\/p>\n<p>La base nautique de Haute-Vilaine accueille plusieurs activit\u00e9s nautiques dont le cano\u00eb-kayak<br \/>\nUn balisage permanent aviron-kayak est install\u00e9: 1500m \u2013 3 \u00e0 9 couloirs.<\/p>\n<table border=\\\"1\\\" width=\\\"444\\\" cellspacing=\\\"0\\\">\n<tbody>\n<tr>\n<td bgcolor=\\\"coral\\\">Coordonn\u00e9es<\/td>\n<td>la Ville Cuite<br \/>\n35500 SAINT M\u2019HERVE<\/td>\n<\/tr>\n<tr>\n<td bgcolor=\\\"coral\\\">T\u00e9l\u00e9phone<\/td>\n<td>02.99.49.64.64<\/td>\n<\/tr>\n<tr>\n<td bgcolor=\\\"coral\\\">M\u00e9l<\/td>\n<td>romaricherbez@hotmail.com<\/td>\n<\/tr>\n<tr>\n<td bgcolor=\\\"coral\\\">Pour en savoir plus<\/td>\n<td><a href=\\\"https:\/\/web.archive.org\/web\/20190707234745\/http:\/\/www.vitrecommunaute.org\/base_nautique_haute_vilaine.html\\\">http:\/\/www.vitrecommunaute.org\/base_nautique_haute_vilaine.html<\/a><\/td>\n<\/tr>\n<\/tbody>\n<\/table>\n<hr>\n<p><u><strong>Stade nautique de la Base d\u00e9partementale de Plein Air \u2013 Lac de Guerl\u00e9dan<\/strong><\/u><\/p>\n<p><img class=\\\"aligncenter wp-image-1129 size-medium\\\" src=\\\"https:\/\/web.archive.org\/web\/20190707234745im_\/http:\/\/canoe-kayak-bretagne.fr\/wordpress\/wp-content\/uploads\/2018\/07\/Lac-de-Guerl%C3%A9dan-300x199.jpg\\\" sizes=\\\"(max-width: 300px) 100vw, 300px\\\" srcset=\\\"https:\/\/web.archive.org\/web\/20190707234745im_\/http:\/\/canoe-kayak-bretagne.fr\/wordpress\/wp-content\/uploads\/2018\/07\/Lac-de-Guerl\u00e9dan-300x199.jpg 300w, https:\/\/web.archive.org\/web\/20190707234745im_\/http:\/\/canoe-kayak-bretagne.fr\/wordpress\/wp-content\/uploads\/2018\/07\/Lac-de-Guerl\u00e9dan-768x510.jpg 768w, https:\/\/web.archive.org\/web\/20190707234745im_\/http:\/\/canoe-kayak-bretagne.fr\/wordpress\/wp-content\/uploads\/2018\/07\/Lac-de-Guerl\u00e9dan-1024x680.jpg 1024w\\\" alt=\\\"\\\" width=\\\"300\\\" height=\\\"199\\\"><\/p>\n<p>Une ligne d\u2019eau de 1400 m sur un lac splendide en pleine nature<\/p>\n<table border=\\\"1\\\" width=\\\"442\\\" cellspacing=\\\"0\\\">\n<tbody>\n<tr>\n<td bgcolor=\\\"coral\\\">Coordonn\u00e9es<\/td>\n<td>106, Rue du Lac<br \/>\n22530 MUR DE BRETAGNE<\/td>\n<\/tr>\n<tr>\n<td bgcolor=\\\"coral\\\">T\u00e9l\u00e9phone<\/td>\n<td>02.996.67.12.22<\/td>\n<\/tr>\n<tr>\n<td bgcolor=\\\"coral\\\">M\u00e9l<\/td>\n<td>base.guerledan@wanadoo.fr<br \/>\nlegloanner.guerledan@orange.fr<\/td>\n<\/tr>\n<tr>\n<td bgcolor=\\\"coral\\\">Pour en savoir plus<\/td>\n<td><a href=\\\"https:\/\/web.archive.org\/web\/20190707234745\/http:\/\/www.base-plein-air-guerledan.com\/\\\">http:\/\/www.base-plein-air-guerledan.com\/<\/a><\/td>\n<\/tr>\n<\/tbody>\n<\/table>\n<hr>\n<p><u><strong>Stade nautique P\u00f4le France Cano\u00eb \u2013 Cesson S\u00e9vign\u00e9<\/strong><\/u><\/p>\n<table border=\\\"1\\\" cellspacing=\\\"0\\\">\n<tbody>\n<tr>\n<td bgcolor=\\\"coral\\\">Coordonn\u00e9es<\/td>\n<td>1, Avenue des Pr\u00e9ales<br \/>\n35510 CESSON SEVIGNE<\/td>\n<\/tr>\n<tr>\n<td bgcolor=\\\"coral\\\">T\u00e9l\u00e9phone<\/td>\n<td>06.84.82.81.12<\/td>\n<\/tr>\n<tr>\n<td bgcolor=\\\"coral\\\">M\u00e9l<\/td>\n<td>nlaly@ffck.org<\/td>\n<\/tr>\n<\/tbody>\n<\/table>\n<p>&nbsp;<\/p>\n<hr>\n<p><b>STADES NAUTIQUES EAU VIVE<\/b><\/p>\n<p><u><strong>Stade d\u2019Eau Vive \u2013 Cesson S\u00e9vign\u00e9<\/strong><\/u><\/p>\n<p><img class=\\\"aligncenter wp-image-1135 size-medium\\\" src=\\\"https:\/\/web.archive.org\/web\/20190707234745im_\/http:\/\/canoe-kayak-bretagne.fr\/wordpress\/wp-content\/uploads\/2018\/07\/sev-Cesson-S%C3%A9vign%C3%A9-300x232.jpg\\\" sizes=\\\"(max-width: 300px) 100vw, 300px\\\" srcset=\\\"https:\/\/web.archive.org\/web\/20190707234745im_\/http:\/\/canoe-kayak-bretagne.fr\/wordpress\/wp-content\/uploads\/2018\/07\/sev-Cesson-S\u00e9vign\u00e9-300x232.jpg 300w, https:\/\/web.archive.org\/web\/20190707234745im_\/http:\/\/canoe-kayak-bretagne.fr\/wordpress\/wp-content\/uploads\/2018\/07\/sev-Cesson-S\u00e9vign\u00e9.jpg 550w\\\" alt=\\\"\\\" width=\\\"300\\\" height=\\\"232\\\"><\/p>\n<table border=\\\"1\\\" cellspacing=\\\"0\\\">\n<tbody>\n<tr>\n<td bgcolor=\\\"coral\\\">Coordonn\u00e9es<\/td>\n<td>2, Rue de Paris<br \/>\n35510 CESSON SEVIGNE<\/td>\n<\/tr>\n<tr>\n<td bgcolor=\\\"coral\\\">T\u00e9l\u00e9phone<\/td>\n<td>02.23.45.18.18<\/td>\n<\/tr>\n<tr>\n<td bgcolor=\\\"coral\\\">M\u00e9l<\/td>\n<td>ronan.lebreton@ville-cesson-sevigne.fr<\/td>\n<\/tr>\n<\/tbody>\n<\/table>\n<hr>\n<p><u><strong>Stade d\u2019Eau Vive \/ Base Sports Nature \u2013 Lannion<\/strong><\/u><\/p>\n<p><img class=\\\"aligncenter wp-image-1136 size-medium\\\" src=\\\"https:\/\/web.archive.org\/web\/20190707234745im_\/http:\/\/canoe-kayak-bretagne.fr\/wordpress\/wp-content\/uploads\/2018\/07\/stade_d_eau_vive_de_lannion36-300x225.jpg\\\" sizes=\\\"(max-width: 300px) 100vw, 300px\\\" srcset=\\\"https:\/\/web.archive.org\/web\/20190707234745im_\/http:\/\/canoe-kayak-bretagne.fr\/wordpress\/wp-content\/uploads\/2018\/07\/stade_d_eau_vive_de_lannion36-300x225.jpg 300w, https:\/\/web.archive.org\/web\/20190707234745im_\/http:\/\/canoe-kayak-bretagne.fr\/wordpress\/wp-content\/uploads\/2018\/07\/stade_d_eau_vive_de_lannion36.jpg 733w\\\" alt=\\\"\\\" width=\\\"300\\\" height=\\\"225\\\"><\/p>\n<table border=\\\"1\\\" cellspacing=\\\"0\\\">\n<tbody>\n<tr>\n<td bgcolor=\\\"coral\\\">Coordonn\u00e9es<\/td>\n<td>Rue Saint Christophe<br \/>\n22300 LANNION<\/td>\n<\/tr>\n<tr>\n<td bgcolor=\\\"coral\\\">T\u00e9l\u00e9phone<\/td>\n<td>06.08.74.96.76<\/td>\n<\/tr>\n<tr>\n<td bgcolor=\\\"coral\\\">M\u00e9l<\/td>\n<td>gildas.miossec@ville-lannion.fr<br \/>\nbasesportsnature@ville-lannion.fr<\/td>\n<\/tr>\n<\/tbody>\n<\/table>\n<hr>\n<p><u><strong>Parc d\u2019Eau Vive \u2013 Lochrist<\/strong><\/u><\/p>\n<p><img class=\\\"aligncenter wp-image-1137 size-medium\\\" src=\\\"https:\/\/web.archive.org\/web\/20190707234745im_\/http:\/\/canoe-kayak-bretagne.fr\/wordpress\/wp-content\/uploads\/2018\/07\/sellor_activites-nautiques_kayak_ndeg4_auteur-de-vues-Lochrist-300x172.jpg\\\" sizes=\\\"(max-width: 300px) 100vw, 300px\\\" srcset=\\\"https:\/\/web.archive.org\/web\/20190707234745im_\/http:\/\/canoe-kayak-bretagne.fr\/wordpress\/wp-content\/uploads\/2018\/07\/sellor_activites-nautiques_kayak_ndeg4_auteur-de-vues-Lochrist-300x172.jpg 300w, https:\/\/web.archive.org\/web\/20190707234745im_\/http:\/\/canoe-kayak-bretagne.fr\/wordpress\/wp-content\/uploads\/2018\/07\/sellor_activites-nautiques_kayak_ndeg4_auteur-de-vues-Lochrist.jpg 701w\\\" alt=\\\"\\\" width=\\\"300\\\" height=\\\"172\\\"><\/p>\n<table border=\\\"1\\\" cellspacing=\\\"0\\\">\n<tbody>\n<tr>\n<td bgcolor=\\\"coral\\\">Coordonn\u00e9es<\/td>\n<td>Ile de Locastel<br \/>\n56650 LOCHRIST<\/td>\n<\/tr>\n<tr>\n<td bgcolor=\\\"coral\\\">T\u00e9l\u00e9phone<\/td>\n<td>06.84.79.61.92<\/td>\n<\/tr>\n<tr>\n<td bgcolor=\\\"coral\\\">M\u00e9l<\/td>\n<td>kayak@sellor.com<\/td>\n<\/tr>\n<\/tbody>\n<\/table>\n<hr>\n<p><u><strong>Stade d\u2019Eau Vive \u2013 Guerl\u00e9dan \/ Saint Aignan<\/strong><\/u><\/p>\n<p><img class=\\\"aligncenter wp-image-1139 size-medium\\\" src=\\\"https:\/\/web.archive.org\/web\/20190707234745im_\/http:\/\/canoe-kayak-bretagne.fr\/wordpress\/wp-content\/uploads\/2018\/07\/guerledan-sec-pas-de-panique-aux-24-h-kayak-300x167.jpg\\\" sizes=\\\"(max-width: 300px) 100vw, 300px\\\" srcset=\\\"https:\/\/web.archive.org\/web\/20190707234745im_\/http:\/\/canoe-kayak-bretagne.fr\/wordpress\/wp-content\/uploads\/2018\/07\/guerledan-sec-pas-de-panique-aux-24-h-kayak-300x167.jpg 300w, https:\/\/web.archive.org\/web\/20190707234745im_\/http:\/\/canoe-kayak-bretagne.fr\/wordpress\/wp-content\/uploads\/2018\/07\/guerledan-sec-pas-de-panique-aux-24-h-kayak-768x427.jpg 768w, https:\/\/web.archive.org\/web\/20190707234745im_\/http:\/\/canoe-kayak-bretagne.fr\/wordpress\/wp-content\/uploads\/2018\/07\/guerledan-sec-pas-de-panique-aux-24-h-kayak.jpg 900w\\\" alt=\\\"\\\" width=\\\"300\\\" height=\\\"167\\\"><\/p>\n<table border=\\\"1\\\" cellspacing=\\\"0\\\">\n<tbody>\n<tr>\n<td bgcolor=\\\"coral\\\">Coordonn\u00e9es<\/td>\n<td>Parking de l\u2019Eglise<br \/>\n56480 SAINT AIGNAN<\/td>\n<\/tr>\n<tr>\n<td bgcolor=\\\"coral\\\">T\u00e9l\u00e9phone<\/td>\n<td>06.71.23.53.51<\/td>\n<\/tr>\n<tr>\n<td bgcolor=\\\"coral\\\">M\u00e9l<\/td>\n<td>guilloux.mathieu56@gmail.com<\/td>\n<\/tr>\n<\/tbody>\n<\/table>\n<hr>\n<p><u><strong>Stade naturel d\u2019Eau Vive \u2013 Les Roches du Diable<\/strong><\/u><\/p>\n<p><img class=\\\"aligncenter size-medium wp-image-1140\\\" src=\\\"https:\/\/web.archive.org\/web\/20190707234745im_\/http:\/\/canoe-kayak-bretagne.fr\/wordpress\/wp-content\/uploads\/2018\/07\/les_roches_du_diable25-300x225.jpg\\\" sizes=\\\"(max-width: 300px) 100vw, 300px\\\" srcset=\\\"https:\/\/web.archive.org\/web\/20190707234745im_\/http:\/\/canoe-kayak-bretagne.fr\/wordpress\/wp-content\/uploads\/2018\/07\/les_roches_du_diable25-300x225.jpg 300w, https:\/\/web.archive.org\/web\/20190707234745im_\/http:\/\/canoe-kayak-bretagne.fr\/wordpress\/wp-content\/uploads\/2018\/07\/les_roches_du_diable25.jpg 733w\\\" alt=\\\"\\\" width=\\\"300\\\" height=\\\"225\\\"><\/p>\n<table border=\\\"1\\\" cellspacing=\\\"0\\\">\n<tbody>\n<tr>\n<td bgcolor=\\\"coral\\\">Coordonn\u00e9es<\/td>\n<td>Parking des Roches<br \/>\n29300 GUILLIGOMARC\u2019H<\/td>\n<\/tr>\n<tr>\n<td bgcolor=\\\"coral\\\">T\u00e9l\u00e9phone<\/td>\n<td>06.86.83.80.45<\/td>\n<\/tr>\n<tr>\n<td bgcolor=\\\"coral\\\">M\u00e9l<\/td>\n<td>canoekayakquimperle@gmail.com<\/td>\n<\/tr>\n<\/tbody>\n<\/table>\n<hr>\n<p><u><strong>Stade d\u2019Eau Vive \u2013 Rimaison<\/strong><\/u><\/p>\n<p><img class=\\\"aligncenter size-medium wp-image-1141\\\" src=\\\"https:\/\/web.archive.org\/web\/20190707234745im_\/http:\/\/canoe-kayak-bretagne.fr\/wordpress\/wp-content\/uploads\/2018\/07\/Rimaison-300x169.jpg\\\" sizes=\\\"(max-width: 300px) 100vw, 300px\\\" srcset=\\\"https:\/\/web.archive.org\/web\/20190707234745im_\/http:\/\/canoe-kayak-bretagne.fr\/wordpress\/wp-content\/uploads\/2018\/07\/Rimaison-300x169.jpg 300w, https:\/\/web.archive.org\/web\/20190707234745im_\/http:\/\/canoe-kayak-bretagne.fr\/wordpress\/wp-content\/uploads\/2018\/07\/Rimaison-768x431.jpg 768w, https:\/\/web.archive.org\/web\/20190707234745im_\/http:\/\/canoe-kayak-bretagne.fr\/wordpress\/wp-content\/uploads\/2018\/07\/Rimaison-1024x575.jpg 1024w, https:\/\/web.archive.org\/web\/20190707234745im_\/http:\/\/canoe-kayak-bretagne.fr\/wordpress\/wp-content\/uploads\/2018\/07\/Rimaison-350x197.jpg 350w, https:\/\/web.archive.org\/web\/20190707234745im_\/http:\/\/canoe-kayak-bretagne.fr\/wordpress\/wp-content\/uploads\/2018\/07\/Rimaison-860x484.jpg 860w\\\" alt=\\\"\\\" width=\\\"300\\\" height=\\\"169\\\"><\/p>\n<table border=\\\"1\\\" cellspacing=\\\"0\\\">\n<tbody>\n<tr>\n<td bgcolor=\\\"coral\\\">Coordonn\u00e9es<\/td>\n<td>Route D188<br \/>\n56310 BIEUZY<\/td>\n<\/tr>\n<tr>\n<td bgcolor=\\\"coral\\\">T\u00e9l\u00e9phone<\/td>\n<td>06.73.10.24.44<\/td>\n<\/tr>\n<tr>\n<td bgcolor=\\\"coral\\\">M\u00e9l<\/td>\n<td>nicolascoudert@wanadoo.fr<\/td>\n<\/tr>\n<\/tbody>\n<\/table>\n<hr>\n<p><u><strong>Servon sur Vilaine<\/strong><\/u><\/p>\n<p><img class=\\\"aligncenter size-medium wp-image-1142\\\" src=\\\"https:\/\/web.archive.org\/web\/20190707234745im_\/http:\/\/canoe-kayak-bretagne.fr\/wordpress\/wp-content\/uploads\/2018\/07\/les-eaux-vives-attirent-les-champions-de-kayak-servon-sur-vilaine-300x169.jpg\\\" sizes=\\\"(max-width: 300px) 100vw, 300px\\\" srcset=\\\"https:\/\/web.archive.org\/web\/20190707234745im_\/http:\/\/canoe-kayak-bretagne.fr\/wordpress\/wp-content\/uploads\/2018\/07\/les-eaux-vives-attirent-les-champions-de-kayak-servon-sur-vilaine-300x169.jpg 300w, https:\/\/web.archive.org\/web\/20190707234745im_\/http:\/\/canoe-kayak-bretagne.fr\/wordpress\/wp-content\/uploads\/2018\/07\/les-eaux-vives-attirent-les-champions-de-kayak-servon-sur-vilaine-350x197.jpg 350w, https:\/\/web.archive.org\/web\/20190707234745im_\/http:\/\/canoe-kayak-bretagne.fr\/wordpress\/wp-content\/uploads\/2018\/07\/les-eaux-vives-attirent-les-champions-de-kayak-servon-sur-vilaine.jpg 640w\\\" alt=\\\"\\\" width=\\\"300\\\" height=\\\"169\\\"><\/p>\n<table border=\\\"1\\\" cellspacing=\\\"0\\\">\n<tbody>\n<tr>\n<td bgcolor=\\\"coral\\\">Coordonn\u00e9es<\/td>\n<td>Rue du Moulin du Gu\u00e9<br \/>\n35530 SERVON SUR VILAINE<\/td>\n<\/tr>\n<tr>\n<td bgcolor=\\\"coral\\\">T\u00e9l\u00e9phone<\/td>\n<td>06.03.13.67.59<\/td>\n<\/tr>\n<tr>\n<td bgcolor=\\\"coral\\\">M\u00e9l<\/td>\n<td>jyprigent@gmail.com<\/td>\n<\/tr>\n<\/tbody>\n<\/table>\n","protected":false},"excerpt":{"rendered":"<p>STADES NAUTIQUES EAU CALME\/ COURSE EN LIGNE Stade de la Base de Loisirs de Haute-Vilaine \u2013 Vitr\u00e9 Communaut\u00e9 La base<\/p>\n","protected":false},"author":3,"featured_media":0,"parent":0,"menu_order":0,"comment_status":"closed","ping_status":"closed","template":"","meta":{"colormag_page_container_layout":"default_layout","colormag_page_sidebar_layout":"default_layout","footnotes":""},"class_list":["post-395","page","type-page","status-publish","hentry"],"yoast_head":"<!-- This site is optimized with the Yoast SEO plugin v27.2 - https:\/\/yoast.com\/product\/yoast-seo-wordpress\/ -->\n<title>Stades Nautiques - Comit\u00e9 R\u00e9gional de Bretagne de Cano\u00eb-Kayak - CRBCK<\/title>\n<meta name=\"robots\" content=\"index, follow, max-snippet:-1, max-image-preview:large, max-video-preview:-1\" \/>\n<link rel=\"canonical\" href=\"https:\/\/canoekayakbretagne.fr\/index.php\/le-crbck__trashed\/patrimoine__trashed\/stades-nautiques\/\" \/>\n<meta property=\"og:locale\" content=\"fr_FR\" \/>\n<meta property=\"og:type\" content=\"article\" \/>\n<meta property=\"og:title\" content=\"Stades Nautiques - Comit\u00e9 R\u00e9gional de Bretagne de Cano\u00eb-Kayak - CRBCK\" \/>\n<meta property=\"og:description\" content=\"STADES NAUTIQUES EAU CALME\/ COURSE EN LIGNE Stade de la Base de Loisirs de Haute-Vilaine \u2013 Vitr\u00e9 Communaut\u00e9 La base\" \/>\n<meta property=\"og:url\" content=\"https:\/\/canoekayakbretagne.fr\/index.php\/le-crbck__trashed\/patrimoine__trashed\/stades-nautiques\/\" \/>\n<meta property=\"og:site_name\" content=\"Comit\u00e9 R\u00e9gional de Bretagne de Cano\u00eb-Kayak - CRBCK\" \/>\n<meta name=\"twitter:card\" content=\"summary_large_image\" \/>\n<meta name=\"twitter:label1\" content=\"Dur\u00e9e de lecture estim\u00e9e\" \/>\n\t<meta name=\"twitter:data1\" content=\"2 minutes\" \/>\n<script type=\"application\/ld+json\" class=\"yoast-schema-graph\">{\"@context\":\"https:\/\/schema.org\",\"@graph\":[{\"@type\":\"WebPage\",\"@id\":\"https:\/\/canoekayakbretagne.fr\/index.php\/le-crbck__trashed\/patrimoine__trashed\/stades-nautiques\/\",\"url\":\"https:\/\/canoekayakbretagne.fr\/index.php\/le-crbck__trashed\/patrimoine__trashed\/stades-nautiques\/\",\"name\":\"Stades Nautiques - Comit\u00e9 R\u00e9gional de Bretagne de Cano\u00eb-Kayak - CRBCK\",\"isPartOf\":{\"@id\":\"https:\/\/canoekayakbretagne.fr\/#website\"},\"datePublished\":\"2020-04-29T16:00:52+00:00\",\"breadcrumb\":{\"@id\":\"https:\/\/canoekayakbretagne.fr\/index.php\/le-crbck__trashed\/patrimoine__trashed\/stades-nautiques\/#breadcrumb\"},\"inLanguage\":\"fr-FR\",\"potentialAction\":[{\"@type\":\"ReadAction\",\"target\":[\"https:\/\/canoekayakbretagne.fr\/index.php\/le-crbck__trashed\/patrimoine__trashed\/stades-nautiques\/\"]}]},{\"@type\":\"BreadcrumbList\",\"@id\":\"https:\/\/canoekayakbretagne.fr\/index.php\/le-crbck__trashed\/patrimoine__trashed\/stades-nautiques\/#breadcrumb\",\"itemListElement\":[{\"@type\":\"ListItem\",\"position\":1,\"name\":\"Accueil\",\"item\":\"https:\/\/canoekayakbretagne.fr\/\"},{\"@type\":\"ListItem\",\"position\":2,\"name\":\"Stades Nautiques\"}]},{\"@type\":\"WebSite\",\"@id\":\"https:\/\/canoekayakbretagne.fr\/#website\",\"url\":\"https:\/\/canoekayakbretagne.fr\/\",\"name\":\"Comit\u00e9 R\u00e9gional de Bretagne de Cano\u00eb-Kayak - CRBCK\",\"description\":\"&quot;Les sports de pagaie, partout o\u00f9 il y a de l\u2019eau.&quot;\",\"publisher\":{\"@id\":\"https:\/\/canoekayakbretagne.fr\/#organization\"},\"potentialAction\":[{\"@type\":\"SearchAction\",\"target\":{\"@type\":\"EntryPoint\",\"urlTemplate\":\"https:\/\/canoekayakbretagne.fr\/?s={search_term_string}\"},\"query-input\":{\"@type\":\"PropertyValueSpecification\",\"valueRequired\":true,\"valueName\":\"search_term_string\"}}],\"inLanguage\":\"fr-FR\"},{\"@type\":\"Organization\",\"@id\":\"https:\/\/canoekayakbretagne.fr\/#organization\",\"name\":\"Comit\u00e9 R\u00e9gional de Bretagne de Cano\u00eb-Kayak - CRBCK\",\"url\":\"https:\/\/canoekayakbretagne.fr\/\",\"logo\":{\"@type\":\"ImageObject\",\"inLanguage\":\"fr-FR\",\"@id\":\"https:\/\/canoekayakbretagne.fr\/#\/schema\/logo\/image\/\",\"url\":\"https:\/\/canoekayakbretagne.fr\/wp-content\/uploads\/2022\/01\/cropped-LOGO_BRETAGNE_300x300.jpg\",\"contentUrl\":\"https:\/\/canoekayakbretagne.fr\/wp-content\/uploads\/2022\/01\/cropped-LOGO_BRETAGNE_300x300.jpg\",\"width\":300,\"height\":300,\"caption\":\"Comit\u00e9 R\u00e9gional de Bretagne de Cano\u00eb-Kayak - CRBCK\"},\"image\":{\"@id\":\"https:\/\/canoekayakbretagne.fr\/#\/schema\/logo\/image\/\"}}]}<\/script>\n<!-- \/ Yoast SEO plugin. -->","yoast_head_json":{"title":"Stades Nautiques - Comit\u00e9 R\u00e9gional de Bretagne de Cano\u00eb-Kayak - CRBCK","robots":{"index":"index","follow":"follow","max-snippet":"max-snippet:-1","max-image-preview":"max-image-preview:large","max-video-preview":"max-video-preview:-1"},"canonical":"https:\/\/canoekayakbretagne.fr\/index.php\/le-crbck__trashed\/patrimoine__trashed\/stades-nautiques\/","og_locale":"fr_FR","og_type":"article","og_title":"Stades Nautiques - Comit\u00e9 R\u00e9gional de Bretagne de Cano\u00eb-Kayak - CRBCK","og_description":"STADES NAUTIQUES EAU CALME\/ COURSE EN LIGNE Stade de la Base de Loisirs de Haute-Vilaine \u2013 Vitr\u00e9 Communaut\u00e9 La base","og_url":"https:\/\/canoekayakbretagne.fr\/index.php\/le-crbck__trashed\/patrimoine__trashed\/stades-nautiques\/","og_site_name":"Comit\u00e9 R\u00e9gional de Bretagne de Cano\u00eb-Kayak - CRBCK","twitter_card":"summary_large_image","twitter_misc":{"Dur\u00e9e de lecture estim\u00e9e":"2 minutes"},"schema":{"@context":"https:\/\/schema.org","@graph":[{"@type":"WebPage","@id":"https:\/\/canoekayakbretagne.fr\/index.php\/le-crbck__trashed\/patrimoine__trashed\/stades-nautiques\/","url":"https:\/\/canoekayakbretagne.fr\/index.php\/le-crbck__trashed\/patrimoine__trashed\/stades-nautiques\/","name":"Stades Nautiques - Comit\u00e9 R\u00e9gional de Bretagne de Cano\u00eb-Kayak - CRBCK","isPartOf":{"@id":"https:\/\/canoekayakbretagne.fr\/#website"},"datePublished":"2020-04-29T16:00:52+00:00","breadcrumb":{"@id":"https:\/\/canoekayakbretagne.fr\/index.php\/le-crbck__trashed\/patrimoine__trashed\/stades-nautiques\/#breadcrumb"},"inLanguage":"fr-FR","potentialAction":[{"@type":"ReadAction","target":["https:\/\/canoekayakbretagne.fr\/index.php\/le-crbck__trashed\/patrimoine__trashed\/stades-nautiques\/"]}]},{"@type":"BreadcrumbList","@id":"https:\/\/canoekayakbretagne.fr\/index.php\/le-crbck__trashed\/patrimoine__trashed\/stades-nautiques\/#breadcrumb","itemListElement":[{"@type":"ListItem","position":1,"name":"Accueil","item":"https:\/\/canoekayakbretagne.fr\/"},{"@type":"ListItem","position":2,"name":"Stades Nautiques"}]},{"@type":"WebSite","@id":"https:\/\/canoekayakbretagne.fr\/#website","url":"https:\/\/canoekayakbretagne.fr\/","name":"Comit\u00e9 R\u00e9gional de Bretagne de Cano\u00eb-Kayak - CRBCK","description":"&quot;Les sports de pagaie, partout o\u00f9 il y a de l\u2019eau.&quot;","publisher":{"@id":"https:\/\/canoekayakbretagne.fr\/#organization"},"potentialAction":[{"@type":"SearchAction","target":{"@type":"EntryPoint","urlTemplate":"https:\/\/canoekayakbretagne.fr\/?s={search_term_string}"},"query-input":{"@type":"PropertyValueSpecification","valueRequired":true,"valueName":"search_term_string"}}],"inLanguage":"fr-FR"},{"@type":"Organization","@id":"https:\/\/canoekayakbretagne.fr\/#organization","name":"Comit\u00e9 R\u00e9gional de Bretagne de Cano\u00eb-Kayak - CRBCK","url":"https:\/\/canoekayakbretagne.fr\/","logo":{"@type":"ImageObject","inLanguage":"fr-FR","@id":"https:\/\/canoekayakbretagne.fr\/#\/schema\/logo\/image\/","url":"https:\/\/canoekayakbretagne.fr\/wp-content\/uploads\/2022\/01\/cropped-LOGO_BRETAGNE_300x300.jpg","contentUrl":"https:\/\/canoekayakbretagne.fr\/wp-content\/uploads\/2022\/01\/cropped-LOGO_BRETAGNE_300x300.jpg","width":300,"height":300,"caption":"Comit\u00e9 R\u00e9gional de Bretagne de Cano\u00eb-Kayak - CRBCK"},"image":{"@id":"https:\/\/canoekayakbretagne.fr\/#\/schema\/logo\/image\/"}}]}},"_links":{"self":[{"href":"https:\/\/canoekayakbretagne.fr\/index.php\/wp-json\/wp\/v2\/pages\/395","targetHints":{"allow":["GET"]}}],"collection":[{"href":"https:\/\/canoekayakbretagne.fr\/index.php\/wp-json\/wp\/v2\/pages"}],"about":[{"href":"https:\/\/canoekayakbretagne.fr\/index.php\/wp-json\/wp\/v2\/types\/page"}],"author":[{"embeddable":true,"href":"https:\/\/canoekayakbretagne.fr\/index.php\/wp-json\/wp\/v2\/users\/3"}],"replies":[{"embeddable":true,"href":"https:\/\/canoekayakbretagne.fr\/index.php\/wp-json\/wp\/v2\/comments?post=395"}],"version-history":[{"count":0,"href":"https:\/\/canoekayakbretagne.fr\/index.php\/wp-json\/wp\/v2\/pages\/395\/revisions"}],"wp:attachment":[{"href":"https:\/\/canoekayakbretagne.fr\/index.php\/wp-json\/wp\/v2\/media?parent=395"}],"curies":[{"name":"wp","href":"https:\/\/api.w.org\/{rel}","templated":true}]}}