{"id":4181,"date":"2023-06-28T10:28:35","date_gmt":"2023-06-28T08:28:35","guid":{"rendered":"https:\/\/canoekayakbretagne.fr\/?page_id=4181"},"modified":"2025-05-23T12:50:10","modified_gmt":"2025-05-23T10:50:10","slug":"championnat-yaouank-mer-2025","status":"publish","type":"page","link":"https:\/\/canoekayakbretagne.fr\/index.php\/yaouank\/championnat-yaouank-mer-2025\/","title":{"rendered":"Championnat Yaouank Mer 2025"},"content":{"rendered":"\t\t<div data-elementor-type=\"wp-page\" data-elementor-id=\"4181\" class=\"elementor elementor-4181\">\n\t\t\t\t\t\t<section class=\"elementor-section elementor-top-section elementor-element elementor-element-9a65e6d elementor-section-boxed elementor-section-height-default elementor-section-height-default\" data-id=\"9a65e6d\" data-element_type=\"section\" data-e-type=\"section\">\n\t\t\t\t\t\t<div class=\"elementor-container elementor-column-gap-default\">\n\t\t\t\t\t<div class=\"elementor-column elementor-col-100 elementor-top-column elementor-element elementor-element-d42fc38\" data-id=\"d42fc38\" data-element_type=\"column\" data-e-type=\"column\">\n\t\t\t<div class=\"elementor-widget-wrap elementor-element-populated\">\n\t\t\t\t\t\t<div class=\"elementor-element elementor-element-efebcee elementor-widget elementor-widget-text-editor\" data-id=\"efebcee\" data-element_type=\"widget\" data-e-type=\"widget\" data-widget_type=\"text-editor.default\">\n\t\t\t\t<div class=\"elementor-widget-container\">\n\t\t\t\t\t\t\t\t\t<p>Le championnat Yaouank Mer aura lieu les 21 et 22 juin 2025 \u00e0 St Malo (35).<\/p>\t\t\t\t\t\t\t\t<\/div>\n\t\t\t\t<\/div>\n\t\t\t\t\t<\/div>\n\t\t<\/div>\n\t\t\t\t\t<\/div>\n\t\t<\/section>\n\t\t\t\t<section class=\"elementor-section elementor-top-section elementor-element elementor-element-f0c5a6a elementor-section-boxed elementor-section-height-default elementor-section-height-default\" data-id=\"f0c5a6a\" data-element_type=\"section\" data-e-type=\"section\">\n\t\t\t\t\t\t<div class=\"elementor-container elementor-column-gap-default\">\n\t\t\t\t\t<div class=\"elementor-column elementor-col-100 elementor-top-column elementor-element elementor-element-e6b0fd9\" data-id=\"e6b0fd9\" data-element_type=\"column\" data-e-type=\"column\">\n\t\t\t<div class=\"elementor-widget-wrap elementor-element-populated\">\n\t\t\t\t\t\t<div class=\"elementor-element elementor-element-678a79d elementor-widget elementor-widget-image\" data-id=\"678a79d\" data-element_type=\"widget\" data-e-type=\"widget\" data-widget_type=\"image.default\">\n\t\t\t\t<div class=\"elementor-widget-container\">\n\t\t\t\t\t\t\t\t\t\t\t\t\t\t\t<img fetchpriority=\"high\" decoding=\"async\" width=\"212\" height=\"300\" src=\"https:\/\/canoekayakbretagne.fr\/wp-content\/uploads\/2025\/05\/Affiche-et-Inviation-Yaouank-Mer-juin-2025_page-0001-212x300.jpg\" class=\"attachment-medium size-medium wp-image-6555\" alt=\"\" srcset=\"https:\/\/canoekayakbretagne.fr\/wp-content\/uploads\/2025\/05\/Affiche-et-Inviation-Yaouank-Mer-juin-2025_page-0001-212x300.jpg 212w, https:\/\/canoekayakbretagne.fr\/wp-content\/uploads\/2025\/05\/Affiche-et-Inviation-Yaouank-Mer-juin-2025_page-0001-724x1024.jpg 724w, https:\/\/canoekayakbretagne.fr\/wp-content\/uploads\/2025\/05\/Affiche-et-Inviation-Yaouank-Mer-juin-2025_page-0001-768x1086.jpg 768w, https:\/\/canoekayakbretagne.fr\/wp-content\/uploads\/2025\/05\/Affiche-et-Inviation-Yaouank-Mer-juin-2025_page-0001-1086x1536.jpg 1086w, https:\/\/canoekayakbretagne.fr\/wp-content\/uploads\/2025\/05\/Affiche-et-Inviation-Yaouank-Mer-juin-2025_page-0001-1448x2048.jpg 1448w, https:\/\/canoekayakbretagne.fr\/wp-content\/uploads\/2025\/05\/Affiche-et-Inviation-Yaouank-Mer-juin-2025_page-0001-600x849.jpg 600w, https:\/\/canoekayakbretagne.fr\/wp-content\/uploads\/2025\/05\/Affiche-et-Inviation-Yaouank-Mer-juin-2025_page-0001-scaled.jpg 1810w\" sizes=\"(max-width: 212px) 100vw, 212px\" \/>\t\t\t\t\t\t\t\t\t\t\t\t\t\t\t<\/div>\n\t\t\t\t<\/div>\n\t\t\t\t\t<\/div>\n\t\t<\/div>\n\t\t\t\t\t<\/div>\n\t\t<\/section>\n\t\t\t\t<section class=\"elementor-section elementor-top-section elementor-element elementor-element-cad3342 elementor-section-boxed elementor-section-height-default elementor-section-height-default\" data-id=\"cad3342\" data-element_type=\"section\" data-e-type=\"section\">\n\t\t\t\t\t\t<div class=\"elementor-container elementor-column-gap-default\">\n\t\t\t\t\t<div class=\"elementor-column elementor-col-100 elementor-top-column elementor-element elementor-element-822dd05\" data-id=\"822dd05\" data-element_type=\"column\" data-e-type=\"column\">\n\t\t\t<div class=\"elementor-widget-wrap elementor-element-populated\">\n\t\t\t\t\t\t<div class=\"elementor-element elementor-element-337840a elementor-widget elementor-widget-text-editor\" data-id=\"337840a\" data-element_type=\"widget\" data-e-type=\"widget\" data-widget_type=\"text-editor.default\">\n\t\t\t\t<div class=\"elementor-widget-container\">\n\t\t\t\t\t\t\t\t\t<p>Le club Les Corsaires Malouins organise le championnat Yaouank Mer les 21 et 22 juin 2025 \u00e0 Cancale et St Coulomb (35).<\/p><p><strong><span style=\"text-decoration: underline;\">Attention :<\/span><\/strong> inscription avant le 14 juin 2025 via le tableau Excel (ci-dessous) \u00e0 : <a href=\"mailto:contact@kayakdemer35.fr\" target=\"_blank\" rel=\"noopener\">contact@kayakdemer35.fr<\/a> <\/p><ul><li><a href=\"https:\/\/canoekayakbretagne.fr\/wp-content\/uploads\/2025\/05\/fiche-inscription-club-yaouank-mer-juin-2025.xlsx\" target=\"_blank\" rel=\"noopener\">Fichier inscription Yaouank Mer<\/a><\/li><li><a href=\"https:\/\/canoekayakbretagne.fr\/wp-content\/uploads\/2025\/05\/Affiche-et-Inviation-Yaouank-Mer-juin-2025.pdf\" target=\"_blank\" rel=\"noopener\">Invitation Yaouank Mer (programme, tarif&#8230;)<\/a><\/li><\/ul>\t\t\t\t\t\t\t\t<\/div>\n\t\t\t\t<\/div>\n\t\t\t\t\t<\/div>\n\t\t<\/div>\n\t\t\t\t\t<\/div>\n\t\t<\/section>\n\t\t\t\t<\/div>\n\t\t","protected":false},"excerpt":{"rendered":"<p>Le championnat Yaouank Mer aura lieu les 21 et 22 juin 2025 \u00e0 St Malo (35). Le club Les Corsaires<\/p>\n","protected":false},"author":2,"featured_media":6555,"parent":2412,"menu_order":0,"comment_status":"closed","ping_status":"closed","template":"","meta":{"colormag_page_container_layout":"default_layout","colormag_page_sidebar_layout":"default_layout","footnotes":""},"class_list":["post-4181","page","type-page","status-publish","has-post-thumbnail","hentry"],"yoast_head":"<!-- This site is optimized with the Yoast SEO plugin v27.2 - https:\/\/yoast.com\/product\/yoast-seo-wordpress\/ -->\n<title>Championnat Yaouank Mer 2025 - Comit\u00e9 R\u00e9gional de Bretagne de Cano\u00eb-Kayak - CRBCK<\/title>\n<meta name=\"robots\" content=\"index, follow, max-snippet:-1, max-image-preview:large, max-video-preview:-1\" \/>\n<link rel=\"canonical\" href=\"https:\/\/canoekayakbretagne.fr\/index.php\/yaouank\/championnat-yaouank-mer-2025\/\" \/>\n<meta property=\"og:locale\" content=\"fr_FR\" \/>\n<meta property=\"og:type\" content=\"article\" \/>\n<meta property=\"og:title\" content=\"Championnat Yaouank Mer 2025 - Comit\u00e9 R\u00e9gional de Bretagne de Cano\u00eb-Kayak - CRBCK\" \/>\n<meta property=\"og:description\" content=\"Le championnat Yaouank Mer aura lieu les 21 et 22 juin 2025 \u00e0 St Malo (35). Le club Les Corsaires\" \/>\n<meta property=\"og:url\" content=\"https:\/\/canoekayakbretagne.fr\/index.php\/yaouank\/championnat-yaouank-mer-2025\/\" \/>\n<meta property=\"og:site_name\" content=\"Comit\u00e9 R\u00e9gional de Bretagne de Cano\u00eb-Kayak - CRBCK\" \/>\n<meta property=\"article:modified_time\" content=\"2025-05-23T10:50:10+00:00\" \/>\n<meta property=\"og:image\" content=\"https:\/\/canoekayakbretagne.fr\/wp-content\/uploads\/2025\/05\/Affiche-et-Inviation-Yaouank-Mer-juin-2025_page-0001-scaled.jpg\" \/>\n\t<meta property=\"og:image:width\" content=\"1810\" \/>\n\t<meta property=\"og:image:height\" content=\"2560\" \/>\n\t<meta property=\"og:image:type\" content=\"image\/jpeg\" \/>\n<meta name=\"twitter:card\" content=\"summary_large_image\" \/>\n<meta name=\"twitter:label1\" content=\"Dur\u00e9e de lecture estim\u00e9e\" \/>\n\t<meta name=\"twitter:data1\" content=\"1 minute\" \/>\n<script type=\"application\/ld+json\" class=\"yoast-schema-graph\">{\"@context\":\"https:\/\/schema.org\",\"@graph\":[{\"@type\":\"WebPage\",\"@id\":\"https:\/\/canoekayakbretagne.fr\/index.php\/yaouank\/championnat-yaouank-mer-2025\/\",\"url\":\"https:\/\/canoekayakbretagne.fr\/index.php\/yaouank\/championnat-yaouank-mer-2025\/\",\"name\":\"Championnat Yaouank Mer 2025 - Comit\u00e9 R\u00e9gional de Bretagne de Cano\u00eb-Kayak - CRBCK\",\"isPartOf\":{\"@id\":\"https:\/\/canoekayakbretagne.fr\/#website\"},\"primaryImageOfPage\":{\"@id\":\"https:\/\/canoekayakbretagne.fr\/index.php\/yaouank\/championnat-yaouank-mer-2025\/#primaryimage\"},\"image\":{\"@id\":\"https:\/\/canoekayakbretagne.fr\/index.php\/yaouank\/championnat-yaouank-mer-2025\/#primaryimage\"},\"thumbnailUrl\":\"https:\/\/canoekayakbretagne.fr\/wp-content\/uploads\/2025\/05\/Affiche-et-Inviation-Yaouank-Mer-juin-2025_page-0001-scaled.jpg\",\"datePublished\":\"2023-06-28T08:28:35+00:00\",\"dateModified\":\"2025-05-23T10:50:10+00:00\",\"breadcrumb\":{\"@id\":\"https:\/\/canoekayakbretagne.fr\/index.php\/yaouank\/championnat-yaouank-mer-2025\/#breadcrumb\"},\"inLanguage\":\"fr-FR\",\"potentialAction\":[{\"@type\":\"ReadAction\",\"target\":[\"https:\/\/canoekayakbretagne.fr\/index.php\/yaouank\/championnat-yaouank-mer-2025\/\"]}]},{\"@type\":\"ImageObject\",\"inLanguage\":\"fr-FR\",\"@id\":\"https:\/\/canoekayakbretagne.fr\/index.php\/yaouank\/championnat-yaouank-mer-2025\/#primaryimage\",\"url\":\"https:\/\/canoekayakbretagne.fr\/wp-content\/uploads\/2025\/05\/Affiche-et-Inviation-Yaouank-Mer-juin-2025_page-0001-scaled.jpg\",\"contentUrl\":\"https:\/\/canoekayakbretagne.fr\/wp-content\/uploads\/2025\/05\/Affiche-et-Inviation-Yaouank-Mer-juin-2025_page-0001-scaled.jpg\",\"width\":1810,\"height\":2560},{\"@type\":\"BreadcrumbList\",\"@id\":\"https:\/\/canoekayakbretagne.fr\/index.php\/yaouank\/championnat-yaouank-mer-2025\/#breadcrumb\",\"itemListElement\":[{\"@type\":\"ListItem\",\"position\":1,\"name\":\"Accueil\",\"item\":\"https:\/\/canoekayakbretagne.fr\/\"},{\"@type\":\"ListItem\",\"position\":2,\"name\":\"Yaouank\",\"item\":\"https:\/\/canoekayakbretagne.fr\/index.php\/yaouank\/\"},{\"@type\":\"ListItem\",\"position\":3,\"name\":\"Championnat Yaouank Mer 2025\"}]},{\"@type\":\"WebSite\",\"@id\":\"https:\/\/canoekayakbretagne.fr\/#website\",\"url\":\"https:\/\/canoekayakbretagne.fr\/\",\"name\":\"Comit\u00e9 R\u00e9gional de Bretagne de Cano\u00eb-Kayak - CRBCK\",\"description\":\"&quot;Les sports de pagaie, partout o\u00f9 il y a de l\u2019eau.&quot;\",\"publisher\":{\"@id\":\"https:\/\/canoekayakbretagne.fr\/#organization\"},\"potentialAction\":[{\"@type\":\"SearchAction\",\"target\":{\"@type\":\"EntryPoint\",\"urlTemplate\":\"https:\/\/canoekayakbretagne.fr\/?s={search_term_string}\"},\"query-input\":{\"@type\":\"PropertyValueSpecification\",\"valueRequired\":true,\"valueName\":\"search_term_string\"}}],\"inLanguage\":\"fr-FR\"},{\"@type\":\"Organization\",\"@id\":\"https:\/\/canoekayakbretagne.fr\/#organization\",\"name\":\"Comit\u00e9 R\u00e9gional de Bretagne de Cano\u00eb-Kayak - CRBCK\",\"url\":\"https:\/\/canoekayakbretagne.fr\/\",\"logo\":{\"@type\":\"ImageObject\",\"inLanguage\":\"fr-FR\",\"@id\":\"https:\/\/canoekayakbretagne.fr\/#\/schema\/logo\/image\/\",\"url\":\"https:\/\/canoekayakbretagne.fr\/wp-content\/uploads\/2022\/01\/cropped-LOGO_BRETAGNE_300x300.jpg\",\"contentUrl\":\"https:\/\/canoekayakbretagne.fr\/wp-content\/uploads\/2022\/01\/cropped-LOGO_BRETAGNE_300x300.jpg\",\"width\":300,\"height\":300,\"caption\":\"Comit\u00e9 R\u00e9gional de Bretagne de Cano\u00eb-Kayak - CRBCK\"},\"image\":{\"@id\":\"https:\/\/canoekayakbretagne.fr\/#\/schema\/logo\/image\/\"}}]}<\/script>\n<!-- \/ Yoast SEO plugin. -->","yoast_head_json":{"title":"Championnat Yaouank Mer 2025 - Comit\u00e9 R\u00e9gional de Bretagne de Cano\u00eb-Kayak - CRBCK","robots":{"index":"index","follow":"follow","max-snippet":"max-snippet:-1","max-image-preview":"max-image-preview:large","max-video-preview":"max-video-preview:-1"},"canonical":"https:\/\/canoekayakbretagne.fr\/index.php\/yaouank\/championnat-yaouank-mer-2025\/","og_locale":"fr_FR","og_type":"article","og_title":"Championnat Yaouank Mer 2025 - Comit\u00e9 R\u00e9gional de Bretagne de Cano\u00eb-Kayak - CRBCK","og_description":"Le championnat Yaouank Mer aura lieu les 21 et 22 juin 2025 \u00e0 St Malo (35). Le club Les Corsaires","og_url":"https:\/\/canoekayakbretagne.fr\/index.php\/yaouank\/championnat-yaouank-mer-2025\/","og_site_name":"Comit\u00e9 R\u00e9gional de Bretagne de Cano\u00eb-Kayak - CRBCK","article_modified_time":"2025-05-23T10:50:10+00:00","og_image":[{"width":1810,"height":2560,"url":"https:\/\/canoekayakbretagne.fr\/wp-content\/uploads\/2025\/05\/Affiche-et-Inviation-Yaouank-Mer-juin-2025_page-0001-scaled.jpg","type":"image\/jpeg"}],"twitter_card":"summary_large_image","twitter_misc":{"Dur\u00e9e de lecture estim\u00e9e":"1 minute"},"schema":{"@context":"https:\/\/schema.org","@graph":[{"@type":"WebPage","@id":"https:\/\/canoekayakbretagne.fr\/index.php\/yaouank\/championnat-yaouank-mer-2025\/","url":"https:\/\/canoekayakbretagne.fr\/index.php\/yaouank\/championnat-yaouank-mer-2025\/","name":"Championnat Yaouank Mer 2025 - Comit\u00e9 R\u00e9gional de Bretagne de Cano\u00eb-Kayak - CRBCK","isPartOf":{"@id":"https:\/\/canoekayakbretagne.fr\/#website"},"primaryImageOfPage":{"@id":"https:\/\/canoekayakbretagne.fr\/index.php\/yaouank\/championnat-yaouank-mer-2025\/#primaryimage"},"image":{"@id":"https:\/\/canoekayakbretagne.fr\/index.php\/yaouank\/championnat-yaouank-mer-2025\/#primaryimage"},"thumbnailUrl":"https:\/\/canoekayakbretagne.fr\/wp-content\/uploads\/2025\/05\/Affiche-et-Inviation-Yaouank-Mer-juin-2025_page-0001-scaled.jpg","datePublished":"2023-06-28T08:28:35+00:00","dateModified":"2025-05-23T10:50:10+00:00","breadcrumb":{"@id":"https:\/\/canoekayakbretagne.fr\/index.php\/yaouank\/championnat-yaouank-mer-2025\/#breadcrumb"},"inLanguage":"fr-FR","potentialAction":[{"@type":"ReadAction","target":["https:\/\/canoekayakbretagne.fr\/index.php\/yaouank\/championnat-yaouank-mer-2025\/"]}]},{"@type":"ImageObject","inLanguage":"fr-FR","@id":"https:\/\/canoekayakbretagne.fr\/index.php\/yaouank\/championnat-yaouank-mer-2025\/#primaryimage","url":"https:\/\/canoekayakbretagne.fr\/wp-content\/uploads\/2025\/05\/Affiche-et-Inviation-Yaouank-Mer-juin-2025_page-0001-scaled.jpg","contentUrl":"https:\/\/canoekayakbretagne.fr\/wp-content\/uploads\/2025\/05\/Affiche-et-Inviation-Yaouank-Mer-juin-2025_page-0001-scaled.jpg","width":1810,"height":2560},{"@type":"BreadcrumbList","@id":"https:\/\/canoekayakbretagne.fr\/index.php\/yaouank\/championnat-yaouank-mer-2025\/#breadcrumb","itemListElement":[{"@type":"ListItem","position":1,"name":"Accueil","item":"https:\/\/canoekayakbretagne.fr\/"},{"@type":"ListItem","position":2,"name":"Yaouank","item":"https:\/\/canoekayakbretagne.fr\/index.php\/yaouank\/"},{"@type":"ListItem","position":3,"name":"Championnat Yaouank Mer 2025"}]},{"@type":"WebSite","@id":"https:\/\/canoekayakbretagne.fr\/#website","url":"https:\/\/canoekayakbretagne.fr\/","name":"Comit\u00e9 R\u00e9gional de Bretagne de Cano\u00eb-Kayak - CRBCK","description":"&quot;Les sports de pagaie, partout o\u00f9 il y a de l\u2019eau.&quot;","publisher":{"@id":"https:\/\/canoekayakbretagne.fr\/#organization"},"potentialAction":[{"@type":"SearchAction","target":{"@type":"EntryPoint","urlTemplate":"https:\/\/canoekayakbretagne.fr\/?s={search_term_string}"},"query-input":{"@type":"PropertyValueSpecification","valueRequired":true,"valueName":"search_term_string"}}],"inLanguage":"fr-FR"},{"@type":"Organization","@id":"https:\/\/canoekayakbretagne.fr\/#organization","name":"Comit\u00e9 R\u00e9gional de Bretagne de Cano\u00eb-Kayak - CRBCK","url":"https:\/\/canoekayakbretagne.fr\/","logo":{"@type":"ImageObject","inLanguage":"fr-FR","@id":"https:\/\/canoekayakbretagne.fr\/#\/schema\/logo\/image\/","url":"https:\/\/canoekayakbretagne.fr\/wp-content\/uploads\/2022\/01\/cropped-LOGO_BRETAGNE_300x300.jpg","contentUrl":"https:\/\/canoekayakbretagne.fr\/wp-content\/uploads\/2022\/01\/cropped-LOGO_BRETAGNE_300x300.jpg","width":300,"height":300,"caption":"Comit\u00e9 R\u00e9gional de Bretagne de Cano\u00eb-Kayak - CRBCK"},"image":{"@id":"https:\/\/canoekayakbretagne.fr\/#\/schema\/logo\/image\/"}}]}},"_links":{"self":[{"href":"https:\/\/canoekayakbretagne.fr\/index.php\/wp-json\/wp\/v2\/pages\/4181","targetHints":{"allow":["GET"]}}],"collection":[{"href":"https:\/\/canoekayakbretagne.fr\/index.php\/wp-json\/wp\/v2\/pages"}],"about":[{"href":"https:\/\/canoekayakbretagne.fr\/index.php\/wp-json\/wp\/v2\/types\/page"}],"author":[{"embeddable":true,"href":"https:\/\/canoekayakbretagne.fr\/index.php\/wp-json\/wp\/v2\/users\/2"}],"replies":[{"embeddable":true,"href":"https:\/\/canoekayakbretagne.fr\/index.php\/wp-json\/wp\/v2\/comments?post=4181"}],"version-history":[{"count":21,"href":"https:\/\/canoekayakbretagne.fr\/index.php\/wp-json\/wp\/v2\/pages\/4181\/revisions"}],"predecessor-version":[{"id":6558,"href":"https:\/\/canoekayakbretagne.fr\/index.php\/wp-json\/wp\/v2\/pages\/4181\/revisions\/6558"}],"up":[{"embeddable":true,"href":"https:\/\/canoekayakbretagne.fr\/index.php\/wp-json\/wp\/v2\/pages\/2412"}],"wp:featuredmedia":[{"embeddable":true,"href":"https:\/\/canoekayakbretagne.fr\/index.php\/wp-json\/wp\/v2\/media\/6555"}],"wp:attachment":[{"href":"https:\/\/canoekayakbretagne.fr\/index.php\/wp-json\/wp\/v2\/media?parent=4181"}],"curies":[{"name":"wp","href":"https:\/\/api.w.org\/{rel}","templated":true}]}}