{"id":4194,"date":"2023-07-04T10:33:27","date_gmt":"2023-07-04T08:33:27","guid":{"rendered":"https:\/\/canoekayakbretagne.fr\/?page_id=4194"},"modified":"2023-07-04T11:28:28","modified_gmt":"2023-07-04T09:28:28","slug":"educateur-et-educatrice-pagaie-sante","status":"publish","type":"page","link":"https:\/\/canoekayakbretagne.fr\/index.php\/educateur-et-educatrice-pagaie-sante\/","title":{"rendered":"Formation \u00e9ducateur et \u00e9ducatrice Pagaie Sant\u00e9"},"content":{"rendered":"\t\t<div data-elementor-type=\"wp-page\" data-elementor-id=\"4194\" class=\"elementor elementor-4194\">\n\t\t\t\t\t\t<section class=\"elementor-section elementor-top-section elementor-element elementor-element-c5cded7 elementor-section-boxed elementor-section-height-default elementor-section-height-default\" data-id=\"c5cded7\" data-element_type=\"section\" data-e-type=\"section\">\n\t\t\t\t\t\t<div class=\"elementor-container elementor-column-gap-default\">\n\t\t\t\t\t<div class=\"elementor-column elementor-col-100 elementor-top-column elementor-element elementor-element-07dd660\" data-id=\"07dd660\" data-element_type=\"column\" data-e-type=\"column\">\n\t\t\t<div class=\"elementor-widget-wrap elementor-element-populated\">\n\t\t\t\t\t\t<div class=\"elementor-element elementor-element-6a57cd5 elementor-widget elementor-widget-text-editor\" data-id=\"6a57cd5\" data-element_type=\"widget\" data-e-type=\"widget\" data-widget_type=\"text-editor.default\">\n\t\t\t\t<div class=\"elementor-widget-container\">\n\t\t\t\t\t\t\t\t\t<p>Une formation d\u2019\u00c9ducateur &amp; \u00c9ducatrice Pagaie Sant\u00e9\u00ae est propos\u00e9e par la FFCK.<\/p><p>Les 30 septembre \u2013 1er octobre 2023 et les 18 \u2013 19 novembre 2023 \u00e0 Redon (35)<\/p><p><span style=\"text-decoration: underline;\">Au programme :<\/span><\/p><ul><li><strong>Connaitre<\/strong> les caract\u00e9ristiques g\u00e9n\u00e9rales des pathologies chroniques<\/li><li><strong>\u00catre capable<\/strong> <strong>d\u2019\u00e9valuer<\/strong> la situation initiale du patient<\/li><li><strong>Concevoir et planifier<\/strong> un programme adapt\u00e9<\/li><li><strong>Mettre en place<\/strong> un programme individualis\u00e9<\/li><li><strong>Savoir r\u00e9agir<\/strong> face \u00e0 un accident au cours de la pratique<\/li><\/ul><p>Cette formation permet aux clubs ayant un encadrant ou une encadrant form\u00e9(e) de devenir \u00ab Club Pagaie Sant\u00e9 de la FFCK\u00ae \u00bb, de d\u00e9velopper un partenariat avec les maisons Sport Sant\u00e9 et les acteurs locaux.<\/p><p><strong>La logistique pour les repas, h\u00e9bergement<\/strong> <strong>et transport<\/strong> peut \u00eatre mutualis\u00e9e (\u00e0 vos frais, pouvant \u00eatre pris en charge par l&rsquo;AFDAS comme indiqu\u00e9 dans la fiche de formation.<\/p><p>Pour plus de renseignements, n&rsquo;h\u00e9sitez pas \u00e0 contacter Clothilde LE LOUARN au 07.52.05.62.47 ou par mail <a href=\"mailto:clelouarn@ffck.org\">clelouarn@ffck.org<\/a><\/p><p><span style=\"text-decoration: underline;\">Documents utiles :<\/span><\/p><ul><li><a href=\"https:\/\/canoekayakbretagne.fr\/wp-content\/uploads\/2023\/07\/Fiche-Pagaie-Sante-FFCK-Redon.pdf\" target=\"_blank\" rel=\"noopener\">Fiche formation<\/a> (programme, tarif &#8230;)<\/li><li><a href=\"https:\/\/canoekayakbretagne.fr\/wp-content\/uploads\/2023\/07\/Bulletin-dinscription-1.docx\" target=\"_blank\" rel=\"noopener\">Bulletin d&rsquo;inscription<\/a><\/li><\/ul>\t\t\t\t\t\t\t\t<\/div>\n\t\t\t\t<\/div>\n\t\t\t\t\t<\/div>\n\t\t<\/div>\n\t\t\t\t\t<\/div>\n\t\t<\/section>\n\t\t\t\t<\/div>\n\t\t","protected":false},"excerpt":{"rendered":"<p>Une formation d\u2019\u00c9ducateur &amp; \u00c9ducatrice Pagaie Sant\u00e9\u00ae est propos\u00e9e par la FFCK. Les 30 septembre \u2013 1er octobre 2023 et<\/p>\n","protected":false},"author":2,"featured_media":0,"parent":0,"menu_order":0,"comment_status":"closed","ping_status":"closed","template":"","meta":{"colormag_page_container_layout":"default_layout","colormag_page_sidebar_layout":"default_layout","footnotes":""},"class_list":["post-4194","page","type-page","status-publish","hentry"],"yoast_head":"<!-- This site is optimized with the Yoast SEO plugin v27.2 - https:\/\/yoast.com\/product\/yoast-seo-wordpress\/ -->\n<title>Formation \u00e9ducateur et \u00e9ducatrice Pagaie Sant\u00e9 - Comit\u00e9 R\u00e9gional de Bretagne de Cano\u00eb-Kayak - CRBCK<\/title>\n<meta name=\"robots\" content=\"index, follow, max-snippet:-1, max-image-preview:large, max-video-preview:-1\" \/>\n<link rel=\"canonical\" href=\"https:\/\/canoekayakbretagne.fr\/index.php\/educateur-et-educatrice-pagaie-sante\/\" \/>\n<meta property=\"og:locale\" content=\"fr_FR\" \/>\n<meta property=\"og:type\" content=\"article\" \/>\n<meta property=\"og:title\" content=\"Formation \u00e9ducateur et \u00e9ducatrice Pagaie Sant\u00e9 - Comit\u00e9 R\u00e9gional de Bretagne de Cano\u00eb-Kayak - CRBCK\" \/>\n<meta property=\"og:description\" content=\"Une formation d\u2019\u00c9ducateur &amp; \u00c9ducatrice Pagaie Sant\u00e9\u00ae est propos\u00e9e par la FFCK. Les 30 septembre \u2013 1er octobre 2023 et\" \/>\n<meta property=\"og:url\" content=\"https:\/\/canoekayakbretagne.fr\/index.php\/educateur-et-educatrice-pagaie-sante\/\" \/>\n<meta property=\"og:site_name\" content=\"Comit\u00e9 R\u00e9gional de Bretagne de Cano\u00eb-Kayak - CRBCK\" \/>\n<meta property=\"article:modified_time\" content=\"2023-07-04T09:28:28+00:00\" \/>\n<meta name=\"twitter:card\" content=\"summary_large_image\" \/>\n<meta name=\"twitter:label1\" content=\"Dur\u00e9e de lecture estim\u00e9e\" \/>\n\t<meta name=\"twitter:data1\" content=\"1 minute\" \/>\n<script type=\"application\/ld+json\" class=\"yoast-schema-graph\">{\"@context\":\"https:\/\/schema.org\",\"@graph\":[{\"@type\":\"WebPage\",\"@id\":\"https:\/\/canoekayakbretagne.fr\/index.php\/educateur-et-educatrice-pagaie-sante\/\",\"url\":\"https:\/\/canoekayakbretagne.fr\/index.php\/educateur-et-educatrice-pagaie-sante\/\",\"name\":\"Formation \u00e9ducateur et \u00e9ducatrice Pagaie Sant\u00e9 - Comit\u00e9 R\u00e9gional de Bretagne de Cano\u00eb-Kayak - CRBCK\",\"isPartOf\":{\"@id\":\"https:\/\/canoekayakbretagne.fr\/#website\"},\"datePublished\":\"2023-07-04T08:33:27+00:00\",\"dateModified\":\"2023-07-04T09:28:28+00:00\",\"breadcrumb\":{\"@id\":\"https:\/\/canoekayakbretagne.fr\/index.php\/educateur-et-educatrice-pagaie-sante\/#breadcrumb\"},\"inLanguage\":\"fr-FR\",\"potentialAction\":[{\"@type\":\"ReadAction\",\"target\":[\"https:\/\/canoekayakbretagne.fr\/index.php\/educateur-et-educatrice-pagaie-sante\/\"]}]},{\"@type\":\"BreadcrumbList\",\"@id\":\"https:\/\/canoekayakbretagne.fr\/index.php\/educateur-et-educatrice-pagaie-sante\/#breadcrumb\",\"itemListElement\":[{\"@type\":\"ListItem\",\"position\":1,\"name\":\"Accueil\",\"item\":\"https:\/\/canoekayakbretagne.fr\/\"},{\"@type\":\"ListItem\",\"position\":2,\"name\":\"Formation \u00e9ducateur et \u00e9ducatrice Pagaie Sant\u00e9\"}]},{\"@type\":\"WebSite\",\"@id\":\"https:\/\/canoekayakbretagne.fr\/#website\",\"url\":\"https:\/\/canoekayakbretagne.fr\/\",\"name\":\"Comit\u00e9 R\u00e9gional de Bretagne de Cano\u00eb-Kayak - CRBCK\",\"description\":\"&quot;Les sports de pagaie, partout o\u00f9 il y a de l\u2019eau.&quot;\",\"publisher\":{\"@id\":\"https:\/\/canoekayakbretagne.fr\/#organization\"},\"potentialAction\":[{\"@type\":\"SearchAction\",\"target\":{\"@type\":\"EntryPoint\",\"urlTemplate\":\"https:\/\/canoekayakbretagne.fr\/?s={search_term_string}\"},\"query-input\":{\"@type\":\"PropertyValueSpecification\",\"valueRequired\":true,\"valueName\":\"search_term_string\"}}],\"inLanguage\":\"fr-FR\"},{\"@type\":\"Organization\",\"@id\":\"https:\/\/canoekayakbretagne.fr\/#organization\",\"name\":\"Comit\u00e9 R\u00e9gional de Bretagne de Cano\u00eb-Kayak - CRBCK\",\"url\":\"https:\/\/canoekayakbretagne.fr\/\",\"logo\":{\"@type\":\"ImageObject\",\"inLanguage\":\"fr-FR\",\"@id\":\"https:\/\/canoekayakbretagne.fr\/#\/schema\/logo\/image\/\",\"url\":\"https:\/\/canoekayakbretagne.fr\/wp-content\/uploads\/2022\/01\/cropped-LOGO_BRETAGNE_300x300.jpg\",\"contentUrl\":\"https:\/\/canoekayakbretagne.fr\/wp-content\/uploads\/2022\/01\/cropped-LOGO_BRETAGNE_300x300.jpg\",\"width\":300,\"height\":300,\"caption\":\"Comit\u00e9 R\u00e9gional de Bretagne de Cano\u00eb-Kayak - CRBCK\"},\"image\":{\"@id\":\"https:\/\/canoekayakbretagne.fr\/#\/schema\/logo\/image\/\"}}]}<\/script>\n<!-- \/ Yoast SEO plugin. -->","yoast_head_json":{"title":"Formation \u00e9ducateur et \u00e9ducatrice Pagaie Sant\u00e9 - Comit\u00e9 R\u00e9gional de Bretagne de Cano\u00eb-Kayak - CRBCK","robots":{"index":"index","follow":"follow","max-snippet":"max-snippet:-1","max-image-preview":"max-image-preview:large","max-video-preview":"max-video-preview:-1"},"canonical":"https:\/\/canoekayakbretagne.fr\/index.php\/educateur-et-educatrice-pagaie-sante\/","og_locale":"fr_FR","og_type":"article","og_title":"Formation \u00e9ducateur et \u00e9ducatrice Pagaie Sant\u00e9 - Comit\u00e9 R\u00e9gional de Bretagne de Cano\u00eb-Kayak - CRBCK","og_description":"Une formation d\u2019\u00c9ducateur &amp; \u00c9ducatrice Pagaie Sant\u00e9\u00ae est propos\u00e9e par la FFCK. Les 30 septembre \u2013 1er octobre 2023 et","og_url":"https:\/\/canoekayakbretagne.fr\/index.php\/educateur-et-educatrice-pagaie-sante\/","og_site_name":"Comit\u00e9 R\u00e9gional de Bretagne de Cano\u00eb-Kayak - CRBCK","article_modified_time":"2023-07-04T09:28:28+00:00","twitter_card":"summary_large_image","twitter_misc":{"Dur\u00e9e de lecture estim\u00e9e":"1 minute"},"schema":{"@context":"https:\/\/schema.org","@graph":[{"@type":"WebPage","@id":"https:\/\/canoekayakbretagne.fr\/index.php\/educateur-et-educatrice-pagaie-sante\/","url":"https:\/\/canoekayakbretagne.fr\/index.php\/educateur-et-educatrice-pagaie-sante\/","name":"Formation \u00e9ducateur et \u00e9ducatrice Pagaie Sant\u00e9 - Comit\u00e9 R\u00e9gional de Bretagne de Cano\u00eb-Kayak - CRBCK","isPartOf":{"@id":"https:\/\/canoekayakbretagne.fr\/#website"},"datePublished":"2023-07-04T08:33:27+00:00","dateModified":"2023-07-04T09:28:28+00:00","breadcrumb":{"@id":"https:\/\/canoekayakbretagne.fr\/index.php\/educateur-et-educatrice-pagaie-sante\/#breadcrumb"},"inLanguage":"fr-FR","potentialAction":[{"@type":"ReadAction","target":["https:\/\/canoekayakbretagne.fr\/index.php\/educateur-et-educatrice-pagaie-sante\/"]}]},{"@type":"BreadcrumbList","@id":"https:\/\/canoekayakbretagne.fr\/index.php\/educateur-et-educatrice-pagaie-sante\/#breadcrumb","itemListElement":[{"@type":"ListItem","position":1,"name":"Accueil","item":"https:\/\/canoekayakbretagne.fr\/"},{"@type":"ListItem","position":2,"name":"Formation \u00e9ducateur et \u00e9ducatrice Pagaie Sant\u00e9"}]},{"@type":"WebSite","@id":"https:\/\/canoekayakbretagne.fr\/#website","url":"https:\/\/canoekayakbretagne.fr\/","name":"Comit\u00e9 R\u00e9gional de Bretagne de Cano\u00eb-Kayak - CRBCK","description":"&quot;Les sports de pagaie, partout o\u00f9 il y a de l\u2019eau.&quot;","publisher":{"@id":"https:\/\/canoekayakbretagne.fr\/#organization"},"potentialAction":[{"@type":"SearchAction","target":{"@type":"EntryPoint","urlTemplate":"https:\/\/canoekayakbretagne.fr\/?s={search_term_string}"},"query-input":{"@type":"PropertyValueSpecification","valueRequired":true,"valueName":"search_term_string"}}],"inLanguage":"fr-FR"},{"@type":"Organization","@id":"https:\/\/canoekayakbretagne.fr\/#organization","name":"Comit\u00e9 R\u00e9gional de Bretagne de Cano\u00eb-Kayak - CRBCK","url":"https:\/\/canoekayakbretagne.fr\/","logo":{"@type":"ImageObject","inLanguage":"fr-FR","@id":"https:\/\/canoekayakbretagne.fr\/#\/schema\/logo\/image\/","url":"https:\/\/canoekayakbretagne.fr\/wp-content\/uploads\/2022\/01\/cropped-LOGO_BRETAGNE_300x300.jpg","contentUrl":"https:\/\/canoekayakbretagne.fr\/wp-content\/uploads\/2022\/01\/cropped-LOGO_BRETAGNE_300x300.jpg","width":300,"height":300,"caption":"Comit\u00e9 R\u00e9gional de Bretagne de Cano\u00eb-Kayak - CRBCK"},"image":{"@id":"https:\/\/canoekayakbretagne.fr\/#\/schema\/logo\/image\/"}}]}},"_links":{"self":[{"href":"https:\/\/canoekayakbretagne.fr\/index.php\/wp-json\/wp\/v2\/pages\/4194","targetHints":{"allow":["GET"]}}],"collection":[{"href":"https:\/\/canoekayakbretagne.fr\/index.php\/wp-json\/wp\/v2\/pages"}],"about":[{"href":"https:\/\/canoekayakbretagne.fr\/index.php\/wp-json\/wp\/v2\/types\/page"}],"author":[{"embeddable":true,"href":"https:\/\/canoekayakbretagne.fr\/index.php\/wp-json\/wp\/v2\/users\/2"}],"replies":[{"embeddable":true,"href":"https:\/\/canoekayakbretagne.fr\/index.php\/wp-json\/wp\/v2\/comments?post=4194"}],"version-history":[{"count":10,"href":"https:\/\/canoekayakbretagne.fr\/index.php\/wp-json\/wp\/v2\/pages\/4194\/revisions"}],"predecessor-version":[{"id":4213,"href":"https:\/\/canoekayakbretagne.fr\/index.php\/wp-json\/wp\/v2\/pages\/4194\/revisions\/4213"}],"wp:attachment":[{"href":"https:\/\/canoekayakbretagne.fr\/index.php\/wp-json\/wp\/v2\/media?parent=4194"}],"curies":[{"name":"wp","href":"https:\/\/api.w.org\/{rel}","templated":true}]}}