{"id":4872,"date":"2024-03-27T17:44:21","date_gmt":"2024-03-27T16:44:21","guid":{"rendered":"https:\/\/canoekayakbretagne.fr\/?page_id=4872"},"modified":"2026-03-10T15:30:15","modified_gmt":"2026-03-10T14:30:15","slug":"tests-ced-2026","status":"publish","type":"page","link":"https:\/\/canoekayakbretagne.fr\/index.php\/tests-ced-2026\/","title":{"rendered":"Tests CED 2026"},"content":{"rendered":"\t\t<div data-elementor-type=\"wp-page\" data-elementor-id=\"4872\" class=\"elementor elementor-4872\">\n\t\t\t\t\t\t<section class=\"elementor-section elementor-top-section elementor-element elementor-element-627ec8d elementor-section-boxed elementor-section-height-default elementor-section-height-default\" data-id=\"627ec8d\" data-element_type=\"section\" data-e-type=\"section\">\n\t\t\t\t\t\t<div class=\"elementor-container elementor-column-gap-default\">\n\t\t\t\t\t<div class=\"elementor-column elementor-col-100 elementor-top-column elementor-element elementor-element-8ef90aa\" data-id=\"8ef90aa\" data-element_type=\"column\" data-e-type=\"column\">\n\t\t\t<div class=\"elementor-widget-wrap elementor-element-populated\">\n\t\t\t\t\t\t<div class=\"elementor-element elementor-element-af0c187 elementor-widget elementor-widget-heading\" data-id=\"af0c187\" data-element_type=\"widget\" data-e-type=\"widget\" data-widget_type=\"heading.default\">\n\t\t\t\t<div class=\"elementor-widget-container\">\n\t\t\t\t\t<h2 class=\"elementor-heading-title elementor-size-default\">Test CED 2025<\/h2>\t\t\t\t<\/div>\n\t\t\t\t<\/div>\n\t\t\t\t\t<\/div>\n\t\t<\/div>\n\t\t\t\t\t<\/div>\n\t\t<\/section>\n\t\t\t\t<section class=\"elementor-section elementor-top-section elementor-element elementor-element-425bab4 elementor-section-boxed elementor-section-height-default elementor-section-height-default\" data-id=\"425bab4\" data-element_type=\"section\" data-e-type=\"section\">\n\t\t\t\t\t\t<div class=\"elementor-container elementor-column-gap-default\">\n\t\t\t\t\t<div class=\"elementor-column elementor-col-100 elementor-top-column elementor-element elementor-element-131ec07\" data-id=\"131ec07\" data-element_type=\"column\" data-e-type=\"column\">\n\t\t\t<div class=\"elementor-widget-wrap elementor-element-populated\">\n\t\t\t\t\t\t<div class=\"elementor-element elementor-element-23148dd elementor-widget elementor-widget-text-editor\" data-id=\"23148dd\" data-element_type=\"widget\" data-e-type=\"widget\" data-widget_type=\"text-editor.default\">\n\t\t\t\t<div class=\"elementor-widget-container\">\n\t\t\t\t\t\t\t\t\t<p>Les tests CED des d\u00e9partements 22, 35 et 56 auront lieu le <strong>mercredi 1er avril<\/strong> \u00e0 la base du Pont Querra de Plemet.<\/p><p>Au choix, deux modalit\u00e9s d&rsquo;inscription :\u00a0<\/p><ul><li>Par mail \u00e0 : <span style=\"color: #0000ff;\"><a class=\"ms-outlook-linkify\" style=\"color: #0000ff;\" href=\"mailto:ctd-cdck22@hotmail.fr\" target=\"_blank\" rel=\"noopener\">ctd-cdck22@hotmail.fr<\/a> <\/span>avant le 30\/03 via fichier excel ci-dessous<\/li><li>Inscriptions individuelles via lien DOODLE ci-contre : <span style=\"color: #0000ff;\"><u><a id=\"OWAb747aa71-059b-7a33-0f0f-0220b7c478ae\" class=\"OWAAutoLink\" style=\"color: #0000ff;\" title=\"https:\/\/doodle.com\/sign-up-sheet\/participate\/4d7f665c-afd1-4d6e-9c75-f6da3b05ce4e\/select\" href=\"https:\/\/doodle.com\/sign-up-sheet\/participate\/4d7f665c-afd1-4d6e-9c75-f6da3b05ce4e\/select\" target=\"_blank\" rel=\"noopener\" data-outlook-id=\"00683e7f-28eb-4ccd-ad42-f904af778158\">https:\/\/doodle.com\/sign-up-sheet\/participate\/4d7f665c-afd1-4d6e-9c75-f6da3b05ce4e\/select<\/a><\/u><\/span><\/li><\/ul><p>Documents utiles :\u00a0<\/p><ul><li><span style=\"color: #0000ff;\"><a style=\"color: #0000ff;\" href=\"https:\/\/canoekayakbretagne.fr\/wp-content\/uploads\/2026\/03\/presentation-globale-de-la-vision-general-des-Tests-CED-pour-la-saison-2026-.pdf\" target=\"_blank\" rel=\"noopener\">Pr\u00e9sentation des tests (PDF)<\/a><\/span><\/li><li><span style=\"color: #0000ff;\"><a style=\"color: #0000ff;\" href=\"https:\/\/canoekayakbretagne.fr\/wp-content\/uploads\/2026\/03\/1-Convoc-TEST-CED-2026-mercredi-1er-avril.pdf\" target=\"_blank\" rel=\"noopener\">Convocation (PDF)<\/a><\/span><\/li><li><span style=\"color: #0000ff;\"><a style=\"color: #0000ff;\" href=\"https:\/\/canoekayakbretagne.fr\/wp-content\/uploads\/2026\/03\/Fiche-inscriptions-Tests-CED-2026-.xlsx\" target=\"_blank\" rel=\"noopener\">Fichier inscription (excel)<\/a><\/span><\/li><\/ul><p>\u00a0<\/p>\t\t\t\t\t\t\t\t<\/div>\n\t\t\t\t<\/div>\n\t\t\t\t<div class=\"elementor-element elementor-element-472f29a elementor-arrows-position-inside elementor-pagination-position-outside elementor-widget elementor-widget-image-carousel\" data-id=\"472f29a\" data-element_type=\"widget\" data-e-type=\"widget\" data-settings=\"{&quot;navigation&quot;:&quot;both&quot;,&quot;autoplay&quot;:&quot;yes&quot;,&quot;pause_on_hover&quot;:&quot;yes&quot;,&quot;pause_on_interaction&quot;:&quot;yes&quot;,&quot;autoplay_speed&quot;:5000,&quot;infinite&quot;:&quot;yes&quot;,&quot;speed&quot;:500}\" data-widget_type=\"image-carousel.default\">\n\t\t\t\t<div class=\"elementor-widget-container\">\n\t\t\t\t\t\t\t<div class=\"elementor-image-carousel-wrapper swiper\" role=\"region\" aria-roledescription=\"carousel\" aria-label=\"Carrousel d\u2019images\" dir=\"ltr\">\n\t\t\t<div class=\"elementor-image-carousel swiper-wrapper\" aria-live=\"off\">\n\t\t\t\t\t\t\t\t<div class=\"swiper-slide\" role=\"group\" aria-roledescription=\"slide\" aria-label=\"1 sur 9\"><figure class=\"swiper-slide-inner\"><img decoding=\"async\" class=\"swiper-slide-image\" src=\"https:\/\/canoekayakbretagne.fr\/wp-content\/uploads\/2025\/03\/WhatsApp-Image-2025-03-24-at-13.53.54-1.jpeg\" alt=\"WhatsApp Image 2025-03-24 at 13.53.54 (1)\" \/><\/figure><\/div><div class=\"swiper-slide\" role=\"group\" aria-roledescription=\"slide\" aria-label=\"2 sur 9\"><figure class=\"swiper-slide-inner\"><img decoding=\"async\" class=\"swiper-slide-image\" src=\"https:\/\/canoekayakbretagne.fr\/wp-content\/uploads\/2025\/03\/WhatsApp-Image-2025-03-24-at-13.53.56-9.jpeg\" alt=\"WhatsApp Image 2025-03-24 at 13.53.56 (9)\" \/><\/figure><\/div><div class=\"swiper-slide\" role=\"group\" aria-roledescription=\"slide\" aria-label=\"3 sur 9\"><figure class=\"swiper-slide-inner\"><img decoding=\"async\" class=\"swiper-slide-image\" src=\"https:\/\/canoekayakbretagne.fr\/wp-content\/uploads\/2025\/03\/WhatsApp-Image-2025-03-24-at-13.53.56-6.jpeg\" alt=\"WhatsApp Image 2025-03-24 at 13.53.56 (6)\" \/><\/figure><\/div><div class=\"swiper-slide\" role=\"group\" aria-roledescription=\"slide\" aria-label=\"4 sur 9\"><figure class=\"swiper-slide-inner\"><img decoding=\"async\" class=\"swiper-slide-image\" src=\"https:\/\/canoekayakbretagne.fr\/wp-content\/uploads\/2025\/03\/WhatsApp-Image-2025-03-24-at-13.53.56-2.jpeg\" alt=\"WhatsApp Image 2025-03-24 at 13.53.56 (2)\" \/><\/figure><\/div><div class=\"swiper-slide\" role=\"group\" aria-roledescription=\"slide\" aria-label=\"5 sur 9\"><figure class=\"swiper-slide-inner\"><img decoding=\"async\" class=\"swiper-slide-image\" src=\"https:\/\/canoekayakbretagne.fr\/wp-content\/uploads\/2025\/03\/WhatsApp-Image-2025-03-24-at-13.53.55-8.jpeg\" alt=\"WhatsApp Image 2025-03-24 at 13.53.55 (8)\" \/><\/figure><\/div><div class=\"swiper-slide\" role=\"group\" aria-roledescription=\"slide\" aria-label=\"6 sur 9\"><figure class=\"swiper-slide-inner\"><img decoding=\"async\" class=\"swiper-slide-image\" src=\"https:\/\/canoekayakbretagne.fr\/wp-content\/uploads\/2025\/03\/WhatsApp-Image-2025-03-24-at-13.53.55-7.jpeg\" alt=\"WhatsApp Image 2025-03-24 at 13.53.55 (7)\" \/><\/figure><\/div><div class=\"swiper-slide\" role=\"group\" aria-roledescription=\"slide\" aria-label=\"7 sur 9\"><figure class=\"swiper-slide-inner\"><img decoding=\"async\" class=\"swiper-slide-image\" src=\"https:\/\/canoekayakbretagne.fr\/wp-content\/uploads\/2025\/03\/WhatsApp-Image-2025-03-24-at-13.53.54-6.jpeg\" alt=\"WhatsApp Image 2025-03-24 at 13.53.54 (6)\" \/><\/figure><\/div><div class=\"swiper-slide\" role=\"group\" aria-roledescription=\"slide\" aria-label=\"8 sur 9\"><figure class=\"swiper-slide-inner\"><img decoding=\"async\" class=\"swiper-slide-image\" src=\"https:\/\/canoekayakbretagne.fr\/wp-content\/uploads\/2025\/03\/WhatsApp-Image-2025-03-24-at-13.53.54-2.jpeg\" alt=\"WhatsApp Image 2025-03-24 at 13.53.54 (2)\" \/><\/figure><\/div><div class=\"swiper-slide\" role=\"group\" aria-roledescription=\"slide\" aria-label=\"9 sur 9\"><figure class=\"swiper-slide-inner\"><img decoding=\"async\" class=\"swiper-slide-image\" src=\"https:\/\/canoekayakbretagne.fr\/wp-content\/uploads\/2025\/03\/WhatsApp-Image-2025-03-24-at-13.53.54.jpeg\" alt=\"WhatsApp Image 2025-03-24 at 13.53.54\" \/><\/figure><\/div>\t\t\t<\/div>\n\t\t\t\t\t\t\t\t\t\t\t\t<div class=\"elementor-swiper-button elementor-swiper-button-prev\" role=\"button\" tabindex=\"0\">\n\t\t\t\t\t\t<i aria-hidden=\"true\" class=\"eicon-chevron-left\"><\/i>\t\t\t\t\t<\/div>\n\t\t\t\t\t<div class=\"elementor-swiper-button elementor-swiper-button-next\" role=\"button\" tabindex=\"0\">\n\t\t\t\t\t\t<i aria-hidden=\"true\" class=\"eicon-chevron-right\"><\/i>\t\t\t\t\t<\/div>\n\t\t\t\t\n\t\t\t\t\t\t\t\t\t<div class=\"swiper-pagination\"><\/div>\n\t\t\t\t\t\t\t\t\t<\/div>\n\t\t\t\t\t\t<\/div>\n\t\t\t\t<\/div>\n\t\t\t\t\t<\/div>\n\t\t<\/div>\n\t\t\t\t\t<\/div>\n\t\t<\/section>\n\t\t\t\t<section class=\"elementor-section elementor-top-section elementor-element elementor-element-5252e91 elementor-section-boxed elementor-section-height-default elementor-section-height-default\" data-id=\"5252e91\" data-element_type=\"section\" data-e-type=\"section\">\n\t\t\t\t\t\t<div class=\"elementor-container elementor-column-gap-default\">\n\t\t\t\t\t<div class=\"elementor-column elementor-col-100 elementor-top-column elementor-element elementor-element-6b2597d\" data-id=\"6b2597d\" data-element_type=\"column\" data-e-type=\"column\">\n\t\t\t<div class=\"elementor-widget-wrap\">\n\t\t\t\t\t\t\t<\/div>\n\t\t<\/div>\n\t\t\t\t\t<\/div>\n\t\t<\/section>\n\t\t\t\t<\/div>\n\t\t","protected":false},"excerpt":{"rendered":"<p>Test CED 2025 Les tests CED des d\u00e9partements 22, 35 et 56 auront lieu le mercredi 1er avril \u00e0 la<\/p>\n","protected":false},"author":3,"featured_media":0,"parent":0,"menu_order":0,"comment_status":"closed","ping_status":"closed","template":"","meta":{"colormag_page_container_layout":"default_layout","colormag_page_sidebar_layout":"default_layout","footnotes":""},"class_list":["post-4872","page","type-page","status-publish","hentry"],"yoast_head":"<!-- This site is optimized with the Yoast SEO plugin v27.2 - https:\/\/yoast.com\/product\/yoast-seo-wordpress\/ -->\n<title>Tests CED 2026 - Comit\u00e9 R\u00e9gional de Bretagne de Cano\u00eb-Kayak - CRBCK<\/title>\n<meta name=\"robots\" content=\"index, follow, max-snippet:-1, max-image-preview:large, max-video-preview:-1\" \/>\n<link rel=\"canonical\" href=\"https:\/\/canoekayakbretagne.fr\/index.php\/tests-ced-2026\/\" \/>\n<meta property=\"og:locale\" content=\"fr_FR\" \/>\n<meta property=\"og:type\" content=\"article\" \/>\n<meta property=\"og:title\" content=\"Tests CED 2026 - Comit\u00e9 R\u00e9gional de Bretagne de Cano\u00eb-Kayak - CRBCK\" \/>\n<meta property=\"og:description\" content=\"Test CED 2025 Les tests CED des d\u00e9partements 22, 35 et 56 auront lieu le mercredi 1er avril \u00e0 la\" \/>\n<meta property=\"og:url\" content=\"https:\/\/canoekayakbretagne.fr\/index.php\/tests-ced-2026\/\" \/>\n<meta property=\"og:site_name\" content=\"Comit\u00e9 R\u00e9gional de Bretagne de Cano\u00eb-Kayak - CRBCK\" \/>\n<meta property=\"article:modified_time\" content=\"2026-03-10T14:30:15+00:00\" \/>\n<meta property=\"og:image\" content=\"https:\/\/canoekayakbretagne.fr\/wp-content\/uploads\/2025\/03\/WhatsApp-Image-2025-03-24-at-13.53.54-1.jpeg\" \/>\n<meta name=\"twitter:card\" content=\"summary_large_image\" \/>\n<meta name=\"twitter:label1\" content=\"Dur\u00e9e de lecture estim\u00e9e\" \/>\n\t<meta name=\"twitter:data1\" content=\"3 minutes\" \/>\n<script type=\"application\/ld+json\" class=\"yoast-schema-graph\">{\"@context\":\"https:\/\/schema.org\",\"@graph\":[{\"@type\":\"WebPage\",\"@id\":\"https:\/\/canoekayakbretagne.fr\/index.php\/tests-ced-2026\/\",\"url\":\"https:\/\/canoekayakbretagne.fr\/index.php\/tests-ced-2026\/\",\"name\":\"Tests CED 2026 - Comit\u00e9 R\u00e9gional de Bretagne de Cano\u00eb-Kayak - CRBCK\",\"isPartOf\":{\"@id\":\"https:\/\/canoekayakbretagne.fr\/#website\"},\"primaryImageOfPage\":{\"@id\":\"https:\/\/canoekayakbretagne.fr\/index.php\/tests-ced-2026\/#primaryimage\"},\"image\":{\"@id\":\"https:\/\/canoekayakbretagne.fr\/index.php\/tests-ced-2026\/#primaryimage\"},\"thumbnailUrl\":\"https:\/\/canoekayakbretagne.fr\/wp-content\/uploads\/2025\/03\/WhatsApp-Image-2025-03-24-at-13.53.54-1.jpeg\",\"datePublished\":\"2024-03-27T16:44:21+00:00\",\"dateModified\":\"2026-03-10T14:30:15+00:00\",\"breadcrumb\":{\"@id\":\"https:\/\/canoekayakbretagne.fr\/index.php\/tests-ced-2026\/#breadcrumb\"},\"inLanguage\":\"fr-FR\",\"potentialAction\":[{\"@type\":\"ReadAction\",\"target\":[\"https:\/\/canoekayakbretagne.fr\/index.php\/tests-ced-2026\/\"]}]},{\"@type\":\"ImageObject\",\"inLanguage\":\"fr-FR\",\"@id\":\"https:\/\/canoekayakbretagne.fr\/index.php\/tests-ced-2026\/#primaryimage\",\"url\":\"https:\/\/canoekayakbretagne.fr\/wp-content\/uploads\/2025\/03\/WhatsApp-Image-2025-03-24-at-13.53.54-1.jpeg\",\"contentUrl\":\"https:\/\/canoekayakbretagne.fr\/wp-content\/uploads\/2025\/03\/WhatsApp-Image-2025-03-24-at-13.53.54-1.jpeg\",\"width\":1600,\"height\":1200},{\"@type\":\"BreadcrumbList\",\"@id\":\"https:\/\/canoekayakbretagne.fr\/index.php\/tests-ced-2026\/#breadcrumb\",\"itemListElement\":[{\"@type\":\"ListItem\",\"position\":1,\"name\":\"Accueil\",\"item\":\"https:\/\/canoekayakbretagne.fr\/\"},{\"@type\":\"ListItem\",\"position\":2,\"name\":\"Tests CED 2026\"}]},{\"@type\":\"WebSite\",\"@id\":\"https:\/\/canoekayakbretagne.fr\/#website\",\"url\":\"https:\/\/canoekayakbretagne.fr\/\",\"name\":\"Comit\u00e9 R\u00e9gional de Bretagne de Cano\u00eb-Kayak - CRBCK\",\"description\":\"&quot;Les sports de pagaie, partout o\u00f9 il y a de l\u2019eau.&quot;\",\"publisher\":{\"@id\":\"https:\/\/canoekayakbretagne.fr\/#organization\"},\"potentialAction\":[{\"@type\":\"SearchAction\",\"target\":{\"@type\":\"EntryPoint\",\"urlTemplate\":\"https:\/\/canoekayakbretagne.fr\/?s={search_term_string}\"},\"query-input\":{\"@type\":\"PropertyValueSpecification\",\"valueRequired\":true,\"valueName\":\"search_term_string\"}}],\"inLanguage\":\"fr-FR\"},{\"@type\":\"Organization\",\"@id\":\"https:\/\/canoekayakbretagne.fr\/#organization\",\"name\":\"Comit\u00e9 R\u00e9gional de Bretagne de Cano\u00eb-Kayak - CRBCK\",\"url\":\"https:\/\/canoekayakbretagne.fr\/\",\"logo\":{\"@type\":\"ImageObject\",\"inLanguage\":\"fr-FR\",\"@id\":\"https:\/\/canoekayakbretagne.fr\/#\/schema\/logo\/image\/\",\"url\":\"https:\/\/canoekayakbretagne.fr\/wp-content\/uploads\/2022\/01\/cropped-LOGO_BRETAGNE_300x300.jpg\",\"contentUrl\":\"https:\/\/canoekayakbretagne.fr\/wp-content\/uploads\/2022\/01\/cropped-LOGO_BRETAGNE_300x300.jpg\",\"width\":300,\"height\":300,\"caption\":\"Comit\u00e9 R\u00e9gional de Bretagne de Cano\u00eb-Kayak - CRBCK\"},\"image\":{\"@id\":\"https:\/\/canoekayakbretagne.fr\/#\/schema\/logo\/image\/\"}}]}<\/script>\n<!-- \/ Yoast SEO plugin. -->","yoast_head_json":{"title":"Tests CED 2026 - Comit\u00e9 R\u00e9gional de Bretagne de Cano\u00eb-Kayak - CRBCK","robots":{"index":"index","follow":"follow","max-snippet":"max-snippet:-1","max-image-preview":"max-image-preview:large","max-video-preview":"max-video-preview:-1"},"canonical":"https:\/\/canoekayakbretagne.fr\/index.php\/tests-ced-2026\/","og_locale":"fr_FR","og_type":"article","og_title":"Tests CED 2026 - Comit\u00e9 R\u00e9gional de Bretagne de Cano\u00eb-Kayak - CRBCK","og_description":"Test CED 2025 Les tests CED des d\u00e9partements 22, 35 et 56 auront lieu le mercredi 1er avril \u00e0 la","og_url":"https:\/\/canoekayakbretagne.fr\/index.php\/tests-ced-2026\/","og_site_name":"Comit\u00e9 R\u00e9gional de Bretagne de Cano\u00eb-Kayak - CRBCK","article_modified_time":"2026-03-10T14:30:15+00:00","og_image":[{"url":"https:\/\/canoekayakbretagne.fr\/wp-content\/uploads\/2025\/03\/WhatsApp-Image-2025-03-24-at-13.53.54-1.jpeg","type":"","width":"","height":""}],"twitter_card":"summary_large_image","twitter_misc":{"Dur\u00e9e de lecture estim\u00e9e":"3 minutes"},"schema":{"@context":"https:\/\/schema.org","@graph":[{"@type":"WebPage","@id":"https:\/\/canoekayakbretagne.fr\/index.php\/tests-ced-2026\/","url":"https:\/\/canoekayakbretagne.fr\/index.php\/tests-ced-2026\/","name":"Tests CED 2026 - Comit\u00e9 R\u00e9gional de Bretagne de Cano\u00eb-Kayak - CRBCK","isPartOf":{"@id":"https:\/\/canoekayakbretagne.fr\/#website"},"primaryImageOfPage":{"@id":"https:\/\/canoekayakbretagne.fr\/index.php\/tests-ced-2026\/#primaryimage"},"image":{"@id":"https:\/\/canoekayakbretagne.fr\/index.php\/tests-ced-2026\/#primaryimage"},"thumbnailUrl":"https:\/\/canoekayakbretagne.fr\/wp-content\/uploads\/2025\/03\/WhatsApp-Image-2025-03-24-at-13.53.54-1.jpeg","datePublished":"2024-03-27T16:44:21+00:00","dateModified":"2026-03-10T14:30:15+00:00","breadcrumb":{"@id":"https:\/\/canoekayakbretagne.fr\/index.php\/tests-ced-2026\/#breadcrumb"},"inLanguage":"fr-FR","potentialAction":[{"@type":"ReadAction","target":["https:\/\/canoekayakbretagne.fr\/index.php\/tests-ced-2026\/"]}]},{"@type":"ImageObject","inLanguage":"fr-FR","@id":"https:\/\/canoekayakbretagne.fr\/index.php\/tests-ced-2026\/#primaryimage","url":"https:\/\/canoekayakbretagne.fr\/wp-content\/uploads\/2025\/03\/WhatsApp-Image-2025-03-24-at-13.53.54-1.jpeg","contentUrl":"https:\/\/canoekayakbretagne.fr\/wp-content\/uploads\/2025\/03\/WhatsApp-Image-2025-03-24-at-13.53.54-1.jpeg","width":1600,"height":1200},{"@type":"BreadcrumbList","@id":"https:\/\/canoekayakbretagne.fr\/index.php\/tests-ced-2026\/#breadcrumb","itemListElement":[{"@type":"ListItem","position":1,"name":"Accueil","item":"https:\/\/canoekayakbretagne.fr\/"},{"@type":"ListItem","position":2,"name":"Tests CED 2026"}]},{"@type":"WebSite","@id":"https:\/\/canoekayakbretagne.fr\/#website","url":"https:\/\/canoekayakbretagne.fr\/","name":"Comit\u00e9 R\u00e9gional de Bretagne de Cano\u00eb-Kayak - CRBCK","description":"&quot;Les sports de pagaie, partout o\u00f9 il y a de l\u2019eau.&quot;","publisher":{"@id":"https:\/\/canoekayakbretagne.fr\/#organization"},"potentialAction":[{"@type":"SearchAction","target":{"@type":"EntryPoint","urlTemplate":"https:\/\/canoekayakbretagne.fr\/?s={search_term_string}"},"query-input":{"@type":"PropertyValueSpecification","valueRequired":true,"valueName":"search_term_string"}}],"inLanguage":"fr-FR"},{"@type":"Organization","@id":"https:\/\/canoekayakbretagne.fr\/#organization","name":"Comit\u00e9 R\u00e9gional de Bretagne de Cano\u00eb-Kayak - CRBCK","url":"https:\/\/canoekayakbretagne.fr\/","logo":{"@type":"ImageObject","inLanguage":"fr-FR","@id":"https:\/\/canoekayakbretagne.fr\/#\/schema\/logo\/image\/","url":"https:\/\/canoekayakbretagne.fr\/wp-content\/uploads\/2022\/01\/cropped-LOGO_BRETAGNE_300x300.jpg","contentUrl":"https:\/\/canoekayakbretagne.fr\/wp-content\/uploads\/2022\/01\/cropped-LOGO_BRETAGNE_300x300.jpg","width":300,"height":300,"caption":"Comit\u00e9 R\u00e9gional de Bretagne de Cano\u00eb-Kayak - CRBCK"},"image":{"@id":"https:\/\/canoekayakbretagne.fr\/#\/schema\/logo\/image\/"}}]}},"_links":{"self":[{"href":"https:\/\/canoekayakbretagne.fr\/index.php\/wp-json\/wp\/v2\/pages\/4872","targetHints":{"allow":["GET"]}}],"collection":[{"href":"https:\/\/canoekayakbretagne.fr\/index.php\/wp-json\/wp\/v2\/pages"}],"about":[{"href":"https:\/\/canoekayakbretagne.fr\/index.php\/wp-json\/wp\/v2\/types\/page"}],"author":[{"embeddable":true,"href":"https:\/\/canoekayakbretagne.fr\/index.php\/wp-json\/wp\/v2\/users\/3"}],"replies":[{"embeddable":true,"href":"https:\/\/canoekayakbretagne.fr\/index.php\/wp-json\/wp\/v2\/comments?post=4872"}],"version-history":[{"count":30,"href":"https:\/\/canoekayakbretagne.fr\/index.php\/wp-json\/wp\/v2\/pages\/4872\/revisions"}],"predecessor-version":[{"id":7403,"href":"https:\/\/canoekayakbretagne.fr\/index.php\/wp-json\/wp\/v2\/pages\/4872\/revisions\/7403"}],"wp:attachment":[{"href":"https:\/\/canoekayakbretagne.fr\/index.php\/wp-json\/wp\/v2\/media?parent=4872"}],"curies":[{"name":"wp","href":"https:\/\/api.w.org\/{rel}","templated":true}]}}