{"id":87,"date":"2020-03-15T16:44:59","date_gmt":"2020-03-15T16:44:59","guid":{"rendered":"https:\/\/canoekayakbretagne.fr\/index.php\/le-crbck\/presentation\/"},"modified":"2020-03-15T16:44:59","modified_gmt":"2020-03-15T16:44:59","slug":"presentation","status":"publish","type":"page","link":"https:\/\/canoekayakbretagne.fr\/index.php\/presentation\/","title":{"rendered":"Pr\u00e9sentation"},"content":{"rendered":"<h1 style=\\\"font-family: Roboto, sans-serif;\\\"><strong>L\\&rsquo;historique&nbsp;<\/strong><\/h1>\n<p>Le Comit\u00e9 R\u00e9gional Bretagne de Cano\u00eb existe depuis plus de 50 ans.<\/p>\n<p><strong>18 mars 1962 :&nbsp;<\/strong>&nbsp;na\u00eet \u00ab&nbsp;La Ligue de l\u2019Ouest&nbsp;\u00bb constitu\u00e9e alors de 5 clubs.<\/p>\n<table width=\\\"760\\\">\n<tbody>\n<tr>\n<td width=\\\"204\\\">Cano\u00eb club de Rennes<\/td>\n<td width=\\\"300\\\">40 membres dont 15 licenci\u00e9s<\/td>\n<\/tr>\n<tr>\n<td width=\\\"204\\\">TCF Nantes<\/td>\n<td width=\\\"300\\\">30 membres dont 12 licenci\u00e9s<\/td>\n<\/tr>\n<tr>\n<td width=\\\"204\\\">JSPA Mayenne<\/td>\n<td width=\\\"300\\\">57 membres dont 21 licenci\u00e9s<\/td>\n<\/tr>\n<tr>\n<td width=\\\"204\\\">AJM Lorient<\/td>\n<td width=\\\"300\\\">62 membres dont 57 licenci\u00e9s<\/td>\n<\/tr>\n<tr>\n<td width=\\\"204\\\">Amis Plein Air St Brieuc<\/td>\n<td width=\\\"300\\\">30 membres dont 10 licenci\u00e9s<\/td>\n<\/tr>\n<tr>\n<td width=\\\"204\\\">TOTAL<\/td>\n<td width=\\\"300\\\">219 membres dont 115 licenci\u00e9s<\/td>\n<\/tr>\n<\/tbody>\n<\/table>\n<p><u>Voici le bureau \u00e0 l\u2019origine de la \u00ab&nbsp;Ligue de l\u2019Ouest&nbsp;\u00bb:<\/u><\/p>\n<p>Pr\u00e9sident :&nbsp; LUCAS (CC Rennes) \/ Vice-pr\u00e9sident : TROUILLARD (Laval) \/ Vice-pr\u00e9sident : DAVID (Nantes) \/ Secr\u00e9taire : LAURENDEAU (Rennes) \/ Secr\u00e9taire adjoint : LE DIGOL (AJM) \/ Tr\u00e9sorier : BODIN (Rennes) \/ Tr\u00e9sorier adjoint :&nbsp; ROUSSEAU (AJM) \/ Autres membres : GUILLOUX (Vannes), BRELAINS (Mayenne), JOZROLEMD (Vannes)<\/p>\n<hr>\n<p><strong>1969&nbsp;:<\/strong>&nbsp;La Ligue Atlantique est cr\u00e9\u00e9e. Les clubs des d\u00e9partements non bretons quittent la Ligue de Bretagne. Toutefois la Mayenne y demeure.<\/p>\n<hr>\n<p><strong>1981&nbsp;:<\/strong>&nbsp;La Mayenne contrainte par les r\u00e8gles administratives relatives aux r\u00e9gions, quitte la Ligue de Bretagne.<\/p>\n<hr>\n<p><strong>1998 :<\/strong>&nbsp;La ligue de Bretagne change de nom et devient \u00ab&nbsp;Comit\u00e9 r\u00e9gional Bretagne de Cano\u00eb-Kayak&nbsp;\u00bb<\/p>\n<hr>\n<h5><strong>Pr\u00e9sidents successifs&nbsp;<\/strong><\/h5>\n<p>Henri LUCAS&nbsp;\/ du 18 mars 1962 au 1<sup>er<\/sup>&nbsp;d\u00e9cembre 1963<\/p>\n<p>TROUILLARD&nbsp; \/ du 1<sup>er<\/sup>&nbsp;d\u00e9cembre 1963 au 28 novembre 1965<\/p>\n<p>Claude LAURENDEAU&nbsp;\/ du 18 novembre 1965 au 27 novembre 1968<\/p>\n<p>Daniel FEREY \/ du 15 d\u00e9cembre 1968 au 19 novembre 1972<\/p>\n<p>Ren\u00e9 OLLIVIER \/ du 19 novembre 1972 au 8 novembre 1975<\/p>\n<p>Madame MICHARD \/ du 8 novembre 1975 au 24 octobre 1976<\/p>\n<p>Paul ECHIVARD \/ du 24 novembre 1976 au 16 octobre 1988<\/p>\n<p>Christian HUNAUT \/ 16 octobre 1988 au 08 f\u00e9vrier 1997<\/p>\n<p>Yves LORCY \/ du 11 avril 1997&nbsp; au 29 novembre 2008<\/p>\n<p>Ren\u00e9 TREGARO \/ du 29 novembre 2008 au 1<sup>er<\/sup>&nbsp;d\u00e9cembre 2012<\/p>\n<p>Jean ZOUNGRANA \/ du 1<sup>er<\/sup>&nbsp;d\u00e9cembre 2012 au 10 d\u00e9cembre 2016<\/p>\n<p>Michelle TASSERIT \/ du 11 mars 2017 au 13 mars 2021<\/p>\n<p>Corentin MENOU \/ du 13 mars 2021 au<\/p>\n<hr>\n<h5><strong>Agr\u00e9ments C.T.R.&nbsp;:<\/strong><\/h5>\n<p>28 novembre 1965 \/ Michel TOSTIVINT<\/p>\n<p>1972 \/ Ren\u00e9 TREGARO \/ Jean Pierre LAFFONT \/ Marie Fran\u00e7oise PRIGENT \/ Jean Yves PRIGENT<\/p>\n<p>Septembre 2001 \/ Fr\u00e9d\u00e9ric CASTRYCK<\/p>\n<p>Septembre 2011 \/ Antoine DUCOURET<\/p>\n<p>Mai 2018 \/ Camille RICHER<\/p>\n","protected":false},"excerpt":{"rendered":"<p>L\\&rsquo;historique&nbsp; Le Comit\u00e9 R\u00e9gional Bretagne de Cano\u00eb existe depuis plus de 50 ans. 18 mars 1962 :&nbsp;&nbsp;na\u00eet \u00ab&nbsp;La Ligue de<\/p>\n","protected":false},"author":3,"featured_media":0,"parent":0,"menu_order":0,"comment_status":"closed","ping_status":"closed","template":"","meta":{"colormag_page_container_layout":"default_layout","colormag_page_sidebar_layout":"default_layout","footnotes":""},"class_list":["post-87","page","type-page","status-publish","hentry"],"yoast_head":"<!-- This site is optimized with the Yoast SEO plugin v27.2 - https:\/\/yoast.com\/product\/yoast-seo-wordpress\/ -->\n<title>Pr\u00e9sentation - Comit\u00e9 R\u00e9gional de Bretagne de Cano\u00eb-Kayak - CRBCK<\/title>\n<meta name=\"robots\" content=\"index, follow, max-snippet:-1, max-image-preview:large, max-video-preview:-1\" \/>\n<link rel=\"canonical\" href=\"https:\/\/canoekayakbretagne.fr\/index.php\/le-crbck__trashed\/presentation\/\" \/>\n<meta property=\"og:locale\" content=\"fr_FR\" \/>\n<meta property=\"og:type\" content=\"article\" \/>\n<meta property=\"og:title\" content=\"Pr\u00e9sentation - Comit\u00e9 R\u00e9gional de Bretagne de Cano\u00eb-Kayak - CRBCK\" \/>\n<meta property=\"og:description\" content=\"L&rsquo;historique&nbsp; Le Comit\u00e9 R\u00e9gional Bretagne de Cano\u00eb existe depuis plus de 50 ans. 18 mars 1962 :&nbsp;&nbsp;na\u00eet \u00ab&nbsp;La Ligue de\" \/>\n<meta property=\"og:url\" content=\"https:\/\/canoekayakbretagne.fr\/index.php\/le-crbck__trashed\/presentation\/\" \/>\n<meta property=\"og:site_name\" content=\"Comit\u00e9 R\u00e9gional de Bretagne de Cano\u00eb-Kayak - CRBCK\" \/>\n<meta name=\"twitter:card\" content=\"summary_large_image\" \/>\n<meta name=\"twitter:label1\" content=\"Dur\u00e9e de lecture estim\u00e9e\" \/>\n\t<meta name=\"twitter:data1\" content=\"2 minutes\" \/>\n<script type=\"application\/ld+json\" class=\"yoast-schema-graph\">{\"@context\":\"https:\/\/schema.org\",\"@graph\":[{\"@type\":\"WebPage\",\"@id\":\"https:\/\/canoekayakbretagne.fr\/index.php\/le-crbck__trashed\/presentation\/\",\"url\":\"https:\/\/canoekayakbretagne.fr\/index.php\/le-crbck__trashed\/presentation\/\",\"name\":\"Pr\u00e9sentation - Comit\u00e9 R\u00e9gional de Bretagne de Cano\u00eb-Kayak - CRBCK\",\"isPartOf\":{\"@id\":\"https:\/\/canoekayakbretagne.fr\/#website\"},\"datePublished\":\"2020-03-15T16:44:59+00:00\",\"breadcrumb\":{\"@id\":\"https:\/\/canoekayakbretagne.fr\/index.php\/le-crbck__trashed\/presentation\/#breadcrumb\"},\"inLanguage\":\"fr-FR\",\"potentialAction\":[{\"@type\":\"ReadAction\",\"target\":[\"https:\/\/canoekayakbretagne.fr\/index.php\/le-crbck__trashed\/presentation\/\"]}]},{\"@type\":\"BreadcrumbList\",\"@id\":\"https:\/\/canoekayakbretagne.fr\/index.php\/le-crbck__trashed\/presentation\/#breadcrumb\",\"itemListElement\":[{\"@type\":\"ListItem\",\"position\":1,\"name\":\"Accueil\",\"item\":\"https:\/\/canoekayakbretagne.fr\/\"},{\"@type\":\"ListItem\",\"position\":2,\"name\":\"Pr\u00e9sentation\"}]},{\"@type\":\"WebSite\",\"@id\":\"https:\/\/canoekayakbretagne.fr\/#website\",\"url\":\"https:\/\/canoekayakbretagne.fr\/\",\"name\":\"Comit\u00e9 R\u00e9gional de Bretagne de Cano\u00eb-Kayak - CRBCK\",\"description\":\"&quot;Les sports de pagaie, partout o\u00f9 il y a de l\u2019eau.&quot;\",\"publisher\":{\"@id\":\"https:\/\/canoekayakbretagne.fr\/#organization\"},\"potentialAction\":[{\"@type\":\"SearchAction\",\"target\":{\"@type\":\"EntryPoint\",\"urlTemplate\":\"https:\/\/canoekayakbretagne.fr\/?s={search_term_string}\"},\"query-input\":{\"@type\":\"PropertyValueSpecification\",\"valueRequired\":true,\"valueName\":\"search_term_string\"}}],\"inLanguage\":\"fr-FR\"},{\"@type\":\"Organization\",\"@id\":\"https:\/\/canoekayakbretagne.fr\/#organization\",\"name\":\"Comit\u00e9 R\u00e9gional de Bretagne de Cano\u00eb-Kayak - CRBCK\",\"url\":\"https:\/\/canoekayakbretagne.fr\/\",\"logo\":{\"@type\":\"ImageObject\",\"inLanguage\":\"fr-FR\",\"@id\":\"https:\/\/canoekayakbretagne.fr\/#\/schema\/logo\/image\/\",\"url\":\"https:\/\/canoekayakbretagne.fr\/wp-content\/uploads\/2022\/01\/cropped-LOGO_BRETAGNE_300x300.jpg\",\"contentUrl\":\"https:\/\/canoekayakbretagne.fr\/wp-content\/uploads\/2022\/01\/cropped-LOGO_BRETAGNE_300x300.jpg\",\"width\":300,\"height\":300,\"caption\":\"Comit\u00e9 R\u00e9gional de Bretagne de Cano\u00eb-Kayak - CRBCK\"},\"image\":{\"@id\":\"https:\/\/canoekayakbretagne.fr\/#\/schema\/logo\/image\/\"}}]}<\/script>\n<!-- \/ Yoast SEO plugin. -->","yoast_head_json":{"title":"Pr\u00e9sentation - Comit\u00e9 R\u00e9gional de Bretagne de Cano\u00eb-Kayak - CRBCK","robots":{"index":"index","follow":"follow","max-snippet":"max-snippet:-1","max-image-preview":"max-image-preview:large","max-video-preview":"max-video-preview:-1"},"canonical":"https:\/\/canoekayakbretagne.fr\/index.php\/le-crbck__trashed\/presentation\/","og_locale":"fr_FR","og_type":"article","og_title":"Pr\u00e9sentation - Comit\u00e9 R\u00e9gional de Bretagne de Cano\u00eb-Kayak - CRBCK","og_description":"L&rsquo;historique&nbsp; Le Comit\u00e9 R\u00e9gional Bretagne de Cano\u00eb existe depuis plus de 50 ans. 18 mars 1962 :&nbsp;&nbsp;na\u00eet \u00ab&nbsp;La Ligue de","og_url":"https:\/\/canoekayakbretagne.fr\/index.php\/le-crbck__trashed\/presentation\/","og_site_name":"Comit\u00e9 R\u00e9gional de Bretagne de Cano\u00eb-Kayak - CRBCK","twitter_card":"summary_large_image","twitter_misc":{"Dur\u00e9e de lecture estim\u00e9e":"2 minutes"},"schema":{"@context":"https:\/\/schema.org","@graph":[{"@type":"WebPage","@id":"https:\/\/canoekayakbretagne.fr\/index.php\/le-crbck__trashed\/presentation\/","url":"https:\/\/canoekayakbretagne.fr\/index.php\/le-crbck__trashed\/presentation\/","name":"Pr\u00e9sentation - Comit\u00e9 R\u00e9gional de Bretagne de Cano\u00eb-Kayak - CRBCK","isPartOf":{"@id":"https:\/\/canoekayakbretagne.fr\/#website"},"datePublished":"2020-03-15T16:44:59+00:00","breadcrumb":{"@id":"https:\/\/canoekayakbretagne.fr\/index.php\/le-crbck__trashed\/presentation\/#breadcrumb"},"inLanguage":"fr-FR","potentialAction":[{"@type":"ReadAction","target":["https:\/\/canoekayakbretagne.fr\/index.php\/le-crbck__trashed\/presentation\/"]}]},{"@type":"BreadcrumbList","@id":"https:\/\/canoekayakbretagne.fr\/index.php\/le-crbck__trashed\/presentation\/#breadcrumb","itemListElement":[{"@type":"ListItem","position":1,"name":"Accueil","item":"https:\/\/canoekayakbretagne.fr\/"},{"@type":"ListItem","position":2,"name":"Pr\u00e9sentation"}]},{"@type":"WebSite","@id":"https:\/\/canoekayakbretagne.fr\/#website","url":"https:\/\/canoekayakbretagne.fr\/","name":"Comit\u00e9 R\u00e9gional de Bretagne de Cano\u00eb-Kayak - CRBCK","description":"&quot;Les sports de pagaie, partout o\u00f9 il y a de l\u2019eau.&quot;","publisher":{"@id":"https:\/\/canoekayakbretagne.fr\/#organization"},"potentialAction":[{"@type":"SearchAction","target":{"@type":"EntryPoint","urlTemplate":"https:\/\/canoekayakbretagne.fr\/?s={search_term_string}"},"query-input":{"@type":"PropertyValueSpecification","valueRequired":true,"valueName":"search_term_string"}}],"inLanguage":"fr-FR"},{"@type":"Organization","@id":"https:\/\/canoekayakbretagne.fr\/#organization","name":"Comit\u00e9 R\u00e9gional de Bretagne de Cano\u00eb-Kayak - CRBCK","url":"https:\/\/canoekayakbretagne.fr\/","logo":{"@type":"ImageObject","inLanguage":"fr-FR","@id":"https:\/\/canoekayakbretagne.fr\/#\/schema\/logo\/image\/","url":"https:\/\/canoekayakbretagne.fr\/wp-content\/uploads\/2022\/01\/cropped-LOGO_BRETAGNE_300x300.jpg","contentUrl":"https:\/\/canoekayakbretagne.fr\/wp-content\/uploads\/2022\/01\/cropped-LOGO_BRETAGNE_300x300.jpg","width":300,"height":300,"caption":"Comit\u00e9 R\u00e9gional de Bretagne de Cano\u00eb-Kayak - CRBCK"},"image":{"@id":"https:\/\/canoekayakbretagne.fr\/#\/schema\/logo\/image\/"}}]}},"_links":{"self":[{"href":"https:\/\/canoekayakbretagne.fr\/index.php\/wp-json\/wp\/v2\/pages\/87","targetHints":{"allow":["GET"]}}],"collection":[{"href":"https:\/\/canoekayakbretagne.fr\/index.php\/wp-json\/wp\/v2\/pages"}],"about":[{"href":"https:\/\/canoekayakbretagne.fr\/index.php\/wp-json\/wp\/v2\/types\/page"}],"author":[{"embeddable":true,"href":"https:\/\/canoekayakbretagne.fr\/index.php\/wp-json\/wp\/v2\/users\/3"}],"replies":[{"embeddable":true,"href":"https:\/\/canoekayakbretagne.fr\/index.php\/wp-json\/wp\/v2\/comments?post=87"}],"version-history":[{"count":0,"href":"https:\/\/canoekayakbretagne.fr\/index.php\/wp-json\/wp\/v2\/pages\/87\/revisions"}],"wp:attachment":[{"href":"https:\/\/canoekayakbretagne.fr\/index.php\/wp-json\/wp\/v2\/media?parent=87"}],"curies":[{"name":"wp","href":"https:\/\/api.w.org\/{rel}","templated":true}]}}