{"id":977,"date":"2020-12-04T10:55:07","date_gmt":"2020-12-04T10:55:07","guid":{"rendered":"https:\/\/canoekayakbretagne.fr\/index.php\/championnats-regionaux\/"},"modified":"2026-03-20T11:45:21","modified_gmt":"2026-03-20T10:45:21","slug":"championnats-regionaux","status":"publish","type":"page","link":"https:\/\/canoekayakbretagne.fr\/index.php\/championnats-regionaux\/","title":{"rendered":"Championnats r\u00e9gionaux"},"content":{"rendered":"\t\t<div data-elementor-type=\"wp-page\" data-elementor-id=\"977\" class=\"elementor elementor-977\">\n\t\t\t\t\t\t<section class=\"elementor-section elementor-top-section elementor-element elementor-element-f423dec elementor-section-boxed elementor-section-height-default elementor-section-height-default\" data-id=\"f423dec\" data-element_type=\"section\" data-e-type=\"section\">\n\t\t\t\t\t\t<div class=\"elementor-container elementor-column-gap-default\">\n\t\t\t\t\t<div class=\"elementor-column elementor-col-100 elementor-top-column elementor-element elementor-element-a5e5a70\" data-id=\"a5e5a70\" data-element_type=\"column\" data-e-type=\"column\">\n\t\t\t<div class=\"elementor-widget-wrap\">\n\t\t\t\t\t\t\t<\/div>\n\t\t<\/div>\n\t\t\t\t\t<\/div>\n\t\t<\/section>\n\t\t\t\t<section class=\"elementor-section elementor-top-section elementor-element elementor-element-6504b2ed elementor-section-boxed elementor-section-height-default elementor-section-height-default\" data-id=\"6504b2ed\" data-element_type=\"section\" data-e-type=\"section\">\n\t\t\t\t\t\t<div class=\"elementor-container elementor-column-gap-default\">\n\t\t\t\t\t<div class=\"elementor-column elementor-col-100 elementor-top-column elementor-element elementor-element-78f77297\" data-id=\"78f77297\" data-element_type=\"column\" data-e-type=\"column\">\n\t\t\t<div class=\"elementor-widget-wrap elementor-element-populated\">\n\t\t\t\t\t\t<div class=\"elementor-element elementor-element-30ea906f elementor-widget elementor-widget-text-editor\" data-id=\"30ea906f\" data-element_type=\"widget\" data-e-type=\"widget\" data-widget_type=\"text-editor.default\">\n\t\t\t\t<div class=\"elementor-widget-container\">\n\t\t\t\t\t\t\t\t\t<p><strong><span style=\"color: #000080;\">Le championnat Jeunes\u00a0<\/span><\/strong><strong><span style=\"color: #000080;\"> Bzh Kayak Polo 2026<\/span><\/strong> se d\u00e9roulera le samedi 4 avril \u00e0 Vern-sur-Seiche.<\/p><div class=\"elementToProof\"><p class=\"elementToProof\">Cette comp\u00e9tition est ouverte \u00e0 l\u2019ensemble des clubs de Bretagne et a pour objectif de permettre aux jeunes de se rencontrer, de jouer et de partager un moment sportif et convivial autour du kayak polo.<\/p><\/div><div class=\"elementToProof\"><p class=\"elementToProof\">Les U12 : 3 joueurs<\/p><\/div><div class=\"elementToProof\"><p class=\"elementToProof\">Les U15 : 4 joueurs<\/p><\/div><div class=\"elementToProof\"><p class=\"elementToProof\">Les U18 : 5 joueurs<\/p><p class=\"elementToProof\">Les inscriptions des \u00e9quipes sont \u00e0 transmettre via le fichier ci-dessous <strong>avant le jeudi 2 avril par mail \u00e0 Geoffrey LEBRET<\/strong> &#8211;<span style=\"color: #000080;\"> <a style=\"color: #000080;\" href=\"mailto:usvcanoekayak@hotmail.fr\">usvcanoekayak@hotmail.fr<\/a><\/span><\/p><ul><li class=\"elementToProof\">Fiche d&rsquo;inscription : <span style=\"color: #000080;\"><a style=\"color: #000080;\" href=\"https:\/\/canoekayakbretagne.fr\/wp-content\/uploads\/2026\/03\/inscription-chpt-bzh-POLO-jeunes-a-Vern-4-Avril.odt\" target=\"_blank\" rel=\"noopener\">Inscription championnat jeunes BZH<\/a><\/span><\/li><\/ul><\/div>\t\t\t\t\t\t\t\t<\/div>\n\t\t\t\t<\/div>\n\t\t\t\t\t<\/div>\n\t\t<\/div>\n\t\t\t\t\t<\/div>\n\t\t<\/section>\n\t\t\t\t<section class=\"elementor-section elementor-top-section elementor-element elementor-element-70e8701 elementor-section-boxed elementor-section-height-default elementor-section-height-default\" data-id=\"70e8701\" data-element_type=\"section\" data-e-type=\"section\">\n\t\t\t\t\t\t<div class=\"elementor-container elementor-column-gap-default\">\n\t\t\t\t\t<div class=\"elementor-column elementor-col-100 elementor-top-column elementor-element elementor-element-418b0e8\" data-id=\"418b0e8\" data-element_type=\"column\" data-e-type=\"column\">\n\t\t\t<div class=\"elementor-widget-wrap\">\n\t\t\t\t\t\t\t<\/div>\n\t\t<\/div>\n\t\t\t\t\t<\/div>\n\t\t<\/section>\n\t\t\t\t<\/div>\n\t\t","protected":false},"excerpt":{"rendered":"<p>Le championnat Jeunes\u00a0 Bzh Kayak Polo 2026 se d\u00e9roulera le samedi 4 avril \u00e0 Vern-sur-Seiche. Cette comp\u00e9tition est ouverte \u00e0<\/p>\n","protected":false},"author":6,"featured_media":7433,"parent":0,"menu_order":0,"comment_status":"closed","ping_status":"closed","template":"","meta":{"colormag_page_container_layout":"default_layout","colormag_page_sidebar_layout":"default_layout","footnotes":""},"class_list":["post-977","page","type-page","status-publish","has-post-thumbnail","hentry"],"yoast_head":"<!-- This site is optimized with the Yoast SEO plugin v27.2 - https:\/\/yoast.com\/product\/yoast-seo-wordpress\/ -->\n<title>Championnats r\u00e9gionaux - Comit\u00e9 R\u00e9gional de Bretagne de Cano\u00eb-Kayak - CRBCK<\/title>\n<meta name=\"robots\" content=\"index, follow, max-snippet:-1, max-image-preview:large, max-video-preview:-1\" \/>\n<link rel=\"canonical\" href=\"https:\/\/canoekayakbretagne.fr\/index.php\/championnats-regionaux\/\" \/>\n<meta property=\"og:locale\" content=\"fr_FR\" \/>\n<meta property=\"og:type\" content=\"article\" \/>\n<meta property=\"og:title\" content=\"Championnats r\u00e9gionaux - Comit\u00e9 R\u00e9gional de Bretagne de Cano\u00eb-Kayak - CRBCK\" \/>\n<meta property=\"og:description\" content=\"Le championnat Jeunes\u00a0 Bzh Kayak Polo 2026 se d\u00e9roulera le samedi 4 avril \u00e0 Vern-sur-Seiche. Cette comp\u00e9tition est ouverte \u00e0\" \/>\n<meta property=\"og:url\" content=\"https:\/\/canoekayakbretagne.fr\/index.php\/championnats-regionaux\/\" \/>\n<meta property=\"og:site_name\" content=\"Comit\u00e9 R\u00e9gional de Bretagne de Cano\u00eb-Kayak - CRBCK\" \/>\n<meta property=\"article:modified_time\" content=\"2026-03-20T10:45:21+00:00\" \/>\n<meta property=\"og:image\" content=\"https:\/\/canoekayakbretagne.fr\/wp-content\/uploads\/2026\/03\/CHPT-BZH-JEUNES-KP-VERN-857x1024.png\" \/>\n\t<meta property=\"og:image:width\" content=\"857\" \/>\n\t<meta property=\"og:image:height\" content=\"1024\" \/>\n\t<meta property=\"og:image:type\" content=\"image\/png\" \/>\n<meta name=\"twitter:card\" content=\"summary_large_image\" \/>\n<meta name=\"twitter:label1\" content=\"Dur\u00e9e de lecture estim\u00e9e\" \/>\n\t<meta name=\"twitter:data1\" content=\"1 minute\" \/>\n<script type=\"application\/ld+json\" class=\"yoast-schema-graph\">{\"@context\":\"https:\/\/schema.org\",\"@graph\":[{\"@type\":\"WebPage\",\"@id\":\"https:\/\/canoekayakbretagne.fr\/index.php\/championnats-regionaux\/\",\"url\":\"https:\/\/canoekayakbretagne.fr\/index.php\/championnats-regionaux\/\",\"name\":\"Championnats r\u00e9gionaux - Comit\u00e9 R\u00e9gional de Bretagne de Cano\u00eb-Kayak - CRBCK\",\"isPartOf\":{\"@id\":\"https:\/\/canoekayakbretagne.fr\/#website\"},\"primaryImageOfPage\":{\"@id\":\"https:\/\/canoekayakbretagne.fr\/index.php\/championnats-regionaux\/#primaryimage\"},\"image\":{\"@id\":\"https:\/\/canoekayakbretagne.fr\/index.php\/championnats-regionaux\/#primaryimage\"},\"thumbnailUrl\":\"https:\/\/canoekayakbretagne.fr\/wp-content\/uploads\/2026\/03\/CHPT-BZH-JEUNES-KP-VERN.png\",\"datePublished\":\"2020-12-04T10:55:07+00:00\",\"dateModified\":\"2026-03-20T10:45:21+00:00\",\"breadcrumb\":{\"@id\":\"https:\/\/canoekayakbretagne.fr\/index.php\/championnats-regionaux\/#breadcrumb\"},\"inLanguage\":\"fr-FR\",\"potentialAction\":[{\"@type\":\"ReadAction\",\"target\":[\"https:\/\/canoekayakbretagne.fr\/index.php\/championnats-regionaux\/\"]}]},{\"@type\":\"ImageObject\",\"inLanguage\":\"fr-FR\",\"@id\":\"https:\/\/canoekayakbretagne.fr\/index.php\/championnats-regionaux\/#primaryimage\",\"url\":\"https:\/\/canoekayakbretagne.fr\/wp-content\/uploads\/2026\/03\/CHPT-BZH-JEUNES-KP-VERN.png\",\"contentUrl\":\"https:\/\/canoekayakbretagne.fr\/wp-content\/uploads\/2026\/03\/CHPT-BZH-JEUNES-KP-VERN.png\",\"width\":1331,\"height\":1590},{\"@type\":\"BreadcrumbList\",\"@id\":\"https:\/\/canoekayakbretagne.fr\/index.php\/championnats-regionaux\/#breadcrumb\",\"itemListElement\":[{\"@type\":\"ListItem\",\"position\":1,\"name\":\"Accueil\",\"item\":\"https:\/\/canoekayakbretagne.fr\/\"},{\"@type\":\"ListItem\",\"position\":2,\"name\":\"Championnats r\u00e9gionaux\"}]},{\"@type\":\"WebSite\",\"@id\":\"https:\/\/canoekayakbretagne.fr\/#website\",\"url\":\"https:\/\/canoekayakbretagne.fr\/\",\"name\":\"Comit\u00e9 R\u00e9gional de Bretagne de Cano\u00eb-Kayak - CRBCK\",\"description\":\"&quot;Les sports de pagaie, partout o\u00f9 il y a de l\u2019eau.&quot;\",\"publisher\":{\"@id\":\"https:\/\/canoekayakbretagne.fr\/#organization\"},\"potentialAction\":[{\"@type\":\"SearchAction\",\"target\":{\"@type\":\"EntryPoint\",\"urlTemplate\":\"https:\/\/canoekayakbretagne.fr\/?s={search_term_string}\"},\"query-input\":{\"@type\":\"PropertyValueSpecification\",\"valueRequired\":true,\"valueName\":\"search_term_string\"}}],\"inLanguage\":\"fr-FR\"},{\"@type\":\"Organization\",\"@id\":\"https:\/\/canoekayakbretagne.fr\/#organization\",\"name\":\"Comit\u00e9 R\u00e9gional de Bretagne de Cano\u00eb-Kayak - CRBCK\",\"url\":\"https:\/\/canoekayakbretagne.fr\/\",\"logo\":{\"@type\":\"ImageObject\",\"inLanguage\":\"fr-FR\",\"@id\":\"https:\/\/canoekayakbretagne.fr\/#\/schema\/logo\/image\/\",\"url\":\"https:\/\/canoekayakbretagne.fr\/wp-content\/uploads\/2022\/01\/cropped-LOGO_BRETAGNE_300x300.jpg\",\"contentUrl\":\"https:\/\/canoekayakbretagne.fr\/wp-content\/uploads\/2022\/01\/cropped-LOGO_BRETAGNE_300x300.jpg\",\"width\":300,\"height\":300,\"caption\":\"Comit\u00e9 R\u00e9gional de Bretagne de Cano\u00eb-Kayak - CRBCK\"},\"image\":{\"@id\":\"https:\/\/canoekayakbretagne.fr\/#\/schema\/logo\/image\/\"}}]}<\/script>\n<!-- \/ Yoast SEO plugin. -->","yoast_head_json":{"title":"Championnats r\u00e9gionaux - Comit\u00e9 R\u00e9gional de Bretagne de Cano\u00eb-Kayak - CRBCK","robots":{"index":"index","follow":"follow","max-snippet":"max-snippet:-1","max-image-preview":"max-image-preview:large","max-video-preview":"max-video-preview:-1"},"canonical":"https:\/\/canoekayakbretagne.fr\/index.php\/championnats-regionaux\/","og_locale":"fr_FR","og_type":"article","og_title":"Championnats r\u00e9gionaux - Comit\u00e9 R\u00e9gional de Bretagne de Cano\u00eb-Kayak - CRBCK","og_description":"Le championnat Jeunes\u00a0 Bzh Kayak Polo 2026 se d\u00e9roulera le samedi 4 avril \u00e0 Vern-sur-Seiche. Cette comp\u00e9tition est ouverte \u00e0","og_url":"https:\/\/canoekayakbretagne.fr\/index.php\/championnats-regionaux\/","og_site_name":"Comit\u00e9 R\u00e9gional de Bretagne de Cano\u00eb-Kayak - CRBCK","article_modified_time":"2026-03-20T10:45:21+00:00","og_image":[{"width":857,"height":1024,"url":"https:\/\/canoekayakbretagne.fr\/wp-content\/uploads\/2026\/03\/CHPT-BZH-JEUNES-KP-VERN-857x1024.png","type":"image\/png"}],"twitter_card":"summary_large_image","twitter_misc":{"Dur\u00e9e de lecture estim\u00e9e":"1 minute"},"schema":{"@context":"https:\/\/schema.org","@graph":[{"@type":"WebPage","@id":"https:\/\/canoekayakbretagne.fr\/index.php\/championnats-regionaux\/","url":"https:\/\/canoekayakbretagne.fr\/index.php\/championnats-regionaux\/","name":"Championnats r\u00e9gionaux - Comit\u00e9 R\u00e9gional de Bretagne de Cano\u00eb-Kayak - CRBCK","isPartOf":{"@id":"https:\/\/canoekayakbretagne.fr\/#website"},"primaryImageOfPage":{"@id":"https:\/\/canoekayakbretagne.fr\/index.php\/championnats-regionaux\/#primaryimage"},"image":{"@id":"https:\/\/canoekayakbretagne.fr\/index.php\/championnats-regionaux\/#primaryimage"},"thumbnailUrl":"https:\/\/canoekayakbretagne.fr\/wp-content\/uploads\/2026\/03\/CHPT-BZH-JEUNES-KP-VERN.png","datePublished":"2020-12-04T10:55:07+00:00","dateModified":"2026-03-20T10:45:21+00:00","breadcrumb":{"@id":"https:\/\/canoekayakbretagne.fr\/index.php\/championnats-regionaux\/#breadcrumb"},"inLanguage":"fr-FR","potentialAction":[{"@type":"ReadAction","target":["https:\/\/canoekayakbretagne.fr\/index.php\/championnats-regionaux\/"]}]},{"@type":"ImageObject","inLanguage":"fr-FR","@id":"https:\/\/canoekayakbretagne.fr\/index.php\/championnats-regionaux\/#primaryimage","url":"https:\/\/canoekayakbretagne.fr\/wp-content\/uploads\/2026\/03\/CHPT-BZH-JEUNES-KP-VERN.png","contentUrl":"https:\/\/canoekayakbretagne.fr\/wp-content\/uploads\/2026\/03\/CHPT-BZH-JEUNES-KP-VERN.png","width":1331,"height":1590},{"@type":"BreadcrumbList","@id":"https:\/\/canoekayakbretagne.fr\/index.php\/championnats-regionaux\/#breadcrumb","itemListElement":[{"@type":"ListItem","position":1,"name":"Accueil","item":"https:\/\/canoekayakbretagne.fr\/"},{"@type":"ListItem","position":2,"name":"Championnats r\u00e9gionaux"}]},{"@type":"WebSite","@id":"https:\/\/canoekayakbretagne.fr\/#website","url":"https:\/\/canoekayakbretagne.fr\/","name":"Comit\u00e9 R\u00e9gional de Bretagne de Cano\u00eb-Kayak - CRBCK","description":"&quot;Les sports de pagaie, partout o\u00f9 il y a de l\u2019eau.&quot;","publisher":{"@id":"https:\/\/canoekayakbretagne.fr\/#organization"},"potentialAction":[{"@type":"SearchAction","target":{"@type":"EntryPoint","urlTemplate":"https:\/\/canoekayakbretagne.fr\/?s={search_term_string}"},"query-input":{"@type":"PropertyValueSpecification","valueRequired":true,"valueName":"search_term_string"}}],"inLanguage":"fr-FR"},{"@type":"Organization","@id":"https:\/\/canoekayakbretagne.fr\/#organization","name":"Comit\u00e9 R\u00e9gional de Bretagne de Cano\u00eb-Kayak - CRBCK","url":"https:\/\/canoekayakbretagne.fr\/","logo":{"@type":"ImageObject","inLanguage":"fr-FR","@id":"https:\/\/canoekayakbretagne.fr\/#\/schema\/logo\/image\/","url":"https:\/\/canoekayakbretagne.fr\/wp-content\/uploads\/2022\/01\/cropped-LOGO_BRETAGNE_300x300.jpg","contentUrl":"https:\/\/canoekayakbretagne.fr\/wp-content\/uploads\/2022\/01\/cropped-LOGO_BRETAGNE_300x300.jpg","width":300,"height":300,"caption":"Comit\u00e9 R\u00e9gional de Bretagne de Cano\u00eb-Kayak - CRBCK"},"image":{"@id":"https:\/\/canoekayakbretagne.fr\/#\/schema\/logo\/image\/"}}]}},"_links":{"self":[{"href":"https:\/\/canoekayakbretagne.fr\/index.php\/wp-json\/wp\/v2\/pages\/977","targetHints":{"allow":["GET"]}}],"collection":[{"href":"https:\/\/canoekayakbretagne.fr\/index.php\/wp-json\/wp\/v2\/pages"}],"about":[{"href":"https:\/\/canoekayakbretagne.fr\/index.php\/wp-json\/wp\/v2\/types\/page"}],"author":[{"embeddable":true,"href":"https:\/\/canoekayakbretagne.fr\/index.php\/wp-json\/wp\/v2\/users\/6"}],"replies":[{"embeddable":true,"href":"https:\/\/canoekayakbretagne.fr\/index.php\/wp-json\/wp\/v2\/comments?post=977"}],"version-history":[{"count":25,"href":"https:\/\/canoekayakbretagne.fr\/index.php\/wp-json\/wp\/v2\/pages\/977\/revisions"}],"predecessor-version":[{"id":7440,"href":"https:\/\/canoekayakbretagne.fr\/index.php\/wp-json\/wp\/v2\/pages\/977\/revisions\/7440"}],"wp:featuredmedia":[{"embeddable":true,"href":"https:\/\/canoekayakbretagne.fr\/index.php\/wp-json\/wp\/v2\/media\/7433"}],"wp:attachment":[{"href":"https:\/\/canoekayakbretagne.fr\/index.php\/wp-json\/wp\/v2\/media?parent=977"}],"curies":[{"name":"wp","href":"https:\/\/api.w.org\/{rel}","templated":true}]}}